{"id":941,"date":"2017-07-13T11:03:37","date_gmt":"2017-07-13T16:03:37","guid":{"rendered":"http:\/\/www.agenciapyme.com\/centrodenegocios\/?post_type=product&#038;p=941"},"modified":"2017-07-13T11:07:56","modified_gmt":"2017-07-13T16:07:56","slug":"be-mas-drink-bebida-antioxidante-de-lychee-cranberry-grupo-jaramillo-4-000","status":"publish","type":"product","link":"https:\/\/www.agenciapyme.com\/centrodenegocios\/product\/be-mas-drink-bebida-antioxidante-de-lychee-cranberry-grupo-jaramillo-4-000\/","title":{"rendered":"Be Mas Drink Bebida Antioxidante de Lychee Cranberry  GRUPO JARAMILLO   $4.000"},"content":{"rendered":"<p><img data-recalc-dims=\"1\" loading=\"lazy\" decoding=\"async\" class=\"wp-image-918 alignleft\" src=\"https:\/\/i0.wp.com\/www.agenciapyme.com\/centrodenegocios\/wp-content\/uploads\/2017\/07\/logo.jpg?resize=253%2C141\" alt=\"\" width=\"253\" height=\"141\" srcset=\"https:\/\/i0.wp.com\/www.agenciapyme.com\/centrodenegocios\/wp-content\/uploads\/2017\/07\/logo.jpg?resize=300%2C167&amp;ssl=1 300w, https:\/\/i0.wp.com\/www.agenciapyme.com\/centrodenegocios\/wp-content\/uploads\/2017\/07\/logo.jpg?w=360&amp;ssl=1 360w\" sizes=\"auto, (max-width: 253px) 100vw, 253px\" \/><\/p>\n<p><em><strong>GRUPO EMPRESARIAL JARAMILLO S.A.S.<\/strong> <\/em>\u00a0\u00a0Somos una empresa dedicada a la fabricaci\u00f3n, dise\u00f1o y comercializaci\u00f3n de productos de origen natural con altos contenidos nutricionales, las cuales cumplen con altos est\u00e1ndares de calidad y que tienen como objetivo satisfacer las exigencias de nuestros clientes, con productos novedosos que favorezcan su bienestar.<\/p>\n<p>Nuestra\u00a0propuesta\u00a0es ofrecer nuestros productos Jugos Jara\u00ae al igual que nuestra l\u00ednea de Productos Tipo Premium, ya que el concepto Gourmet y Funcional que\u00a0soportan\u00a0nuestros productos\u00a0podr\u00edan\u00a0apalancar de\u00a0manera\u00a0significativa\u00a0la estrategia de consumo saludable que se viene adelantando a nivel mundial.<\/p>\n<p>&nbsp;<\/p>\n<p>Somos el plan de negocio ganador de la convocatoria #21 de fondo emprender en el a\u00f1o 2012, para lo cual contamos con el respaldo del SENA, Fondo Emprender, FONADE y la Presidencia de la Rep\u00fablica.<\/p>\n<p>&nbsp;<\/p>\n<p><center><iframe loading=\"lazy\" src=\"https:\/\/www.youtube.com\/embed\/zN6lBphzb4I\" width=\"560\" height=\"315\" frameborder=\"0\" allowfullscreen=\"allowfullscreen\" data-mce-fragment=\"1\"><\/iframe><\/center><strong>PUBLICACIONES ANTERIORES DEL GRUPO JARAMILLO:<\/strong><\/p>\n<ul>\n<li>\u00a0<a href=\"https:\/\/www.agenciapyme.com\/2017\/04\/04\/jugos-jara-delicias-frutales-empacadas-con-pasion-y-color\/\" target=\"_blank\" rel=\"noopener\">Jugos Jara: Delicias frutales empacadas con pasi\u00f3n y color<\/a><\/li>\n<li><a href=\"https:\/\/www.agenciapyme.com\/2017\/06\/09\/bio-koko-drink-emprendimiento-que-crea-y-comercializa-la-primera-bebida-de-nata-de-coco-en-colombia\/\" target=\"_blank\" rel=\"noopener\">Bio Koko Drink, emprendimiento que crea y comercializa la primera bebida de nata de coco en Colombia<\/a><\/li>\n<li><a href=\"https:\/\/www.agenciapyme.com\/2017\/02\/10\/comparta-bienestar-comiendo-alcaguete\/\" target=\"_blank\" rel=\"noopener\">Comparta bienestar comiendo alcag\u00fcete<\/a><\/li>\n<\/ul>\n<p><strong>P\u00c1GINA WEB<\/strong>:\u00a0<a href=\"http:\/\/www.grupojaramillo.co\" target=\"_blank\" rel=\"noopener\">www.grupojaramillo.co<\/a><\/p>\n<p>DIRECCI\u00d3N: Calle 69 No. 10 A 29 Bogot\u00e1, Colombia<\/p>\n<p><center><iframe loading=\"lazy\" src=\"https:\/\/www.google.com\/maps\/embed?pb=!1m18!1m12!1m3!1d3976.664644858921!2d-74.06269638554126!3d4.653760396619489!2m3!1f0!2f0!3f0!3m2!1i1024!2i768!4f13.1!3m3!1m2!1s0x8e3f9a4461e8c5c1%3A0xe344c79b51e649a1!2sCl.+69+%2310a-29%2C+Bogot%C3%A1!5e0!3m2!1ses!2sco!4v1499877672705\" width=\"560\" height=\"315\" frameborder=\"0\" allowfullscreen=\"allowfullscreen\" data-mce-fragment=\"1\">&amp;amp;amp;amp;lt;strong&amp;amp;amp;amp;gt;<span data-toggle=\"tooltip\"  rel=\"tooltip\" data-placement=\"top\" title=\"PABLO A. JARAMILLO MEJ\u00cdA, celular: 3206465665, correo: pablo.jaramillo@grupojaramillo.co, tel\u00e9fono fijo: 57 (1) 7291437 Skype ID: grupojara, Direcci\u00f3n: Cll 69 No. 10 A-29 P1 Bogot\u00e1 D.C - Colombia\">INFORMACI\u00d3N DE CONTACTO<\/span>&amp;amp;amp;amp;lt;\/strong&amp;amp;amp;amp;gt;&amp;amp;amp;lt;br \/&amp;amp;amp;gt;&amp;amp;lt;br \/&amp;amp;gt;&amp;lt;br \/&amp;gt;&lt;br \/&gt;<br \/>\n&amp;amp;amp;amp;lt;p&amp;amp;amp;amp;gt;\u00a0&amp;amp;amp;amp;lt;\/p&amp;amp;amp;amp;gt;&amp;amp;amp;lt;br \/&amp;amp;amp;gt;&amp;amp;lt;br \/&amp;amp;gt;&amp;lt;br \/&amp;gt;&lt;br \/&gt;<br \/>\n&amp;amp;amp;amp;lt;p&amp;amp;amp;amp;gt;&amp;amp;amp;amp;lt;\/p&amp;amp;amp;amp;gt;<\/iframe><\/center><center><\/center><center><strong><span data-toggle=\"tooltip\"  rel=\"tooltip\" data-placement=\"top\" title=\"PABLO A. JARAMILLO MEJ\u00cdA, celular: 3206465665, correo: pablo.jaramillo@grupojaramillo.co, tel\u00e9fono fijo: 57 (1) 7291437 Skype ID: grupojara, Direcci\u00f3n: Cll 69 No. 10 A-29 P1 Bogot\u00e1 D.C - Colombia\">INFORMACI\u00d3N DE CONTACTO<\/span><\/strong><\/center><\/p>\n","protected":false},"excerpt":{"rendered":"<p>El sabor floral de Lychee acompa\u00f1ado por unas notas amargas del Cranberry hacen de este un sabor refrescante y ligero.<\/p>\n<ul>\n<li>Bebida con miel de caf\u00e9.<\/li>\n<li>Bebida con alto poder antioxidante.<\/li>\n<li>Sin az\u00facar a\u00f1adida.<\/li>\n<li>Alto contenido de Vitamina E, Vitamina C, minerales y Betacarotenos.<\/li>\n<\/ul>\n<p><strong>PRESENTACI\u00d3N<\/strong>: Frasco de 250 ml.<\/p>\n<p><strong>EL PODER DE LOS ANTIOXIDANTES<\/strong><\/p>\n<p>En los \u00faltimos a\u00f1os se han venido investigando el papel de los antioxidantes y su relaci\u00f3n dentro de las enfermedades de m\u00e1ximo impacto en occidente, como las cardiovasculares, numerosos tipos de c\u00e1ncer, sida, o incluso otras asociadas al con el proceso de envejecimiento, como las cataratas y las alteraciones del sistema nervioso. La respiraci\u00f3n en presencia de ox\u00edgeno es esencial en la vida celular, pero como consecuencia de la misma se producen &#8220;radicales libres&#8221; y otras &#8220;mol\u00e9culas ox\u00edgeno reactivas&#8221;, que si no son controladas adecuadamente, pueden ocasionar a lo largo de la vida efectos negativos.<\/p>\n<p><em>El precio publicado incluye IVA<\/em><\/p>\n<p><strong>Grupo Empresarial Jaramillo S.A.S<\/strong>. \u00a0Ofrece estos productos para ser comercializados en el territorio colombiano y a nivel internacional.<\/p>\n<p style=\"text-align: center;\"><strong>[tcbdtooltip_text title=\"PABLO A. JARAMILLO MEJ\u00cdA, celular: 3206465665, correo: pablo.jaramillo@grupojaramillo.co, tel\u00e9fono fijo: 57 (1) 7291437 Skype ID: grupojara, Direcci\u00f3n: Cll 69 No. 10 A-29 P1 Bogot\u00e1 D.C - Colombia\" place=\"top\"]INFORMACI\u00d3N DE CONTACTO[\/tcbdtooltip_text]<\/strong><\/p>\n","protected":false},"featured_media":942,"comment_status":"open","ping_status":"closed","template":"","meta":{"jetpack_post_was_ever_published":false,"jetpack_publicize_message":"","jetpack_publicize_feature_enabled":true,"jetpack_social_post_already_shared":false,"jetpack_social_options":{"image_generator_settings":{"template":"highway","enabled":false},"version":2}},"product_brand":[],"product_cat":[347,28],"product_tag":[362,363,351,349,350,176,358,364],"class_list":{"0":"post-941","1":"product","2":"type-product","3":"status-publish","4":"has-post-thumbnail","6":"product_cat-jugos-y-bebidas","7":"product_cat-productos-naturales","8":"product_tag-be-mas-drink","9":"product_tag-bebida-antioxidante","10":"product_tag-bebidas","11":"product_tag-grupo-empresarial-jaramillo","12":"product_tag-jugos","13":"product_tag-producto-natural","14":"product_tag-productos-saludables","15":"product_tag-refrescos","17":"first","18":"instock","19":"shipping-taxable","20":"product-type-simple"},"jetpack_publicize_connections":[],"jetpack_sharing_enabled":true,"_links":{"self":[{"href":"https:\/\/www.agenciapyme.com\/centrodenegocios\/wp-json\/wp\/v2\/product\/941","targetHints":{"allow":["GET"]}}],"collection":[{"href":"https:\/\/www.agenciapyme.com\/centrodenegocios\/wp-json\/wp\/v2\/product"}],"about":[{"href":"https:\/\/www.agenciapyme.com\/centrodenegocios\/wp-json\/wp\/v2\/types\/product"}],"replies":[{"embeddable":true,"href":"https:\/\/www.agenciapyme.com\/centrodenegocios\/wp-json\/wp\/v2\/comments?post=941"}],"wp:featuredmedia":[{"embeddable":true,"href":"https:\/\/www.agenciapyme.com\/centrodenegocios\/wp-json\/wp\/v2\/media\/942"}],"wp:attachment":[{"href":"https:\/\/www.agenciapyme.com\/centrodenegocios\/wp-json\/wp\/v2\/media?parent=941"}],"wp:term":[{"taxonomy":"product_brand","embeddable":true,"href":"https:\/\/www.agenciapyme.com\/centrodenegocios\/wp-json\/wp\/v2\/product_brand?post=941"},{"taxonomy":"product_cat","embeddable":true,"href":"https:\/\/www.agenciapyme.com\/centrodenegocios\/wp-json\/wp\/v2\/product_cat?post=941"},{"taxonomy":"product_tag","embeddable":true,"href":"https:\/\/www.agenciapyme.com\/centrodenegocios\/wp-json\/wp\/v2\/product_tag?post=941"}],"curies":[{"name":"wp","href":"https:\/\/api.w.org\/{rel}","templated":true}]}}