{"id":851,"date":"2017-06-29T18:26:37","date_gmt":"2017-06-29T23:26:37","guid":{"rendered":"http:\/\/www.agenciapyme.com\/centrodenegocios\/?post_type=product&#038;p=851"},"modified":"2017-07-11T18:47:48","modified_gmt":"2017-07-11T23:47:48","slug":"kahai-oil-aceite-facial-anti-edad-x-30ml-kahai-150-000","status":"publish","type":"product","link":"https:\/\/www.agenciapyme.com\/centrodenegocios\/product\/kahai-oil-aceite-facial-anti-edad-x-30ml-kahai-150-000\/","title":{"rendered":"Kahai Oil Aceite Facial Anti-Edad X 30ml  KAHAI   $150.000"},"content":{"rendered":"<p><strong>KAHAI S.A.S<\/strong>. \u00a0es la primera compa\u00f1\u00eda en el mundo en industrializar el \u201cCacay\u201d, un \u00e1rbol Amaz\u00f3nico que produce nueces muy nutritivas, de las que se extrae un preciado aceite para el cuidado de la piel y del cabello.<\/p>\n<p class=\"font_8\" style=\"text-align: left;\">Nuestra misi\u00f3n es establecer el cultivo de Cacay como alternativa para el desarrollo econ\u00f3mico sostenible, y convertirlo en \u00edcono de la biodiversidad Colombiana.<\/p>\n<p>&nbsp;<\/p>\n<p><img data-recalc-dims=\"1\" loading=\"lazy\" decoding=\"async\" class=\"wp-image-900 size-medium alignright\" src=\"https:\/\/i0.wp.com\/www.agenciapyme.com\/centrodenegocios\/wp-content\/uploads\/2017\/06\/Apto-para-todo-tipo-de-piel-01.jpg?resize=300%2C242\" alt=\"\" width=\"300\" height=\"242\" srcset=\"https:\/\/i0.wp.com\/www.agenciapyme.com\/centrodenegocios\/wp-content\/uploads\/2017\/06\/Apto-para-todo-tipo-de-piel-01.jpg?resize=300%2C242&amp;ssl=1 300w, https:\/\/i0.wp.com\/www.agenciapyme.com\/centrodenegocios\/wp-content\/uploads\/2017\/06\/Apto-para-todo-tipo-de-piel-01.jpg?resize=768%2C621&amp;ssl=1 768w, https:\/\/i0.wp.com\/www.agenciapyme.com\/centrodenegocios\/wp-content\/uploads\/2017\/06\/Apto-para-todo-tipo-de-piel-01.jpg?resize=1024%2C828&amp;ssl=1 1024w, https:\/\/i0.wp.com\/www.agenciapyme.com\/centrodenegocios\/wp-content\/uploads\/2017\/06\/Apto-para-todo-tipo-de-piel-01.jpg?w=2340 2340w\" sizes=\"auto, (max-width: 300px) 100vw, 300px\" \/><img data-recalc-dims=\"1\" loading=\"lazy\" decoding=\"async\" class=\"wp-image-902 size-medium alignnone\" src=\"https:\/\/i0.wp.com\/www.agenciapyme.com\/centrodenegocios\/wp-content\/uploads\/2017\/06\/man%CC%83ana-noche.jpg?resize=300%2C237\" alt=\"\" width=\"300\" height=\"237\" srcset=\"https:\/\/i0.wp.com\/www.agenciapyme.com\/centrodenegocios\/wp-content\/uploads\/2017\/06\/man%CC%83ana-noche.jpg?resize=300%2C237&amp;ssl=1 300w, https:\/\/i0.wp.com\/www.agenciapyme.com\/centrodenegocios\/wp-content\/uploads\/2017\/06\/man%CC%83ana-noche.jpg?resize=768%2C607&amp;ssl=1 768w, https:\/\/i0.wp.com\/www.agenciapyme.com\/centrodenegocios\/wp-content\/uploads\/2017\/06\/man%CC%83ana-noche.jpg?w=903&amp;ssl=1 903w\" sizes=\"auto, (max-width: 300px) 100vw, 300px\" \/><\/p>\n<p>&nbsp;<\/p>\n<p class=\"font_8\" style=\"text-align: left;\">Este oleo seco de\u00a0<strong>KahaiTM<\/strong>\u00a0re\u00fane las mejores propiedades de algunos de los aceites m\u00e1s apetecidos en industria cosm\u00e9tica. Contiene 50% m\u00e1s Vitamina E y el doble de \u00c1cido Linol\u00e9ico que el aceite de Arg\u00e1n, y tiene 3 veces m\u00e1s Retinol que el aceite de Rosa Mosqueta. El \u00e1cido Linol\u00e9ico o como se le conoce en cosm\u00e9tica Vitamina F, es la vitamina por excelencia para pieles deshidratadas y secas. Es un notable regenerador capaz de atenuar arrugas e imperfecciones. Restaura la barrera protectora de la piel, aumentando su resistencia frente a agresiones externas.\u00a0<strong>KahaiTM<\/strong>\u00a0es uno de los aceites con mayor contenido de Vitamina E, que aporta nutrici\u00f3n a las c\u00e9lulas y es un poderoso antioxidante que las protege de los efectos nocivos de los radicales libres, que son la principal causa del envejecimiento.<\/p>\n<p>&nbsp;<\/p>\n<p><img data-recalc-dims=\"1\" loading=\"lazy\" decoding=\"async\" class=\"aligncenter wp-image-901 size-large\" src=\"https:\/\/i0.wp.com\/www.agenciapyme.com\/centrodenegocios\/wp-content\/uploads\/2017\/06\/3d-arruga-12.jpg?resize=1024%2C710\" alt=\"\" width=\"1024\" height=\"710\" srcset=\"https:\/\/i0.wp.com\/www.agenciapyme.com\/centrodenegocios\/wp-content\/uploads\/2017\/06\/3d-arruga-12.jpg?resize=1024%2C710&amp;ssl=1 1024w, https:\/\/i0.wp.com\/www.agenciapyme.com\/centrodenegocios\/wp-content\/uploads\/2017\/06\/3d-arruga-12.jpg?resize=300%2C208&amp;ssl=1 300w, https:\/\/i0.wp.com\/www.agenciapyme.com\/centrodenegocios\/wp-content\/uploads\/2017\/06\/3d-arruga-12.jpg?resize=768%2C532&amp;ssl=1 768w, https:\/\/i0.wp.com\/www.agenciapyme.com\/centrodenegocios\/wp-content\/uploads\/2017\/06\/3d-arruga-12.jpg?w=1526&amp;ssl=1 1526w\" sizes=\"auto, (max-width: 1024px) 100vw, 1024px\" \/><\/p>\n<p style=\"text-align: left;\">El Retinol es conocido como la vitamina anti envejecimiento, ya que activa el proceso natural de renovaci\u00f3n de la piel, promueve la regeneraci\u00f3n celular y estimula la producci\u00f3n de col\u00e1geno y elastina. Estudios cl\u00ednicos desarrollados por Derma Consult en Alemania comprueban la eficacia del aceite de\u00a0<strong>KahaiTM<\/strong>\u00a0para combatir los signos visibles del envejecimiento. 95% de los pacientes mostraron una reducci\u00f3n de hasta 45% en el volumen de las arrugas, en tan solo 4 semanas de uso. El aceite de KahaiTM fue probado dermatol\u00f3gicamente, demostrando que es apto para piel sensible y seguro para usar durante el d\u00eda.<\/p>\n<p>&nbsp;<\/p>\n<p><center><iframe loading=\"lazy\" src=\"https:\/\/www.youtube.com\/embed\/-K-F9RTfPeA\" width=\"560\" height=\"315\" frameborder=\"0\" allowfullscreen=\"allowfullscreen\" data-mce-fragment=\"1\"><\/iframe><\/center><\/p>\n<p class=\"font_8\"><strong><span class=\"wixGuard\">\u200b<\/span>Kahai SAS<\/strong> est\u00e1 dedicada a la producci\u00f3n, transformaci\u00f3n y comercializaci\u00f3n de productos derivados del \u00e1rbol de Cacay.<\/p>\n<p class=\"font_8\">Integramos toda la cadena de valor desde recolecci\u00f3n silvestre, donde desarrollamos campa\u00f1as educativas para dar a conocer el potencial de la especie y evitar que siga siendo deforestada por su le\u00f1a. A trav\u00e9s de la cosecha silvestre estamos generando ingresos a m\u00e1s de 200 familias campesinas e ind\u00edgenas en zonas de conflicto.<\/p>\n<p><strong>PUBLICACIONES ANTERIORES<\/strong>:\u00a0<a href=\"https:\/\/www.agenciapyme.com\/2017\/06\/21\/kahai-desarrolla-industria-del-cacay-de-manera-sostenible-en-colombia-y-exporta-sus-productos-alrededor-del-mundo\/\" target=\"_blank\" rel=\"noopener\">Kahai desarrolla industria del Cacay de manera sostenible en Colombia y exporta sus productos alrededor del mundo<\/a><\/p>\n<p><strong>P\u00c1GINA WEB:<\/strong>\u00a0<a href=\"http:\/\/www.kahai.co\">www.kahai.co<\/a><\/p>\n<p>DIRECCI\u00d3N: Carrera 15 # 134 A 55 Oficina 702, Bogot\u00e1, Colombia.<\/p>\n<p><center><iframe loading=\"lazy\" src=\"https:\/\/www.google.com\/maps\/embed?pb=!1m18!1m12!1m3!1d3976.300815028684!2d-74.04489158579953!3d4.717718642824739!2m3!1f0!2f0!3f0!3m2!1i1024!2i768!4f13.1!3m3!1m2!1s0x8e3f854530a0212b%3A0xa4312f6d804ca6d5!2sCra.+15+%23134a-55%2C+Bogot%C3%A1!5e0!3m2!1ses!2sco!4v1498779491905\" width=\"560\" height=\"315\" frameborder=\"0\" allowfullscreen=\"allowfullscreen\" data-mce-fragment=\"1\"><\/iframe><\/center><center><\/center><center><\/center><center><\/center><center><\/center><center><\/center><center><strong><span data-toggle=\"tooltip\"  rel=\"tooltip\" data-placement=\"top\" title=\"ALBERTO JARAMILLO celular 3146629789, SANDRA OLARTE celular: 3132900959, Tel\u00e9fono fijo: (57 1) 6261962, correos: info@kahai.co, kahaioil@kahai.co, \">INFORMACI\u00d3N DE CONTACTO<\/span><\/strong><\/center><\/p>\n<p class=\"font_8\" style=\"text-align: left;\"><strong><span class=\"wixGuard\">\u200b<\/span><\/strong><\/p>\n<p>&nbsp;<\/p>\n","protected":false},"excerpt":{"rendered":"<p><strong>KahaiTM<\/strong> es un anti edad 100% natural, con estudios cl\u00ednicos que comprueban su eficacia. Este suero concentrado es libre de fragancia, de r\u00e1pida absorci\u00f3n con efecto seco, apto para todo tipo de piel (Dermatol\u00f3gicamente probado. Apto para piel sensible). Su uso frecuente mejora la hidrataci\u00f3n, firmeza y elasticidad de la piel, e intensifica su ciclo natural de renovaci\u00f3n, revitaliz\u00e1ndola, devolvi\u00e9ndole su luminosidad, tersura y reduciendo las arrugas. En el cabello funciona como tratamiento nutritivo y termo protector que proporciona brillo, sedosidad y evita las puntas abiertas.<\/p>\n<p><strong>Caracter\u00edsticas<\/strong>:<\/p>\n<ul>\n<li>Anti-Edad 100% Natural probado cl\u00ednicamente en Alemania<\/li>\n<li>Rico en Vitamina E, F &amp; Retinol<\/li>\n<li>Nutre, suaviza y repara.<\/li>\n<li>Reduce arrugas, Devuelve la luminosidad de la piel, Proporciona una hidrataci\u00f3n prolongas, Mejora la Elasticidad y Firmeza.<\/li>\n<li>Dermatol\u00f3gicamente probado, apto para piel sensible y seguro para usar en el d\u00eda.<\/li>\n<li>Sustentable &#8211; No probado en Animales.<\/li>\n<\/ul>\n<p>&nbsp;<\/p>\n<ul>\n<li><strong>Modo de uso:\u00a0<\/strong>\u00a0Sobre la Piel limpia aplique en rostro, cuello, escote y manos, en la ma\u00f1ana despu\u00e9s del ba\u00f1o y en la noche antes de dormir. En el cabello h\u00famedo o seco, aplique realizando un ligero masaje. No necesita enjuagar.<\/li>\n<\/ul>\n<p>El valor publicado incluye IVA.<\/p>\n<p><strong>Kahai S.A.S<\/strong>. ofrece sus productos para ser comercializados a nivel nacional e internacional.<\/p>\n<p>&nbsp;<\/p>\n<p style=\"text-align: center;\"><strong>[tcbdtooltip_text title=\"ALBERTO JARAMILLO celular 3146629789, SANDRA OLARTE celular: 3132900959, Tel\u00e9fonos fijo: (57 1) 6261962, correos: info@kahai.co, kahaioil@kahai.co, \" place=\"top\"]INFORMACI\u00d3N DE CONTACTO[\/tcbdtooltip_text]<\/strong><\/p>\n","protected":false},"featured_media":852,"comment_status":"open","ping_status":"closed","template":"","meta":{"jetpack_post_was_ever_published":false,"jetpack_publicize_message":"","jetpack_publicize_feature_enabled":true,"jetpack_social_post_already_shared":false,"jetpack_social_options":{"image_generator_settings":{"template":"highway","enabled":false},"version":2}},"product_brand":[],"product_cat":[178,324],"product_tag":[326,323,327,329,328,325,330],"class_list":{"0":"post-851","1":"product","2":"type-product","3":"status-publish","4":"has-post-thumbnail","6":"product_cat-cuidado-del-cabello","7":"product_cat-cuidado-facial","8":"product_tag-aceite-facial-anti-edad","9":"product_tag-bogota","10":"product_tag-cacay","11":"product_tag-cuidado-del-cabello","12":"product_tag-cuidado-facial","13":"product_tag-kahai","14":"product_tag-villavicencio","16":"first","17":"instock","18":"shipping-taxable","19":"product-type-simple"},"jetpack_publicize_connections":[],"jetpack_sharing_enabled":true,"_links":{"self":[{"href":"https:\/\/www.agenciapyme.com\/centrodenegocios\/wp-json\/wp\/v2\/product\/851","targetHints":{"allow":["GET"]}}],"collection":[{"href":"https:\/\/www.agenciapyme.com\/centrodenegocios\/wp-json\/wp\/v2\/product"}],"about":[{"href":"https:\/\/www.agenciapyme.com\/centrodenegocios\/wp-json\/wp\/v2\/types\/product"}],"replies":[{"embeddable":true,"href":"https:\/\/www.agenciapyme.com\/centrodenegocios\/wp-json\/wp\/v2\/comments?post=851"}],"wp:featuredmedia":[{"embeddable":true,"href":"https:\/\/www.agenciapyme.com\/centrodenegocios\/wp-json\/wp\/v2\/media\/852"}],"wp:attachment":[{"href":"https:\/\/www.agenciapyme.com\/centrodenegocios\/wp-json\/wp\/v2\/media?parent=851"}],"wp:term":[{"taxonomy":"product_brand","embeddable":true,"href":"https:\/\/www.agenciapyme.com\/centrodenegocios\/wp-json\/wp\/v2\/product_brand?post=851"},{"taxonomy":"product_cat","embeddable":true,"href":"https:\/\/www.agenciapyme.com\/centrodenegocios\/wp-json\/wp\/v2\/product_cat?post=851"},{"taxonomy":"product_tag","embeddable":true,"href":"https:\/\/www.agenciapyme.com\/centrodenegocios\/wp-json\/wp\/v2\/product_tag?post=851"}],"curies":[{"name":"wp","href":"https:\/\/api.w.org\/{rel}","templated":true}]}}