{"id":795,"date":"2017-06-08T20:51:46","date_gmt":"2017-06-09T01:51:46","guid":{"rendered":"http:\/\/agenciapyme.com\/centrodenegocios\/?post_type=product&#038;p=795"},"modified":"2017-06-13T14:52:36","modified_gmt":"2017-06-13T19:52:36","slug":"miel-de-abejas","status":"publish","type":"product","link":"https:\/\/www.agenciapyme.com\/centrodenegocios\/product\/miel-de-abejas\/","title":{"rendered":"Miel de Abejas frasco X 340g APIARIOS DE LA SABANA   $8.000"},"content":{"rendered":"<div><strong>APIARIOS DE LA SABANA<\/strong> fue creada en enero 2016, tiene una antig\u00fcedad legalmente de 2 a\u00f1os en el mercado de la ciudad de Sincelejo, la idea del negocio surgi\u00f3 por la necesidad de trabajar y formar empresa para tener un mejor nivel de vida.<\/div>\n<div><\/div>\n<div>El conocimiento de c\u00f3mo trabajar las colmenas se adquiri\u00f3 de una trayectoria familiar de hace 25 a\u00f1os aproximadamente, \u00a0en donde el se\u00f1or Juan David Lidue\u00f1as Oliveros criado en sus primeros a\u00f1os de vida, al lado de Mr. Donal Whiteside, un misionero canadiense que llego a estas tierras sucre\u00f1as a llevar el evangelio y ense\u00f1ar a los nuevos creyentes la actividad ap\u00edcola.<\/div>\n<div><\/div>\n<div>A\u00f1os despu\u00e9s, luego de pasar por todos los cargos en una empresa ap\u00edcola que antes era de Mr. Donal Whiteside\u00a0y de la cual su mama era socia y haber culminado estudios de pregrado y posgrado y seguir trabajado las abejas de forma constante pero sin mayor impulso, decide por \u00a0iniciativa de su esposa Kettis C\u00e1ceres Pestana crear la empresa APIARIOS DE LA SABANA SAS.<\/div>\n<div><\/div>\n<div>Legalmente APIARIOS DE LA SABANA S.A.S. se funda con ayuda del Fondo Emprender en al a\u00f1o 2016, considerada un caso de \u00e9xito dentro de esta unidad en este a\u00f1o.<\/div>\n<div><\/div>\n<div><strong>PUBLICACIONES ANTERIORES<\/strong>:\u00a0<a href=\"https:\/\/www.agenciapyme.com\/2017\/02\/20\/apiarios-de-la-sabana-endulzando-la-vida-y-generando-empleo-digno\/\" target=\"_blank\" rel=\"noopener\">Apiarios de La Sabana: Endulzando la vida y generando empleo digno<\/a><\/div>\n<div><strong>P\u00c1GINA WEB<\/strong>:\u00a0<a href=\"http:\/\/www.apiariosdelasabana.com\" target=\"_blank\" rel=\"noopener\">www.apiariosdelasabana.com<\/a><\/div>\n<div><\/div>\n<div><\/div>\n<div>Direcci\u00f3n: Carrera 13 B # 18-29, Sincelejo, Sucre, Colombia<\/div>\n<div><\/div>\n<div><\/div>\n<p><center><iframe loading=\"lazy\" style=\"border: 0;\" src=\"https:\/\/www.google.com\/maps\/embed?pb=!1m18!1m12!1m3!1d3937.339355772446!2d-75.40409888551166!3d9.303168393331019!2m3!1f0!2f0!3f0!3m2!1i1024!2i768!4f13.1!3m3!1m2!1s0x8e5914465deeb015%3A0xe3c1bacefb93663b!2sCra.+13b+%2318-29%2C+Sincelejo%2C+Sucre!5e0!3m2!1ses-419!2sco!4v1497382179116\" width=\"560\" height=\"315\" frameborder=\"0\" allowfullscreen=\"allowfullscreen\"><\/iframe><\/center><center><\/center><center><strong><span data-toggle=\"tooltip\"  rel=\"tooltip\" data-placement=\"top\" title=\"KETTIS CACERES PESTANA, Celulares: 3108395129 \/ 3145945705 Tel\u00e9fono fijo: (5) 2712380 correos: info@apiariosdelasabana.com, apiariosdelasabanasas@gmail.com, Carrera 13 B # 18-29 Sincelejo, Sucre, Colombia\">INFORMACI\u00d3N DE CONTACTO<\/span><\/strong><\/center><\/p>\n","protected":false},"excerpt":{"rendered":"<p>La miel es un alimento natural producido por las abejas a partir del n\u00e9ctar de las flores. Su sabor es dulce y caracter\u00edstico seg\u00fan la floraci\u00f3n de la que se ha obtenido. Es un alimento que brinda energ\u00eda y es una excelente opci\u00f3n para endulzar bebidas, comidas, pasteles, etc.<br \/>\nLa miel es de f\u00e1cil asimilaci\u00f3n, ya que posee hidratos de carbono de cadenas cortas.<\/p>\n<ul>\n<li>Facilita la digesti\u00f3n y la asimilaci\u00f3n de otros alimentos.<\/li>\n<li>Mejora la conservaci\u00f3n de los alimentos.<\/li>\n<li>Regulariza el funcionamiento intestinal.<\/li>\n<li>\u00a0La miel disminuye la duraci\u00f3n de diarrea causada por organismos como la Salmonella, Shigella y la E. Colli.<\/li>\n<li>La miel es altamente recomendada para calmar la tos.<\/li>\n<li>\u00a0Posee propiedades sedantes, favoreciendo la absorci\u00f3n de triptofano que es precursor de la serotonina.<\/li>\n<li>Es antihemorr\u00e1gica, antian\u00e9mica, antis\u00e9ptica, antit\u00f3xica, emoliente y febr\u00edfuga.<\/li>\n<li>La miel posee una importante acci\u00f3n curativa sobre las heridas.<\/li>\n<li>\u00a0Consumir una cucharada al d\u00eda de miel mejora el rendimiento f\u00edsico y tambi\u00e9n el vigor sexual.<\/li>\n<li>La miel es eficazmente utilizada para el tratamiento de personas que padecen astenia o estados de cansancio.<\/li>\n<li>El consumo de miel contribuye a la formaci\u00f3n de gl\u00f3bulos rojos debido a la presencia de \u00e1cido f\u00f3lico.<\/li>\n<li>Es utilizada para el tratamiento de faringitis, laringitis, rinitis, gripes, los estados depresivos, las \u00falceras, la gastritis, las quemaduras, etc, ya que la miel de abejas es un bactericida natural.<\/li>\n<li>\u00a0Estimula la formaci\u00f3n de anticuerpos debido al \u00e1cido asc\u00f3rbico, magnesio, cobre y zinc, esto significa que la miel estimula el sistema inmunol\u00f3gico reforzando las defensas para prevenir enfermedades.<\/li>\n<li>\u00a0La miel aumenta la cantidad de gluc\u00f3geno disponible en el h\u00edgado y ejerce una acci\u00f3n hepato-protectora.<\/li>\n<\/ul>\n<p style=\"text-align: center;\"><strong>[tcbdtooltip_text title=\"KETTIS CACERES PESTANA, Celulares: 3108395129 \/ 3145945705 Tel\u00e9fono fijo: (5) 2712380 correos: info@apiariosdelasabana.com, apiariosdelasabanasas@gmail.com, Carrera 13 B # 18-29 Sincelejo, Sucre, Colombia\" place=\"top\"]INFORMACI\u00d3N DE CONTACTO[\/tcbdtooltip_text]<\/strong><\/p>\n","protected":false},"featured_media":796,"comment_status":"open","ping_status":"closed","template":"","meta":{"jetpack_post_was_ever_published":false,"jetpack_publicize_message":"","jetpack_publicize_feature_enabled":true,"jetpack_social_post_already_shared":false,"jetpack_social_options":{"image_generator_settings":{"template":"highway","enabled":false},"version":2}},"product_brand":[],"product_cat":[28,187],"product_tag":[304,305,306,29,176,302,303],"class_list":{"0":"post-795","1":"product","2":"type-product","3":"status-publish","4":"has-post-thumbnail","6":"product_cat-productos-naturales","7":"product_cat-suplementos-alimenticios","8":"product_tag-apiarios-de-la-sabana","9":"product_tag-colmenas","10":"product_tag-frasco-por-340g","11":"product_tag-miel-de-abejas","12":"product_tag-producto-natural","13":"product_tag-sincelejo","14":"product_tag-sucre","16":"first","17":"instock","18":"shipping-taxable","19":"product-type-simple"},"jetpack_publicize_connections":[],"jetpack_sharing_enabled":true,"_links":{"self":[{"href":"https:\/\/www.agenciapyme.com\/centrodenegocios\/wp-json\/wp\/v2\/product\/795","targetHints":{"allow":["GET"]}}],"collection":[{"href":"https:\/\/www.agenciapyme.com\/centrodenegocios\/wp-json\/wp\/v2\/product"}],"about":[{"href":"https:\/\/www.agenciapyme.com\/centrodenegocios\/wp-json\/wp\/v2\/types\/product"}],"replies":[{"embeddable":true,"href":"https:\/\/www.agenciapyme.com\/centrodenegocios\/wp-json\/wp\/v2\/comments?post=795"}],"wp:featuredmedia":[{"embeddable":true,"href":"https:\/\/www.agenciapyme.com\/centrodenegocios\/wp-json\/wp\/v2\/media\/796"}],"wp:attachment":[{"href":"https:\/\/www.agenciapyme.com\/centrodenegocios\/wp-json\/wp\/v2\/media?parent=795"}],"wp:term":[{"taxonomy":"product_brand","embeddable":true,"href":"https:\/\/www.agenciapyme.com\/centrodenegocios\/wp-json\/wp\/v2\/product_brand?post=795"},{"taxonomy":"product_cat","embeddable":true,"href":"https:\/\/www.agenciapyme.com\/centrodenegocios\/wp-json\/wp\/v2\/product_cat?post=795"},{"taxonomy":"product_tag","embeddable":true,"href":"https:\/\/www.agenciapyme.com\/centrodenegocios\/wp-json\/wp\/v2\/product_tag?post=795"}],"curies":[{"name":"wp","href":"https:\/\/api.w.org\/{rel}","templated":true}]}}