{"id":781,"date":"2017-05-23T13:10:26","date_gmt":"2017-05-23T18:10:26","guid":{"rendered":"https:\/\/agenciapyme.com\/centrodenegocios\/?post_type=product&#038;p=781"},"modified":"2017-06-08T20:04:50","modified_gmt":"2017-06-09T01:04:50","slug":"cafe-tradicional-molido-bolsa-x-1-libra-cafe-pacundi-6-800","status":"publish","type":"product","link":"https:\/\/www.agenciapyme.com\/centrodenegocios\/product\/cafe-tradicional-molido-bolsa-x-1-libra-cafe-pacundi-6-800\/","title":{"rendered":"Caf\u00e9 Tradicional Molido Bolsa X 1 Libra  CAF\u00c9 PACUND\u00cd   $6.800"},"content":{"rendered":"<p><strong>CAF\u00c9 PACUND\u00cd<\/strong> es una familia de emprendedores enamorados del caf\u00e9 que s\u00f3lo nos ofrecen las faldas de los Andes colombianos, a la altura del maravilloso Ca\u00f1\u00f3n del Rionegro.<\/p>\n<p>Ubicado en Pacho, Cundinamarca, a 1900 metros sobre el nivel de mar, este caf\u00e9 de origen hereda una tradici\u00f3n de producci\u00f3n artesanal de m\u00faltiples generaciones cuyas manos han labrado el buen destino de esta ex\u00f3tica planta a trav\u00e9s de las monta\u00f1as de Am\u00e9rica.<\/p>\n<p>Es en reconocimiento de esta fascinante historia que a finales del a\u00f1o 2010 se funda nuestra empresa, con el \u00fanico fin de poner en la taza de nuestros fieles seguidores un extracto de ese esp\u00edritu de los Andes que s\u00f3lo el sol, la altura, la tierra\u00a0y el agua le imprimen a cada grano de caf\u00e9.<\/p>\n<p><center><iframe loading=\"lazy\" src=\"https:\/\/www.youtube.com\/embed\/ZLrT-B5Upmo\" width=\"560\" height=\"315\" frameborder=\"0\" allowfullscreen=\"allowfullscreen\"><\/iframe><\/center><\/p>\n<h3>\u00bfPor que elegir Caf\u00e9 Pacund\u00ed?<\/h3>\n<ul>\n<li>Disfrutas de un verdadero Caf\u00e9 Colombiano<\/li>\n<li>Son mas de 100 familias cafeteras que con las mejores pr\u00e1cticas y cuidados del medio ambiente para entregarte el mejor caf\u00e9.<\/li>\n<li>Vendemos y exportamos caf\u00e9 para el mundo y garantizamos que nuestro Caf\u00e9 Pacund\u00ed es de tipo exportaci\u00f3n.<\/li>\n<li>Trasladamos los beneficios econ\u00f3micos a nuestros caficultores garantizando que sigan en esa hermosa labor.<\/li>\n<li>Controlamos el proceso de selecci\u00f3n, secado y empaque para no perder su aroma y sabor.<\/li>\n<\/ul>\n<p><strong>PUBLICACIONES ANTERIORES<\/strong>:<a href=\"https:\/\/www.agenciapyme.com\/2017\/03\/01\/cafe-pacundi-una-empresa-que-nacio-en-tiempos-amargos-y-hoy-cosecha-un-dulce-porvenir\/\" target=\"_blank\" rel=\"noopener noreferrer\">Caf\u00e9 Pacundi una empresa que naci\u00f3 en tiempos amargos y hoy cosecha un dulce porvenir<\/a><\/p>\n<p><strong>P\u00c1GINA WEB<\/strong>:\u00a0<a href=\"http:\/\/www.cafepacundi.co\" target=\"_blank\" rel=\"noopener noreferrer\">www.cafepacundi.co<\/a><\/p>\n<p>Direcci\u00f3n:\u00a0Calle 6 No 19 \u2013 33 Pacho, Cundinamarca, Colombia<\/p>\n<p><center><iframe loading=\"lazy\" src=\"https:\/\/www.google.com\/maps\/embed?pb=!1m18!1m12!1m3!1d3973.8212418697967!2d-74.15923498565274!3d5.132472396275297!2m3!1f0!2f0!3f0!3m2!1i1024!2i768!4f13.1!3m3!1m2!1s0x8e406112575344fb%3A0xf9827ca93720a89!2sCl.+6+%2319-33%2C+Pacho%2C+Cundinamarca!5e0!3m2!1ses-419!2sco!4v1495490991470\" width=\"560\" height=\"315\" frameborder=\"0\" allowfullscreen=\"allowfullscreen\"><\/iframe><\/center><\/p>\n<p style=\"text-align: center;\"><strong>\u00a0<span data-toggle=\"tooltip\"  rel=\"tooltip\" data-placement=\"top\" title=\"H\u00c9CTOR ARNULFO DELGADO TRIANA, Celular: 3125175963, Tel\u00e9fono Oficina: (057-1) 8542918, correo: gerencia@cafepacundi.co\">INFORMACI\u00d3N DE CONTACTO<\/span><\/strong><\/p>\n","protected":false},"excerpt":{"rendered":"<p>Nuestra l\u00ednea de CAF\u00c9 PACUND\u00cd TRADICIONAL proviene de la selecci\u00f3n de \u00a0granos sanos de las distintas variedades cosechadas en las monta\u00f1as \u00a0rionegrenses. Para el efecto nos enfocamos en los cultivos ubicados \u00a0entre los 1400 a los 2000 metros sobre el nivel del mar.<\/p>\n<p><strong>Sabor<\/strong>:\u00a0Imagina disfrutar de un caf\u00e9 100% colombiano de calidad, con notas c\u00edtricas apaneladas que recoge todo el sol, la naturaleza y deleite de nuestras monta\u00f1as, un caf\u00e9 consentido por la brisa que crece bajo el cuidado de nuestros cafeteros experimentados de la regi\u00f3n del Rionegro.<\/p>\n<p>Otras presentaciones:\u00a0250 g \u00a0(1\/2\u00a0libra)\u00a0$\u00a03.500 &#8211;\u00a0\u00a0125\u00a0g (184\u00a0libra)\u00a0$\u00a01.800<\/p>\n<p>CAF\u00c9 PACUND\u00cd \u00a0ofrece estos productos con el \u00e1nimo de comercializarlos a nivel nacional, como para general ventas al exterior.<\/p>\n<p style=\"text-align: center;\"><strong>\u00a0[tcbdtooltip_text title=\"H\u00c9CTOR ARNULFO DELGADO TRIANA, Celular: 3125175963, Tel\u00e9fono Oficina: (057-1) 8542918, correo: gerencia@cafepacundi.co\" place=\"top\"]INFORMACI\u00d3N DE CONTACTO[\/tcbdtooltip_text]<\/strong><\/p>\n","protected":false},"featured_media":794,"comment_status":"open","ping_status":"closed","template":"","meta":{"jetpack_post_was_ever_published":false,"jetpack_publicize_message":"","jetpack_publicize_feature_enabled":true,"jetpack_social_post_already_shared":false,"jetpack_social_options":{"image_generator_settings":{"template":"highway","enabled":false},"version":2}},"product_brand":[],"product_cat":[24],"product_tag":[299,294,300,62,297,296,27],"class_list":{"0":"post-781","1":"product","2":"type-product","3":"status-publish","4":"has-post-thumbnail","6":"product_cat-cafes","7":"product_tag-cafe-molido","8":"product_tag-cafe-pacundi","9":"product_tag-cafe-tradicional","10":"product_tag-cafes","11":"product_tag-cundinamarca","12":"product_tag-pacho","13":"product_tag-taza-de-cafe","15":"first","16":"instock","17":"shipping-taxable","18":"product-type-simple"},"jetpack_publicize_connections":[],"jetpack_sharing_enabled":true,"_links":{"self":[{"href":"https:\/\/www.agenciapyme.com\/centrodenegocios\/wp-json\/wp\/v2\/product\/781","targetHints":{"allow":["GET"]}}],"collection":[{"href":"https:\/\/www.agenciapyme.com\/centrodenegocios\/wp-json\/wp\/v2\/product"}],"about":[{"href":"https:\/\/www.agenciapyme.com\/centrodenegocios\/wp-json\/wp\/v2\/types\/product"}],"replies":[{"embeddable":true,"href":"https:\/\/www.agenciapyme.com\/centrodenegocios\/wp-json\/wp\/v2\/comments?post=781"}],"wp:featuredmedia":[{"embeddable":true,"href":"https:\/\/www.agenciapyme.com\/centrodenegocios\/wp-json\/wp\/v2\/media\/794"}],"wp:attachment":[{"href":"https:\/\/www.agenciapyme.com\/centrodenegocios\/wp-json\/wp\/v2\/media?parent=781"}],"wp:term":[{"taxonomy":"product_brand","embeddable":true,"href":"https:\/\/www.agenciapyme.com\/centrodenegocios\/wp-json\/wp\/v2\/product_brand?post=781"},{"taxonomy":"product_cat","embeddable":true,"href":"https:\/\/www.agenciapyme.com\/centrodenegocios\/wp-json\/wp\/v2\/product_cat?post=781"},{"taxonomy":"product_tag","embeddable":true,"href":"https:\/\/www.agenciapyme.com\/centrodenegocios\/wp-json\/wp\/v2\/product_tag?post=781"}],"curies":[{"name":"wp","href":"https:\/\/api.w.org\/{rel}","templated":true}]}}