{"id":745,"date":"2017-05-18T18:03:47","date_gmt":"2017-05-18T23:03:47","guid":{"rendered":"https:\/\/agenciapyme.com\/centrodenegocios\/?post_type=product&#038;p=745"},"modified":"2017-05-18T18:03:47","modified_gmt":"2017-05-18T23:03:47","slug":"reloj-bamboo-dark-level-vartez-128-200","status":"publish","type":"product","link":"https:\/\/www.agenciapyme.com\/centrodenegocios\/product\/reloj-bamboo-dark-level-vartez-128-200\/","title":{"rendered":"Reloj Bamboo Dark Level  VARTEZ   $128.200"},"content":{"rendered":"<p><strong>VARTEZ \u00a0\u00a0<\/strong>\u00a0Empresa colombiana creada hace mas de dos a\u00f1os, que fabrica y dise\u00f1a productos en madera,\u00a0\u00a0material que trabajamos en nuestro laboratorio de dise\u00f1o y en el \u00e1rea de producci\u00f3n.<\/p>\n<p>La madera con sus \u00a0cualidades t\u00e9cnicas de resistencia, durabilidad, versatilidad, de dise\u00f1o y decoraci\u00f3n, es tratada bajo m\u00faltiples usos logrando que nuestro portafolio de productos sea vers\u00e1til para cualquier \u00e1rea de inter\u00e9s de nuestros clientes. \u00a0Vartez, ha contado con el apoyo del Fondo Emprender y del Sena.<\/p>\n<p><em>El valor publicado en esta p\u00e1gina incluye IVA.<\/em><\/p>\n<p style=\"text-align: center;\"><strong><span data-toggle=\"tooltip\"  rel=\"tooltip\" data-placement=\"top\" title=\"JULIAN VARGAS, Celular: 3184042654, correo: info@vartez.com\">INFORMACI\u00d3N DE CONTACTO<\/span><\/strong><\/p>\n<p>PUBLICACIONES ANTERIORES:\u00a0<a href=\"https:\/\/www.agenciapyme.com\/2017\/03\/14\/vartez-la-magia-de-la-madera\/\" target=\"_blank\" rel=\"noopener noreferrer\">https:\/\/www.agenciapyme.com\/2017\/03\/14\/vartez-la-magia-de-la-madera\/<\/a><\/p>\n<p>P\u00c1GINA WEB:\u00a0<a href=\"http:\/\/www.vartez.com\" target=\"_blank\" rel=\"noopener noreferrer\">www.vartez.com<\/a><\/p>\n","protected":false},"excerpt":{"rendered":"<p>Bamboo Watches es un estilo de moda en accesorios tipo VARTEZ, donde la madera, la tecnolog\u00eda y el dise\u00f1o se unen para crear lo m\u00e1s moderno y natural.<\/p>\n<p>Lleva siempre a tus reuniones o citas importantes este moderno reloj donde la madera siempre ser\u00e1 protagonista<\/p>\n<p><strong>Material<\/strong>: Madera bamb\u00fa y cuero natural argentino<\/p>\n<p><strong>Especificaciones<\/strong>: * Hebilla en acero inoxidable * No resistente al agua. * 100% hecho a mano<\/p>\n<p><strong>Tama\u00f1o<\/strong>: 24 cm x 4.2 cm x 1.8 cm<\/p>\n<p><u><strong>Garant\u00eda<\/strong>:<\/u> 1 a\u00f1o. No aplica en las correas, ni por da\u00f1os al mal uso.<\/p>\n<p>VARTEZ ofrece estos productos con el \u00e1nimo de comercializarlos a nivel nacional e internacional.<\/p>\n<p style=\"text-align: center;\"><strong>[tcbdtooltip_text title=\"JULIAN VARGAS, Celular: 3184042654, correo: info@vartez.com\" place=\"top\"]INFORMACI\u00d3N DE CONTACTO[\/tcbdtooltip_text]<\/strong><\/p>\n","protected":false},"featured_media":748,"comment_status":"open","ping_status":"closed","template":"","meta":{"jetpack_post_was_ever_published":false,"jetpack_publicize_message":"","jetpack_publicize_feature_enabled":true,"jetpack_social_post_already_shared":false,"jetpack_social_options":{"image_generator_settings":{"template":"highway","enabled":false},"version":2}},"product_brand":[],"product_cat":[285,286],"product_tag":[275,289,276,284,288,287,271],"class_list":{"0":"post-745","1":"product","2":"type-product","3":"status-publish","4":"has-post-thumbnail","6":"product_cat-regalos-y-detalles","7":"product_cat-relojes-para-hombre","8":"product_tag-accesorios-en-madera","9":"product_tag-bamboo-watches","10":"product_tag-madera","11":"product_tag-regalos","12":"product_tag-reloj-para-hombre","13":"product_tag-relojes","14":"product_tag-vartez","16":"first","17":"instock","18":"shipping-taxable","19":"product-type-simple"},"jetpack_publicize_connections":[],"jetpack_sharing_enabled":true,"_links":{"self":[{"href":"https:\/\/www.agenciapyme.com\/centrodenegocios\/wp-json\/wp\/v2\/product\/745","targetHints":{"allow":["GET"]}}],"collection":[{"href":"https:\/\/www.agenciapyme.com\/centrodenegocios\/wp-json\/wp\/v2\/product"}],"about":[{"href":"https:\/\/www.agenciapyme.com\/centrodenegocios\/wp-json\/wp\/v2\/types\/product"}],"replies":[{"embeddable":true,"href":"https:\/\/www.agenciapyme.com\/centrodenegocios\/wp-json\/wp\/v2\/comments?post=745"}],"wp:featuredmedia":[{"embeddable":true,"href":"https:\/\/www.agenciapyme.com\/centrodenegocios\/wp-json\/wp\/v2\/media\/748"}],"wp:attachment":[{"href":"https:\/\/www.agenciapyme.com\/centrodenegocios\/wp-json\/wp\/v2\/media?parent=745"}],"wp:term":[{"taxonomy":"product_brand","embeddable":true,"href":"https:\/\/www.agenciapyme.com\/centrodenegocios\/wp-json\/wp\/v2\/product_brand?post=745"},{"taxonomy":"product_cat","embeddable":true,"href":"https:\/\/www.agenciapyme.com\/centrodenegocios\/wp-json\/wp\/v2\/product_cat?post=745"},{"taxonomy":"product_tag","embeddable":true,"href":"https:\/\/www.agenciapyme.com\/centrodenegocios\/wp-json\/wp\/v2\/product_tag?post=745"}],"curies":[{"name":"wp","href":"https:\/\/api.w.org\/{rel}","templated":true}]}}