{"id":722,"date":"2017-05-15T21:47:03","date_gmt":"2017-05-16T02:47:03","guid":{"rendered":"https:\/\/agenciapyme.com\/centrodenegocios\/?post_type=product&#038;p=722"},"modified":"2017-05-16T18:59:25","modified_gmt":"2017-05-16T23:59:25","slug":"wood-case-carcasa-nogal-vartez-80-600","status":"publish","type":"product","link":"https:\/\/www.agenciapyme.com\/centrodenegocios\/product\/wood-case-carcasa-nogal-vartez-80-600\/","title":{"rendered":"Wood Case Carcasa Nogal VARTEZ    $80.600"},"content":{"rendered":"<p><strong>VARTEZ \u00a0\u00a0<\/strong>\u00a0Empresa colombiana creada hace mas de dos a\u00f1os, que fabrica y dise\u00f1a productos en madera,\u00a0\u00a0material que trabajamos en nuestro laboratorio de dise\u00f1o y en el \u00e1rea de producci\u00f3n.<\/p>\n<p>La madera con sus \u00a0cualidades t\u00e9cnicas de resistencia, durabilidad, versatilidad, de dise\u00f1o y decoraci\u00f3n, es tratada bajo m\u00faltiples usos logrando que nuestro portafolio de productos sea vers\u00e1til para cualquier \u00e1rea de inter\u00e9s de nuestros clientes. \u00a0Vartez, ha contado con el apoyo del Fondo Emprender y del Sena.<\/p>\n<p><em>El valor publicado en esta p\u00e1gina incluye IVA.<\/em><\/p>\n<p style=\"text-align: center;\"><strong><span data-toggle=\"tooltip\"  rel=\"tooltip\" data-placement=\"top\" title=\"JULIAN VARGAS, Celular: 3184042654, correo: info@vartez.com\">INFORMACI\u00d3N DE CONTACTO<\/span><\/strong><\/p>\n<p>&nbsp;<\/p>\n<p>PUBLICACIONES ANTERIORES:\u00a0<a href=\"https:\/\/www.agenciapyme.com\/2017\/03\/14\/vartez-la-magia-de-la-madera\/\" target=\"_blank\" rel=\"noopener noreferrer\">https:\/\/www.agenciapyme.com\/2017\/03\/14\/vartez-la-magia-de-la-madera\/<\/a><\/p>\n<p>P\u00c1GINA WEB:\u00a0<a href=\"http:\/\/www.vartez.com\" target=\"_blank\" rel=\"noopener noreferrer\">www.vartez.com<\/a><\/p>\n","protected":false},"excerpt":{"rendered":"<p>Viste tu celular a la moda y prot\u00e9gelo de la suciedad, los ara\u00f1azos y da\u00f1os con la carcasa elaborada en madera nogal.<\/p>\n<p>Woodcase anti golpes, de excelente calidad de nuestros artesanos, ultra delgado, protege la c\u00e1mara y el flash y precisi\u00f3n en el espacio para control de botones.<\/p>\n<p><strong>Material<\/strong>: Hecho de madera de alta calidad.<\/p>\n<p><strong>Especificaciones<\/strong>: Puedes escoger el modelo:* iphone 7* iphone 5* iphone 6* Samsung s6 Edge<\/p>\n<p><strong>Color<\/strong>: Madera<\/p>\n<p><strong><u>Garant\u00eda<\/u><\/strong>: 5 d\u00edas por defectos de f\u00e1brica.<\/p>\n<p>Por ser un producto de madera puede sufrir decoloraci\u00f3n natural y ruptura por mal uso o al ser golpeado.<\/p>\n<p>VARTEZ ofrece estos productos con el \u00e1nimo de comercializarlos a nivel nacional e internacional.<\/p>\n<p style=\"text-align: center;\"><strong>[tcbdtooltip_text title=\"JULIAN VARGAS, Celular: 3184042654, correo: info@vartez.com\" place=\"top\"]INFORMACI\u00d3N DE CONTACTO[\/tcbdtooltip_text]<\/strong><\/p>\n","protected":false},"featured_media":723,"comment_status":"open","ping_status":"closed","template":"","meta":{"jetpack_post_was_ever_published":false,"jetpack_publicize_message":"","jetpack_publicize_feature_enabled":true,"jetpack_social_post_already_shared":false,"jetpack_social_options":{"image_generator_settings":{"template":"highway","enabled":false},"version":2}},"product_brand":[],"product_cat":[270],"product_tag":[275,272,273,276,271,274],"class_list":{"0":"post-722","1":"product","2":"type-product","3":"status-publish","4":"has-post-thumbnail","6":"product_cat-accesorios-para-celulares","7":"product_tag-accesorios-en-madera","8":"product_tag-carcasa-celulares","9":"product_tag-estuche-celular","10":"product_tag-madera","11":"product_tag-vartez","12":"product_tag-wood-case","14":"first","15":"instock","16":"shipping-taxable","17":"product-type-simple"},"jetpack_publicize_connections":[],"jetpack_sharing_enabled":true,"_links":{"self":[{"href":"https:\/\/www.agenciapyme.com\/centrodenegocios\/wp-json\/wp\/v2\/product\/722","targetHints":{"allow":["GET"]}}],"collection":[{"href":"https:\/\/www.agenciapyme.com\/centrodenegocios\/wp-json\/wp\/v2\/product"}],"about":[{"href":"https:\/\/www.agenciapyme.com\/centrodenegocios\/wp-json\/wp\/v2\/types\/product"}],"replies":[{"embeddable":true,"href":"https:\/\/www.agenciapyme.com\/centrodenegocios\/wp-json\/wp\/v2\/comments?post=722"}],"wp:featuredmedia":[{"embeddable":true,"href":"https:\/\/www.agenciapyme.com\/centrodenegocios\/wp-json\/wp\/v2\/media\/723"}],"wp:attachment":[{"href":"https:\/\/www.agenciapyme.com\/centrodenegocios\/wp-json\/wp\/v2\/media?parent=722"}],"wp:term":[{"taxonomy":"product_brand","embeddable":true,"href":"https:\/\/www.agenciapyme.com\/centrodenegocios\/wp-json\/wp\/v2\/product_brand?post=722"},{"taxonomy":"product_cat","embeddable":true,"href":"https:\/\/www.agenciapyme.com\/centrodenegocios\/wp-json\/wp\/v2\/product_cat?post=722"},{"taxonomy":"product_tag","embeddable":true,"href":"https:\/\/www.agenciapyme.com\/centrodenegocios\/wp-json\/wp\/v2\/product_tag?post=722"}],"curies":[{"name":"wp","href":"https:\/\/api.w.org\/{rel}","templated":true}]}}