{"id":706,"date":"2017-05-11T13:49:58","date_gmt":"2017-05-11T18:49:58","guid":{"rendered":"https:\/\/agenciapyme.com\/centrodenegocios\/?post_type=product&#038;p=706"},"modified":"2017-05-11T14:54:38","modified_gmt":"2017-05-11T19:54:38","slug":"plan-romantico-personalizado-picnic-al-parque-160-000","status":"publish","type":"product","link":"https:\/\/www.agenciapyme.com\/centrodenegocios\/product\/plan-romantico-personalizado-picnic-al-parque-160-000\/","title":{"rendered":"Plan Rom\u00e1ntico Personalizado PICNIC AL PARQUE   $160.000"},"content":{"rendered":"<p><strong>Picnic al Parque<\/strong>, nace al ver la necesidad de crear una empresa que genere no solo un ambiente alternativo para los ciudadanos si no tambi\u00e9n un proyecto que ampli\u00e9 los horizontes de los usuarios y de todas las personas que interact\u00faen con la empresa, demostrando as\u00ed que el desarrollo sostenible consistente y consiente son la mejor opci\u00f3n.<\/p>\n<p>La empresa pretende posicionarse como una novedosa alternativa para el disfrute de espacios al aire libre especialmente zonas verdes de la ciudad mientras se comparte una nutritiva comida y se concientiza el impacto que tenemos cada d\u00eda cuando interactuamos con otros seres y con el medio ambiente.<\/p>\n<p>Como empresa privada decidimos enfocarnos no solo en nuestros productos sino tambi\u00e9n en el sostenimiento y reconocimiento de la conciencia sobre el consumo y progreso humano, por esta raz\u00f3n aportamos activamente a la transformaci\u00f3n de nuestro pa\u00eds, nuestras propuesta Agentes de Cambio<\/p>\n<p><strong>Picnic al Parque<\/strong> incluye conferencias, charlas, talleres y acompa\u00f1amiento a proyectos de emprendimiento en \u00e1reas vulnerables de la ciudad donde inspiramos a so\u00f1ar y a construir nuevos ideales.<\/p>\n<p><center><iframe loading=\"lazy\" src=\"https:\/\/www.youtube.com\/embed\/M1jSnXj1-j0\" width=\"560\" height=\"315\" frameborder=\"0\" allowfullscreen=\"allowfullscreen\"><\/iframe><\/center>&nbsp;<\/p>\n<p><strong>PUBLICACIONES ANTERIORES<\/strong>:<a href=\"https:\/\/www.agenciapyme.com\/2017\/02\/08\/disfrute-el-parque-sin-preocuparse-por-nada-que-picnic-al-parque-se-ocupa-de-todo\/\" target=\"_blank\" rel=\"noopener noreferrer\">https:\/\/www.agenciapyme.com\/2017\/02\/08\/disfrute-el-parque-sin-preocuparse-por-nada-que-picnic-al-parque-se-ocupa-de-todo\/<\/a><\/p>\n<p><strong>P\u00c1GINA WEB<\/strong>:\u00a0<a href=\"http:\/\/www.picnicalparque.com\" target=\"_blank\" rel=\"noopener noreferrer\">www.picnicalparque.com<\/a><\/p>\n<p style=\"text-align: center;\"><strong><span data-toggle=\"tooltip\"  rel=\"tooltip\" data-placement=\"top\" title=\"DIANA QUIROZ, Celular: 3204213125, correos: directorgeneral@picnicalparque.com, reservas@picnicalparque.com, info@picnicalparque.com, \">INFORMACI\u00d3N DE CONTACTO<\/span><\/strong><\/p>\n<p>Direcci\u00f3n: Calle 67B # 65 B 13, Bogot\u00e1, Colombia<\/p>\n<p><center><iframe loading=\"lazy\" src=\"https:\/\/www.google.com\/maps\/embed?pb=!1m18!1m12!1m3!1d3976.556118461615!2d-74.08878058593287!3d4.672929843200573!2m3!1f0!2f0!3f0!3m2!1i1024!2i768!4f13.1!3m3!1m2!1s0x8e3f9b05c6192c3f%3A0xd3819ac649f7d21f!2sCl.+67b+%2365b-13%2C+Bogot%C3%A1!5e0!3m2!1ses-419!2sco!4v1494461824228\" width=\"560\" height=\"315\" frameborder=\"0\" allowfullscreen=\"allowfullscreen\"><\/iframe><\/center><center><strong>PARQUES DISPONIBLES Y COSTOS<\/strong><\/center><\/p>\n<p style=\"text-align: center;\"><strong>Bogot\u00e1<\/strong>:<br \/>\nParque el Virrey N\/A<br \/>\nParque el Chico $ 20.000 por persona<br \/>\nParque Sim\u00f3n Bol\u00edvar N\/A<br \/>\nParque de los Novios N\/A<br \/>\nCualquier otra zona verde (Especificar) El valor est\u00e1 sujeto al lugar<br \/>\n<strong>Medell\u00edn<\/strong>:<br \/>\nParque Ciudad del R\u00edo N\/A<br \/>\nParque El Salado $ 3.000 por persona para la entrada al parque<br \/>\nParque Los Salados $ 9.000 por persona para la entrada al parque si tiene caja de compensaci\u00f3n,<br \/>\n$ 12.000 p\u00fablico general<br \/>\nCualquier otra zona verde (Especificar) El valor est\u00e1 sujeto al lugar<br \/>\n<strong>Cali<\/strong>:<br \/>\nParque Las Garzas N\/A<br \/>\nParque la Babilla N\/A<br \/>\nParque San Antonio N\/A<br \/>\nCualquier otra zona verde (Especificar) El valor est\u00e1 sujeto al lugar<\/p>\n<p style=\"text-align: center;\"><em>Costos de acarreo y parqueo<\/em><br \/>\n<em>El valor est\u00e1 sujeto al lugar y la zona de ubicaci\u00f3n<\/em><\/p>\n","protected":false},"excerpt":{"rendered":"<p><strong>Entrada<\/strong>: Porci\u00f3n de Charcuter\u00eda Fina<br \/>\n<strong>Plato fuerte<\/strong>: 2 S\u00e1ndwiches para escoger Cl\u00e1sico, Vegetariano, Rojo,<br \/>\nReina Pepiada, Thunnus verdes, Pollo al Pimiento, Personalizado<br \/>\n<strong>Postre<\/strong>: 4 Brochetas de Fruta, 2 Brochetas de Dulce<br \/>\nBebidas: 2 Bebidas<br \/>\nTiempo de Experiencia 2 horas<br \/>\n<strong>Opci\u00f3n Plan Nocturno<\/strong> 5pm a 6:30pm, incluye Eco-Suvenir Picnic al Parque (Tem\u00e1tico),<br \/>\nactividades Picnic al Parque. \u00a0La ambientaci\u00f3n se trabaja seg\u00fan requerimientos \u00a0y deseos del cliente.<\/p>\n<p>Un plan para disfrutar en pareja, o para celebrar una ocasi\u00f3n especial con tu n\u00facleo familiar. Picnic de 2 a 5 personas m\u00e1ximo.<\/p>\n<p><em>Los valores publicados no incluyen IVA.<\/em><\/p>\n","protected":false},"featured_media":710,"comment_status":"open","ping_status":"closed","template":"","meta":{"jetpack_post_was_ever_published":false,"jetpack_publicize_message":"","jetpack_publicize_feature_enabled":true,"jetpack_social_post_already_shared":false,"jetpack_social_options":{"image_generator_settings":{"template":"highway","enabled":false},"version":2}},"product_brand":[],"product_cat":[257],"product_tag":[263,260,258,259,265,261,266],"class_list":{"0":"post-706","1":"product","2":"type-product","3":"status-publish","4":"has-post-thumbnail","6":"product_cat-planes-de-esparcimiento","7":"product_tag-actividad-al-aire-libre","8":"product_tag-esparcimiento","9":"product_tag-picnic","10":"product_tag-picnic-al-parque","11":"product_tag-plan-de-esparcimiento","12":"product_tag-plan-romantico","13":"product_tag-plan-romantico-personalizado","15":"first","16":"instock","17":"shipping-taxable","18":"product-type-simple"},"jetpack_publicize_connections":[],"jetpack_sharing_enabled":true,"_links":{"self":[{"href":"https:\/\/www.agenciapyme.com\/centrodenegocios\/wp-json\/wp\/v2\/product\/706","targetHints":{"allow":["GET"]}}],"collection":[{"href":"https:\/\/www.agenciapyme.com\/centrodenegocios\/wp-json\/wp\/v2\/product"}],"about":[{"href":"https:\/\/www.agenciapyme.com\/centrodenegocios\/wp-json\/wp\/v2\/types\/product"}],"replies":[{"embeddable":true,"href":"https:\/\/www.agenciapyme.com\/centrodenegocios\/wp-json\/wp\/v2\/comments?post=706"}],"wp:featuredmedia":[{"embeddable":true,"href":"https:\/\/www.agenciapyme.com\/centrodenegocios\/wp-json\/wp\/v2\/media\/710"}],"wp:attachment":[{"href":"https:\/\/www.agenciapyme.com\/centrodenegocios\/wp-json\/wp\/v2\/media?parent=706"}],"wp:term":[{"taxonomy":"product_brand","embeddable":true,"href":"https:\/\/www.agenciapyme.com\/centrodenegocios\/wp-json\/wp\/v2\/product_brand?post=706"},{"taxonomy":"product_cat","embeddable":true,"href":"https:\/\/www.agenciapyme.com\/centrodenegocios\/wp-json\/wp\/v2\/product_cat?post=706"},{"taxonomy":"product_tag","embeddable":true,"href":"https:\/\/www.agenciapyme.com\/centrodenegocios\/wp-json\/wp\/v2\/product_tag?post=706"}],"curies":[{"name":"wp","href":"https:\/\/api.w.org\/{rel}","templated":true}]}}