{"id":672,"date":"2017-05-08T15:42:30","date_gmt":"2017-05-08T20:42:30","guid":{"rendered":"https:\/\/agenciapyme.com\/centrodenegocios\/?post_type=product&#038;p=672"},"modified":"2017-05-08T18:22:29","modified_gmt":"2017-05-08T23:22:29","slug":"detergente-para-equipos-de-ordeno-tidylac-x-1-galon-probionar-15-000","status":"publish","type":"product","link":"https:\/\/www.agenciapyme.com\/centrodenegocios\/product\/detergente-para-equipos-de-ordeno-tidylac-x-1-galon-probionar-15-000\/","title":{"rendered":"Detergente para Equipos de Orde\u00f1o Tidylac X 1 Gal\u00f3n  PROBIONAR   $15.000"},"content":{"rendered":"<p><strong>PROBIONAR<\/strong>: Es una empresa que naci\u00f3 en el a\u00f1o 2015, en la ciudad de Pasto, Nari\u00f1o. Fabrica y comercializa detergentes l\u00edquidos Biodegradables para el sector industrial y de hogares. Probionar esta comprometida con el cuidado del medio ambiente, nuestros procesos de producci\u00f3n y de materia prima hacen parte de \u00e9sta filosof\u00eda.<\/p>\n<p><em>Los precios publicados incluyen IVA.\u00a0<\/em><\/p>\n<p><em>PUBLICACIONES ANTERIORES<\/em>:\u00a0<a href=\"https:\/\/www.agenciapyme.com\/2017\/03\/13\/probionar-emprendimiento-narinense-que-se-abre-paso-a-punta-de-detergentes-biodegradables\/\" target=\"_blank\" rel=\"noopener noreferrer\">https:\/\/www.agenciapyme.com\/2017\/03\/13\/probionar-emprendimiento-narinense-que-se-abre-paso-a-punta-de-detergentes-biodegradables\/<\/a><\/p>\n<p><i>P\u00e1gina Web<\/i>:\u00a0<a href=\"http:\/\/www.probionar.com\" target=\"_blank\" rel=\"noopener noreferrer\">www.probionar.com<\/a><\/p>\n<p>Direcci\u00f3n: Kil\u00f3metro 15 Vereda El Palmar &#8211; V\u00eda Buesaco, Pasto-Nari\u00f1o, Colombia<\/p>\n<p><center><iframe loading=\"lazy\" src=\"https:\/\/www.google.com\/maps\/embed?pb=!1m18!1m12!1m3!1d255283.70962877045!2d-77.3783022348819!3d1.2894596223903103!2m3!1f0!2f0!3f0!3m2!1i1024!2i768!4f13.1!3m3!1m2!1s0x8e2ed6547275de37%3A0x515239d89ae55c93!2sVda.+El+Palmar%2C+Buesaco%2C+Nari%C3%B1o!5e0!3m2!1ses-419!2sco!4v1493931727020\" width=\"560\" height=\"315\" frameborder=\"0\" allowfullscreen=\"allowfullscreen\"><\/iframe><\/center><center><\/center><center><strong><span data-toggle=\"tooltip\"  rel=\"tooltip\" data-placement=\"top\" title=\"ANA CAROLINA VILLOTA, Celular: 3217030399, correos: gerencia@probionar.com, probionar@gmail.com, Km 15 Vereda El Palmar - V\u00eda Buesaco, Pasto. Colombia\">INFORMACI\u00d3N DE CONTACTO<\/span><\/strong><\/center><\/p>\n","protected":false},"excerpt":{"rendered":"<p>Detergente l\u00edquido ideal para equipos de orde\u00f1o, plantas de producci\u00f3n, recipientes de pl\u00e1stico, met\u00e1licos, tanques de enfriamiento, cisternas, cantinas, pisos y paredes. PUEDE USARSE SIN GUANTES.<\/p>\n<p><strong>Modo de Uso<\/strong>: \u00a0Utilice dos partes del producto y ocho partes de agua (20% producto+80% agua), en un recipiente pl\u00e1stico efect\u00fae la mezcla.<\/p>\n<p><strong>Presentaciones<\/strong>: \u00a0Cu\u00f1ete o Garrafa, Gal\u00f3n, 1\/2 Gal\u00f3n, Litro, 1\/2 Litro.<\/p>\n<p>PROBIONAR \u00a0esta en la capacidad de\u00a0fabricar detergentes inoloros e incoloros de acuerdo a sus necesidades. Ofrece estos productos para su comercializaci\u00f3n a nivel nacional e internacional.<\/p>\n","protected":false},"featured_media":674,"comment_status":"closed","ping_status":"closed","template":"","meta":{"jetpack_post_was_ever_published":false,"jetpack_publicize_message":"","jetpack_publicize_feature_enabled":true,"jetpack_social_post_already_shared":false,"jetpack_social_options":{"image_generator_settings":{"template":"highway","enabled":false},"version":2}},"product_brand":[],"product_cat":[167,231],"product_tag":[238,244,245,234,233,237,243],"class_list":{"0":"post-672","1":"product","2":"type-product","3":"status-publish","4":"has-post-thumbnail","6":"product_cat-animales-y-mascotas","7":"product_cat-productos-de-limpieza","8":"product_tag-aseo-para-el-hogar","9":"product_tag-detergente-equipos-de-ordeno","10":"product_tag-limpiador-plantas-de-produccion","11":"product_tag-narino","12":"product_tag-pasto","13":"product_tag-productos-de-aseo","14":"product_tag-tidylac","16":"first","17":"instock","18":"shipping-taxable","19":"product-type-simple"},"jetpack_publicize_connections":[],"jetpack_sharing_enabled":true,"_links":{"self":[{"href":"https:\/\/www.agenciapyme.com\/centrodenegocios\/wp-json\/wp\/v2\/product\/672","targetHints":{"allow":["GET"]}}],"collection":[{"href":"https:\/\/www.agenciapyme.com\/centrodenegocios\/wp-json\/wp\/v2\/product"}],"about":[{"href":"https:\/\/www.agenciapyme.com\/centrodenegocios\/wp-json\/wp\/v2\/types\/product"}],"replies":[{"embeddable":true,"href":"https:\/\/www.agenciapyme.com\/centrodenegocios\/wp-json\/wp\/v2\/comments?post=672"}],"wp:featuredmedia":[{"embeddable":true,"href":"https:\/\/www.agenciapyme.com\/centrodenegocios\/wp-json\/wp\/v2\/media\/674"}],"wp:attachment":[{"href":"https:\/\/www.agenciapyme.com\/centrodenegocios\/wp-json\/wp\/v2\/media?parent=672"}],"wp:term":[{"taxonomy":"product_brand","embeddable":true,"href":"https:\/\/www.agenciapyme.com\/centrodenegocios\/wp-json\/wp\/v2\/product_brand?post=672"},{"taxonomy":"product_cat","embeddable":true,"href":"https:\/\/www.agenciapyme.com\/centrodenegocios\/wp-json\/wp\/v2\/product_cat?post=672"},{"taxonomy":"product_tag","embeddable":true,"href":"https:\/\/www.agenciapyme.com\/centrodenegocios\/wp-json\/wp\/v2\/product_tag?post=672"}],"curies":[{"name":"wp","href":"https:\/\/api.w.org\/{rel}","templated":true}]}}