{"id":655,"date":"2017-03-28T17:50:29","date_gmt":"2017-03-28T22:50:29","guid":{"rendered":"https:\/\/agenciapyme.com\/centrodenegocios\/?post_type=product&#038;p=655"},"modified":"2017-09-05T16:30:42","modified_gmt":"2017-09-05T21:30:42","slug":"torta-de-inchi-frasco-x-120grs-avida-6-000","status":"publish","type":"product","link":"https:\/\/www.agenciapyme.com\/centrodenegocios\/product\/torta-de-inchi-frasco-x-120grs-avida-6-000\/","title":{"rendered":"Torta de Inchi Frasco X 120grs AVIDA   $6.000"},"content":{"rendered":"<p><em><strong>Propiedades:\u00a0<\/strong><\/em>Excelente complemento nutricional por tener el 43% en prote\u00edna, adem\u00e1s de grandes aportes en minerales como calcio, f\u00f3sforo, magnesio, hierro y tambi\u00e9n 9 de los 10 amino\u00e1cidos esenciales.<\/p>\n<p>Es de un agradable sabor a almendras que hace que sea muy f\u00e1cilmente incluido en cualquier alimento sin alterar el sabor o color.<\/p>\n<p>Ideal para casos de dietas especiales como ni\u00f1os, mujeres embarazadas, personas vegetarianas, veganas o cualquiera que requiera un aporte nutricional alto en prote\u00edna y minerales.<\/p>\n<p>El valor publicado, no incluye IVA \u00a0de 19%<\/p>\n<p><strong>Asociaci\u00f3n Vichade\u00f1a para el Desarrollo Agropecuario, AVIDA<\/strong>, \u00a0es una entidad sin \u00e1nimo de lucro, creada \u00a0en el a\u00f1o 2004,por los habitantes de la vereda Nazareth y otras circunvecinas del municipio de Santa Rosal\u00eda, Vichada. Con el objeto de trabajar por la calidad de vida de sus asociados, a trav\u00e9s del establecimiento de cadenas productivas que aumenten y mejoren sus ingresos. Todo esto dentro de un marco de armon\u00eda entre sus participantes y su entorno natural, promoviendo los valores humanos, familiares, \u00e9tnicos y culturales de nuestra regi\u00f3n y de nuestro gran pa\u00eds.<\/p>\n<p>Direcci\u00f3n: Vereda Nazareth, Santa Rosal\u00eda, Departamento del Vichada, Colombia<\/p>\n<p><center><iframe loading=\"lazy\" src=\"https:\/\/www.google.com\/maps\/embed?pb=!1m18!1m12!1m3!1d15895.212471844574!2d-70.87246622979457!3d5.135380940370749!2m3!1f0!2f0!3f0!3m2!1i1024!2i768!4f13.1!3m3!1m2!1s0x8e6d14ff543dbeef%3A0xe62f3da671ae5a6a!2sSanta+Rosal%C3%ADa%2C+Vichada!5e0!3m2!1ses-419!2sco!4v1488586197103\" width=\"560\" height=\"315\" frameborder=\"0\" allowfullscreen=\"allowfullscreen\"><\/iframe><\/center><center><\/center><center><\/center><center><\/center><center><\/center>\u00a0Publicaciones Anteriores:\u00a0<a href=\"http:\/\/www.agenciapyme.com\/2017\/02\/28\/proyecto-innovador-quiere-empezar-en-el-vichada-la-permacultura-y-el-pastoreo-voisin\/\" target=\"_blank\">http:\/\/www.agenciapyme.com\/2017\/02\/28\/proyecto-innovador-quiere-empezar-en-el-vichada-la-permacultura-y-el-pastoreo-voisin\/<\/a><\/p>\n<p style=\"text-align: center;\"><strong><span data-toggle=\"tooltip\"  rel=\"tooltip\" data-placement=\"top\" title=\"ILDA BECERRA celular 3102868418, correo: avida.vichada@gmail.com, Vereda Nazareth, municipio Santa Rosal\u00eda, departamento del Vichada, Colombia\">INFORMACI\u00d3N DE CONTACTO<\/span><\/strong><\/p>\n","protected":false},"excerpt":{"rendered":"<p><em><strong>Descripci\u00f3n<\/strong><\/em>: La \u201ctorta de inchi\u201d o harina de torta de inchi es el pulverizado de las almendras del \u201cinchi\u201d luego de la extracci\u00f3n del aceite<\/p>\n<p><em><strong>Usos:\u00a0<\/strong><\/em>Como alimento, como complemento alimenticio, proteico y nutricional<\/p>\n<p><em><strong>Modo de empleo:\u00a0<\/strong><\/em>Agregar a los batidos, a los guisos de verduras, arroz, pastas, arepas, panes y en general a cualquier alimento para aumentarle el valor nutricional<\/p>\n<p>&nbsp;<\/p>\n<p><em><strong>Presentaciones: \u00a0<\/strong><\/em>Frasco x 120 gramos, \u00a0Bolsa x 500 gramos<\/p>\n<p>AVIDA, ofrece estos productos con el \u00e1nimo de concretar alianzas empresariales, para crear canales de comercializaci\u00f3n nacionales e internacionales.<\/p>\n","protected":false},"featured_media":656,"comment_status":"open","ping_status":"closed","template":"","meta":{"jetpack_post_was_ever_published":false,"jetpack_publicize_message":"","jetpack_publicize_feature_enabled":true,"jetpack_social_post_already_shared":false,"jetpack_social_options":{"image_generator_settings":{"template":"highway","enabled":false},"version":2}},"product_brand":[],"product_cat":[198,28,187],"product_tag":[193,174,219,176,221,177],"class_list":{"0":"post-655","1":"product","2":"type-product","3":"status-publish","4":"has-post-thumbnail","6":"product_cat-alimentos-vegetarianos","7":"product_cat-productos-naturales","8":"product_cat-suplementos-alimenticios","9":"product_tag-alimentos-vegetarianos","10":"product_tag-avida","11":"product_tag-inchi","12":"product_tag-producto-natural","13":"product_tag-torta-de-inchi","14":"product_tag-vichada","16":"first","17":"instock","18":"shipping-taxable","19":"product-type-simple"},"jetpack_publicize_connections":[],"jetpack_sharing_enabled":true,"_links":{"self":[{"href":"https:\/\/www.agenciapyme.com\/centrodenegocios\/wp-json\/wp\/v2\/product\/655","targetHints":{"allow":["GET"]}}],"collection":[{"href":"https:\/\/www.agenciapyme.com\/centrodenegocios\/wp-json\/wp\/v2\/product"}],"about":[{"href":"https:\/\/www.agenciapyme.com\/centrodenegocios\/wp-json\/wp\/v2\/types\/product"}],"replies":[{"embeddable":true,"href":"https:\/\/www.agenciapyme.com\/centrodenegocios\/wp-json\/wp\/v2\/comments?post=655"}],"wp:featuredmedia":[{"embeddable":true,"href":"https:\/\/www.agenciapyme.com\/centrodenegocios\/wp-json\/wp\/v2\/media\/656"}],"wp:attachment":[{"href":"https:\/\/www.agenciapyme.com\/centrodenegocios\/wp-json\/wp\/v2\/media?parent=655"}],"wp:term":[{"taxonomy":"product_brand","embeddable":true,"href":"https:\/\/www.agenciapyme.com\/centrodenegocios\/wp-json\/wp\/v2\/product_brand?post=655"},{"taxonomy":"product_cat","embeddable":true,"href":"https:\/\/www.agenciapyme.com\/centrodenegocios\/wp-json\/wp\/v2\/product_cat?post=655"},{"taxonomy":"product_tag","embeddable":true,"href":"https:\/\/www.agenciapyme.com\/centrodenegocios\/wp-json\/wp\/v2\/product_tag?post=655"}],"curies":[{"name":"wp","href":"https:\/\/api.w.org\/{rel}","templated":true}]}}