{"id":653,"date":"2017-03-28T17:24:56","date_gmt":"2017-03-28T22:24:56","guid":{"rendered":"https:\/\/agenciapyme.com\/centrodenegocios\/?post_type=product&#038;p=653"},"modified":"2017-09-05T16:31:16","modified_gmt":"2017-09-05T21:31:16","slug":"aceite-de-inchi-frasco-30cc-avida-20-000","status":"publish","type":"product","link":"https:\/\/www.agenciapyme.com\/centrodenegocios\/product\/aceite-de-inchi-frasco-30cc-avida-20-000\/","title":{"rendered":"Aceite de Inchi, frasco 30cc AVIDA   $20.000"},"content":{"rendered":"<p>&nbsp;<\/p>\n<p><em><strong>Propiedades Aceite de Inchi.<\/strong><\/em><\/p>\n<p>Por su alto contenido de \u00e1cidos grasos poliinsaturados (como el linol\u00e9ico), supera en conveniencia para la dieta humana a las dem\u00e1s oleaginosas, incluyendo la oliva. El \u00e1cido linol\u00e9ico es esencial para el organismo humano, su deficiencia produce lesiones de la piel y retardo en el crecimiento, adem\u00e1s no solo no produce colesterol, sino que lo reduce. Otras propiedades del aceite de inchi son:<\/p>\n<p>* Rica fuente natural de Omega 3, Omega 6 y Omega 9, incomparables para el fortalecimiento de las funciones cerebrales, su consumo resulta ideal para personas de toda edad.<\/p>\n<p>* Estimula la reducci\u00f3n de colesterol malo en la sangre.<\/p>\n<p>* Contribuye a fortificar el coraz\u00f3n y a mantener estable la presi\u00f3n arterial.<\/p>\n<p>* Favorece la reducci\u00f3n del nivel del colesterol malo en la sangre y facilita el transporte de nutrientes por todo el organismo.<\/p>\n<p>* El alimento funcional ideal para madres gestantes pues favorece el adecuado desarrollo cerebral del feto.<\/p>\n<p>* Brinda energ\u00eda y estimula un correcto metabolismo porque ayuda al transporte de nutrientes en el torrente sangu\u00edneo<\/p>\n<p>* Mejora la actividad del sistema nervioso<\/p>\n<p>* Agiliza diferentes funciones cerebrales<\/p>\n<p>* Fortifica los huesos<\/p>\n<p>* Reduce las probabilidades de enfermedades vasculares<\/p>\n<p>* Mejora el metabolismo intestinal<\/p>\n<p>* Por su alto contenido de vitamina E, nutre la piel y los tejidos<\/p>\n<p>&nbsp;<\/p>\n<p><strong>Asociaci\u00f3n Vichade\u00f1a para el Desarrollo Agropecuario, AVIDA<\/strong>, \u00a0es una entidad sin \u00e1nimo de lucro, creada \u00a0en el a\u00f1o 2004,por los habitantes de la vereda Nazareth y otras circunvecinas del municipio de Santa Rosal\u00eda, Vichada. Con el objeto de trabajar por la calidad de vida de sus asociados, a trav\u00e9s del establecimiento de cadenas productivas que aumenten y mejoren sus ingresos. Todo esto dentro de un marco de armon\u00eda entre sus participantes y su entorno natural, promoviendo los valores humanos, familiares, \u00e9tnicos y culturales de nuestra regi\u00f3n y de nuestro gran pa\u00eds.<\/p>\n<p>Direcci\u00f3n: Vereda Nazareth, Santa Rosal\u00eda, Departamento del Vichada, Colombia<\/p>\n<p><center><iframe loading=\"lazy\" src=\"https:\/\/www.google.com\/maps\/embed?pb=!1m18!1m12!1m3!1d15895.212471844574!2d-70.87246622979457!3d5.135380940370749!2m3!1f0!2f0!3f0!3m2!1i1024!2i768!4f13.1!3m3!1m2!1s0x8e6d14ff543dbeef%3A0xe62f3da671ae5a6a!2sSanta+Rosal%C3%ADa%2C+Vichada!5e0!3m2!1ses-419!2sco!4v1488586197103\" width=\"560\" height=\"315\" frameborder=\"0\" allowfullscreen=\"allowfullscreen\"><\/iframe><\/center><center><\/center><center><\/center><center><\/center><center><\/center>\u00a0Publicaciones Anteriores:\u00a0<a href=\"http:\/\/www.agenciapyme.com\/2017\/02\/28\/proyecto-innovador-quiere-empezar-en-el-vichada-la-permacultura-y-el-pastoreo-voisin\/\" target=\"_blank\">http:\/\/www.agenciapyme.com\/2017\/02\/28\/proyecto-innovador-quiere-empezar-en-el-vichada-la-permacultura-y-el-pastoreo-voisin\/<\/a><\/p>\n<p style=\"text-align: center;\"><strong><span data-toggle=\"tooltip\"  rel=\"tooltip\" data-placement=\"top\" title=\"ILDA BECERRA celular 3102868418, correo: avida.vichada@gmail.com, Vereda Nazareth, municipio Santa Rosal\u00eda, departamento del Vichada, Colombia\">INFORMACI\u00d3N DE CONTACTO<\/span><\/strong><\/p>\n","protected":false},"excerpt":{"rendered":"<p><em><strong>Descripci\u00f3n<\/strong><\/em>: El aceite de \u201cINCHI\u201d se obtiene de las almendras del \u00e1rbol de \u201cinchi\u201d o \u201ccacay\u201d nativo de la Orinoquia, cuyo nombre cient\u00edfico es \u201cCaryodendron Orinocense\u201d, Karsten. Actualmente se est\u00e1 cultivando en las sabanas del Vichada, en la finca El Dera ,en la vereda Nazareth del municipio de Santa Rosal\u00eda como cultivo pionero y con miras a que sea una alternativa productiva para esa regi\u00f3n. Adem\u00e1s es un importante elemento en la seguridad alimentaria, es amigable con el medio ambiente y mejorar\u00eda la econom\u00eda familiar.<\/p>\n<p>Se usa como aceite de mesa, como medicamento y tiene aplicaci\u00f3n cosm\u00e9tica<\/p>\n<p><em><strong>Modo de empleo:\u00a0<\/strong><\/em>Como aceite de mesa, aplicarlo a las ensaladas crudo, les da un muy agradable sabor. Como medicamento, colocar media cucharadita de aceite de inchi en la boca y pasarlo solo o con un vaso de agua. Para alivio en quemaduras o heridas, aplicarlo directamente sobre el \u00e1rea afectada. Como cosm\u00e9tico, aplicarlo directamente sobre el rostro, cuello, cuero cabelludo, brazos, etc; agregar a las cremas de la noche, batir hasta incorporarlo completamente y aplicarlo sobre el rostro.<\/p>\n<p><em><strong>Presentaciones<\/strong><\/em>: Frasco x 30 cc, \u00a0Frasco x 200 cc<\/p>\n","protected":false},"featured_media":654,"comment_status":"open","ping_status":"closed","template":"","meta":{"jetpack_post_was_ever_published":false,"jetpack_publicize_message":"","jetpack_publicize_feature_enabled":true,"jetpack_social_post_already_shared":false,"jetpack_social_options":{"image_generator_settings":{"template":"highway","enabled":false},"version":2}},"product_brand":[],"product_cat":[198,28,187],"product_tag":[220,193,174,194,219,176,177],"class_list":{"0":"post-653","1":"product","2":"type-product","3":"status-publish","4":"has-post-thumbnail","6":"product_cat-alimentos-vegetarianos","7":"product_cat-productos-naturales","8":"product_cat-suplementos-alimenticios","9":"product_tag-aceite-de-inchi","10":"product_tag-alimentos-vegetarianos","11":"product_tag-avida","12":"product_tag-comida-vegetariana","13":"product_tag-inchi","14":"product_tag-producto-natural","15":"product_tag-vichada","17":"first","18":"instock","19":"shipping-taxable","20":"product-type-simple"},"jetpack_publicize_connections":[],"jetpack_sharing_enabled":true,"_links":{"self":[{"href":"https:\/\/www.agenciapyme.com\/centrodenegocios\/wp-json\/wp\/v2\/product\/653","targetHints":{"allow":["GET"]}}],"collection":[{"href":"https:\/\/www.agenciapyme.com\/centrodenegocios\/wp-json\/wp\/v2\/product"}],"about":[{"href":"https:\/\/www.agenciapyme.com\/centrodenegocios\/wp-json\/wp\/v2\/types\/product"}],"replies":[{"embeddable":true,"href":"https:\/\/www.agenciapyme.com\/centrodenegocios\/wp-json\/wp\/v2\/comments?post=653"}],"wp:featuredmedia":[{"embeddable":true,"href":"https:\/\/www.agenciapyme.com\/centrodenegocios\/wp-json\/wp\/v2\/media\/654"}],"wp:attachment":[{"href":"https:\/\/www.agenciapyme.com\/centrodenegocios\/wp-json\/wp\/v2\/media?parent=653"}],"wp:term":[{"taxonomy":"product_brand","embeddable":true,"href":"https:\/\/www.agenciapyme.com\/centrodenegocios\/wp-json\/wp\/v2\/product_brand?post=653"},{"taxonomy":"product_cat","embeddable":true,"href":"https:\/\/www.agenciapyme.com\/centrodenegocios\/wp-json\/wp\/v2\/product_cat?post=653"},{"taxonomy":"product_tag","embeddable":true,"href":"https:\/\/www.agenciapyme.com\/centrodenegocios\/wp-json\/wp\/v2\/product_tag?post=653"}],"curies":[{"name":"wp","href":"https:\/\/api.w.org\/{rel}","templated":true}]}}