{"id":632,"date":"2017-03-24T16:28:05","date_gmt":"2017-03-24T21:28:05","guid":{"rendered":"https:\/\/agenciapyme.com\/centrodenegocios\/?post_type=product&#038;p=632"},"modified":"2017-09-05T16:32:59","modified_gmt":"2017-09-05T21:32:59","slug":"krunchies-cereal-quinua-para-desayuno-paquete-100grs-kumara-4-400","status":"publish","type":"product","link":"https:\/\/www.agenciapyme.com\/centrodenegocios\/product\/krunchies-cereal-quinua-para-desayuno-paquete-100grs-kumara-4-400\/","title":{"rendered":"Krunchies Cereal Quinoa para Desayuno paquete 100grs  KUMARA   $4.400"},"content":{"rendered":"<p><em><strong>Productos Alimenticios Kumara<\/strong><\/em>, es una empresa dedicada a la transformaci\u00f3n de la Quinoa colombiana en alimentos saludables, de f\u00e1cil consumo y con excelente valor nutricional. Nuestra base es el suministro de productos listos para consumir, libres de conservantes qu\u00edmicos y gluten, aptos para dietas veganas y con el menor impacto ambiental posible.<br \/>\nPromovemos un estilo de vida saludable a trav\u00e9s de la alimentaci\u00f3n responsable.<\/p>\n<p><em><strong>Hacemos la Diferencia<\/strong><\/em><\/p>\n<div id=\"page57_htmltext1\" class=\"htmltext1_wp_outer\">\n<ul>\n<li>Somos un equipo experto de la agroindustria.<\/li>\n<li>Conocemos y amamos los productos que vendemos.<\/li>\n<li>Trabajamos directamente con cultivadores para asegurar los mejores precios y apoyar nuestros campesinos.<\/li>\n<li>Vendemos a consumidor final y l\u00ednea institucional.<\/li>\n<li>Ofrecemos asesor\u00eda a nuestros clientes.<\/li>\n<li>Minimizamos al m\u00e1ximo nuestro impacto ambiental.<\/li>\n<li>Todos nuestros productos son aptos para dietas sin gluten y veganas.<\/li>\n<\/ul>\n<\/div>\n<p>PUBLICACIONES ANTERIORES:<a href=\"http:\/\/www.agenciapyme.com\/2017\/02\/21\/nutrition-kumara-la-revolucion-de-la-quinua-agenciapyme\/\" target=\"_blank\">http:\/\/www.agenciapyme.com\/2017\/02\/21\/nutrition-kumara-la-revolucion-de-la-quinua-agenciapyme\/<\/a><\/p>\n<p>MAYOR INFORMACI\u00d3N:<a href=\"http:\/\/www.nutritionkumara.com\" target=\"_blank\">www.nutritionkumara.com<\/a><\/p>\n<p><center><\/center><center><\/center><center><\/center><center><strong><span data-toggle=\"tooltip\"  rel=\"tooltip\" data-placement=\"top\" title=\"MAR\u00cdA CAMILA NOVOA celular 3183864136, SANTIAGO SANTACRUZ celular 3176459156 correos: nutritionkumara@gmail.com, info@nutritionkumara.com, Transversal 78H # 41-55 Sur, Bogot\u00e1, Colombia\">INFORMACI\u00d3N DE CONTACTO<\/span><\/strong><\/center><\/p>\n","protected":false},"excerpt":{"rendered":"<p>Cereal listo para disfrutar en el desayuno. \u00a0Crujiente combinaci\u00f3n de Quinoa y ma\u00edz endulzado con az\u00facar. Paquete por 100 gramos.<\/p>\n<p>El precio publicado es para venta minorista.<\/p>\n<p><em><strong>Kumara<\/strong><\/em>: Ofrece estos productos con el \u00e1nimo de comercializarlos a nivel nacional o internacional.<\/p>\n","protected":false},"featured_media":635,"comment_status":"open","ping_status":"closed","template":"","meta":{"jetpack_post_was_ever_published":false,"jetpack_publicize_message":"","jetpack_publicize_feature_enabled":true,"jetpack_social_post_already_shared":false,"jetpack_social_options":{"image_generator_settings":{"template":"highway","enabled":false},"version":2}},"product_brand":[],"product_cat":[198,28],"product_tag":[212,213,194,214,203,176,211],"class_list":{"0":"post-632","1":"product","2":"type-product","3":"status-publish","4":"has-post-thumbnail","6":"product_cat-alimentos-vegetarianos","7":"product_cat-productos-naturales","8":"product_tag-cereal","9":"product_tag-cereal-para-el-desayuno","10":"product_tag-comida-vegetariana","11":"product_tag-krunchies","12":"product_tag-kumara","13":"product_tag-producto-natural","14":"product_tag-quinoa","16":"first","17":"instock","18":"shipping-taxable","19":"product-type-simple"},"jetpack_publicize_connections":[],"jetpack_sharing_enabled":true,"_links":{"self":[{"href":"https:\/\/www.agenciapyme.com\/centrodenegocios\/wp-json\/wp\/v2\/product\/632","targetHints":{"allow":["GET"]}}],"collection":[{"href":"https:\/\/www.agenciapyme.com\/centrodenegocios\/wp-json\/wp\/v2\/product"}],"about":[{"href":"https:\/\/www.agenciapyme.com\/centrodenegocios\/wp-json\/wp\/v2\/types\/product"}],"replies":[{"embeddable":true,"href":"https:\/\/www.agenciapyme.com\/centrodenegocios\/wp-json\/wp\/v2\/comments?post=632"}],"wp:featuredmedia":[{"embeddable":true,"href":"https:\/\/www.agenciapyme.com\/centrodenegocios\/wp-json\/wp\/v2\/media\/635"}],"wp:attachment":[{"href":"https:\/\/www.agenciapyme.com\/centrodenegocios\/wp-json\/wp\/v2\/media?parent=632"}],"wp:term":[{"taxonomy":"product_brand","embeddable":true,"href":"https:\/\/www.agenciapyme.com\/centrodenegocios\/wp-json\/wp\/v2\/product_brand?post=632"},{"taxonomy":"product_cat","embeddable":true,"href":"https:\/\/www.agenciapyme.com\/centrodenegocios\/wp-json\/wp\/v2\/product_cat?post=632"},{"taxonomy":"product_tag","embeddable":true,"href":"https:\/\/www.agenciapyme.com\/centrodenegocios\/wp-json\/wp\/v2\/product_tag?post=632"}],"curies":[{"name":"wp","href":"https:\/\/api.w.org\/{rel}","templated":true}]}}