{"id":605,"date":"2017-03-17T13:12:26","date_gmt":"2017-03-17T18:12:26","guid":{"rendered":"https:\/\/agenciapyme.com\/centrodenegocios\/?post_type=product&#038;p=605"},"modified":"2017-09-05T16:35:21","modified_gmt":"2017-09-05T21:35:21","slug":"rellena-vegetariana-de-quinua-250grs-el-artesano-10-000","status":"publish","type":"product","link":"https:\/\/www.agenciapyme.com\/centrodenegocios\/product\/rellena-vegetariana-de-quinua-250grs-el-artesano-10-000\/","title":{"rendered":"Rellena Vegetariana de Quinoa 250grs EL ARTESANO   $8.000"},"content":{"rendered":"<p><em><strong>EL ARTESANO<\/strong><\/em>, \u00a0es una empresa gastron\u00f3mica dedicada a la innovaci\u00f3n y la elaboraci\u00f3n de embutidos a base de la mejor prote\u00edna vegetal como la QUINOA , con la inalterable intenci\u00f3n de crear productos deliciosos y saludables.<\/p>\n<p><i>Nace a trav\u00e9s del curso de formaci\u00f3n del SENA en Funza, \u00a0Cundinamarca en el a\u00f1o 2015, del programa SER (Sena Emprende Rural) Emprendedor en producci\u00f3n de Derivados C\u00e1rnicos .\u00a0<\/i><i>\u00a0<\/i><\/p>\n<p><i>B<\/i><i>uscamos desarrollar un producto acorde a nuestro estilo de vida (Vegetariana); despu\u00e9s de varias pruebas nacen el chorizo de qu\u00ednoa y la rellena de frijol en julio del 2016, como producto innovador\u00a0 y muy aceptado en el perfil de clientes de comidas sanas y vegetarianas.<\/i><\/p>\n<p><em><strong>PUBLICACIONES ANTERIORES<\/strong><\/em>:\u00a0<a href=\"http:\/\/www.agenciapyme.com\/2017\/03\/06\/el-artesano-innovacion-en-embutidos-saludables\/\" target=\"_blank\">http:\/\/www.agenciapyme.com\/2017\/03\/06\/el-artesano-innovacion-en-embutidos-saludables\/<\/a><\/p>\n<p>Direcci\u00f3n: Carrera 12 #20 A 121 Funza, Cundinamarca<\/p>\n<p><center><iframe loading=\"lazy\" src=\"https:\/\/www.google.com\/maps\/embed?pb=!1m18!1m12!1m3!1d3976.291459606208!2d-74.20570828593277!3d4.719351842811321!2m3!1f0!2f0!3f0!3m2!1i1024!2i768!4f13.1!3m3!1m2!1s0x8e3f82b06075347f%3A0xb3af99e88e86b420!2sCra.+12+%2320A+-121%2C+Funza%2C+Cundinamarca!5e0!3m2!1ses-419!2sco!4v1489771089547\" width=\"560\" height=\"315\" frameborder=\"0\" allowfullscreen=\"allowfullscreen\"><\/iframe><\/center><center><\/center><center><strong><span data-toggle=\"tooltip\"  rel=\"tooltip\" data-placement=\"top\" title=\"YAMILE ZAMBRANO QUINTERO, celulares 3057069722 \/ 3134818952 Correos: elartesano.cm@gmail.com, yamilezamq@yahoo.es, yamilezambranoquintero@gmail.com\">INFORMACI\u00d3N DE CONTACTO<\/span><\/strong><\/center><\/p>\n","protected":false},"excerpt":{"rendered":"<p>Paquete de 15-17 Unidades tipo c\u00f3ctel de 250 gramos.\u00a0Elaboradas con Quinoa, arroz integral, cereales, especias y las mejores hierbas arom\u00e1ticas, sal marina y libre de gluten y sin conservantes.<\/p>\n<p><strong>El Artesano<\/strong>, ofrece estos productos con el \u00e1nimo de comercializarlos a nivel nacional e internacional.<\/p>\n","protected":false},"featured_media":606,"comment_status":"open","ping_status":"closed","template":"","meta":{"jetpack_post_was_ever_published":false,"jetpack_publicize_message":"","jetpack_publicize_feature_enabled":true,"jetpack_social_post_already_shared":false,"jetpack_social_options":{"image_generator_settings":{"template":"highway","enabled":false},"version":2}},"product_brand":[],"product_cat":[198,28],"product_tag":[193,194,197,176,211,218,196],"class_list":{"0":"post-605","1":"product","2":"type-product","3":"status-publish","4":"has-post-thumbnail","6":"product_cat-alimentos-vegetarianos","7":"product_cat-productos-naturales","8":"product_tag-alimentos-vegetarianos","9":"product_tag-comida-vegetariana","10":"product_tag-el-artesano","11":"product_tag-producto-natural","12":"product_tag-quinoa","13":"product_tag-rellena-de-quinoa","14":"product_tag-rellena-vegetarina","16":"first","17":"instock","18":"shipping-taxable","19":"product-type-simple"},"jetpack_publicize_connections":[],"jetpack_sharing_enabled":true,"_links":{"self":[{"href":"https:\/\/www.agenciapyme.com\/centrodenegocios\/wp-json\/wp\/v2\/product\/605","targetHints":{"allow":["GET"]}}],"collection":[{"href":"https:\/\/www.agenciapyme.com\/centrodenegocios\/wp-json\/wp\/v2\/product"}],"about":[{"href":"https:\/\/www.agenciapyme.com\/centrodenegocios\/wp-json\/wp\/v2\/types\/product"}],"replies":[{"embeddable":true,"href":"https:\/\/www.agenciapyme.com\/centrodenegocios\/wp-json\/wp\/v2\/comments?post=605"}],"wp:featuredmedia":[{"embeddable":true,"href":"https:\/\/www.agenciapyme.com\/centrodenegocios\/wp-json\/wp\/v2\/media\/606"}],"wp:attachment":[{"href":"https:\/\/www.agenciapyme.com\/centrodenegocios\/wp-json\/wp\/v2\/media?parent=605"}],"wp:term":[{"taxonomy":"product_brand","embeddable":true,"href":"https:\/\/www.agenciapyme.com\/centrodenegocios\/wp-json\/wp\/v2\/product_brand?post=605"},{"taxonomy":"product_cat","embeddable":true,"href":"https:\/\/www.agenciapyme.com\/centrodenegocios\/wp-json\/wp\/v2\/product_cat?post=605"},{"taxonomy":"product_tag","embeddable":true,"href":"https:\/\/www.agenciapyme.com\/centrodenegocios\/wp-json\/wp\/v2\/product_tag?post=605"}],"curies":[{"name":"wp","href":"https:\/\/api.w.org\/{rel}","templated":true}]}}