{"id":530,"date":"2017-03-03T19:22:36","date_gmt":"2017-03-04T00:22:36","guid":{"rendered":"https:\/\/agenciapyme.com\/centrodenegocios\/?post_type=product&#038;p=530"},"modified":"2017-09-05T16:36:39","modified_gmt":"2017-09-05T21:36:39","slug":"henna-autentica-sikuani-85gr-con-kit-avida-18-000","status":"publish","type":"product","link":"https:\/\/www.agenciapyme.com\/centrodenegocios\/product\/henna-autentica-sikuani-85gr-con-kit-avida-18-000\/","title":{"rendered":"Henna  Autentica Sikuani  85gr con Kit AVIDA   $18.000"},"content":{"rendered":"<p><em><strong>Propiedades de la Henna de AVIDA:<\/strong><\/em><\/p>\n<p>Da vida y brillo al cabello. Ti\u00f1e los cabellos que tienen poco o ning\u00fan color. Es decir a un cabello negro lo nutre pero no lo ti\u00f1e. Los cabellos canosos toman tonos amarillos seg\u00fan si la cana es blanca o grisosa. Los cabellos rubios los vuelve rojizos. Act\u00faa como suavizante en cabellos secos y deshidratados por la acci\u00f3n del viento, el cloro de las piscinas, el sol, la poluci\u00f3n, o la sal del mar. Tambi\u00e9n fortalece el cabello d\u00e9bil y sin cuerpo, d\u00e1ndole m\u00e1s suavidad al moldear y peinar. Incluso las personas al\u00e9rgicas pueden usar Henna, pues no provoca reacciones. Otras propiedades menos divulgadas, por ejemplo, tiene una acci\u00f3n calmante sobre el cuero cabelludo cuando \u00e9ste se muestra excesivamente sensible, con manifestaciones de escozor, irritaci\u00f3n y descamaci\u00f3n.<\/p>\n<p><strong>Asociaci\u00f3n Vichade\u00f1a para el Desarrollo Agropecuario, AVIDA<\/strong>, \u00a0es una entidad sin \u00e1nimo de lucro, creada \u00a0en el a\u00f1o 2004,por los habitantes de la vereda Nazareth y otras circunvecinas del municipio de Santa Rosal\u00eda, Vichada. Con el objeto de trabajar por la calidad de vida de sus asociados, a trav\u00e9s del establecimiento de cadenas productivas que aumenten y mejoren sus ingresos. Todo esto dentro de un marco de armon\u00eda entre sus participantes y su entorno natural, promoviendo los valores humanos, familiares, \u00e9tnicos y culturales de nuestra regi\u00f3n y de nuestro gran pa\u00eds.<\/p>\n<p>Direcci\u00f3n: Vereda Nazareth, Santa Rosal\u00eda, Departamento del Vichada, Colombia<\/p>\n<p><center><iframe loading=\"lazy\" style=\"border: 0;\" src=\"https:\/\/www.google.com\/maps\/embed?pb=!1m18!1m12!1m3!1d15895.212471844574!2d-70.87246622979457!3d5.135380940370749!2m3!1f0!2f0!3f0!3m2!1i1024!2i768!4f13.1!3m3!1m2!1s0x8e6d14ff543dbeef%3A0xe62f3da671ae5a6a!2sSanta+Rosal%C3%ADa%2C+Vichada!5e0!3m2!1ses-419!2sco!4v1488586197103\" width=\"560\" height=\"315\" frameborder=\"0\" allowfullscreen=\"allowfullscreen\"><\/iframe><\/center><center><\/center><center><\/center><center><\/center><center><\/center>\u00a0Publicaciones Anteriores:\u00a0<a href=\"http:\/\/www.agenciapyme.com\/2017\/02\/28\/proyecto-innovador-quiere-empezar-en-el-vichada-la-permacultura-y-el-pastoreo-voisin\/\" target=\"_blank\">http:\/\/www.agenciapyme.com\/2017\/02\/28\/proyecto-innovador-quiere-empezar-en-el-vichada-la-permacultura-y-el-pastoreo-voisin\/<\/a><\/p>\n<p>&nbsp;<\/p>\n<p style=\"text-align: center;\"><strong><span data-toggle=\"tooltip\"  rel=\"tooltip\" data-placement=\"top\" title=\"ILDA BECERRA celular 3102868418, correo: avida.vichada@gmail.com, Vereda Nazareth, municipio Santa Rosal\u00eda, departamento del Vichada, Colombia\">INFORMACI\u00d3N DE CONTACTO<\/span><\/strong><\/p>\n<p>&nbsp;<\/p>\n","protected":false},"excerpt":{"rendered":"<p><em><strong>Descripci\u00f3n:\u00a0<\/strong><\/em>Hojas pulverizadas de la planta conocida como\u201d henna\u201d (Lawsonia Inermis), de origen de los pa\u00edses asi\u00e1ticos, cultivada org\u00e1nicamente en las sabanas del Vichada, Colombia<\/p>\n<p><em><strong>Usos:\u00a0<\/strong><\/em>Se usa como nutriente y tinte capilar. Da color a las canas y a los cabellos claros. Tambi\u00e9n la usan para tatuajes temporales.<\/p>\n<p><em><strong>Modo de empleo:\u00a0<\/strong><\/em>Se mezcla con agua caliente, y la pasta que se logra se aplica sobre el cabello de 10&#8242; a 50&#8242;<\/p>\n<p><em><strong>Presentaciones:\u00a0<\/strong><\/em>Caja por 85 gramos con Kit de aplicaci\u00f3n (guantes, capa, frasco con tapa pico) Caja por 250 gramos<\/p>\n<p>AVIDA, ofrece estos productos con el \u00e1nimo de concretar alianzas empresariales, para crear canales de comercializaci\u00f3n nacionales e internacionales.<\/p>\n","protected":false},"featured_media":531,"comment_status":"open","ping_status":"closed","template":"","meta":{"jetpack_post_was_ever_published":false,"jetpack_publicize_message":"","jetpack_publicize_feature_enabled":true,"jetpack_social_post_already_shared":false,"jetpack_social_options":{"image_generator_settings":{"template":"highway","enabled":false},"version":2}},"product_brand":[],"product_cat":[178],"product_tag":[174,172,176,173,175,177],"class_list":{"0":"post-530","1":"product","2":"type-product","3":"status-publish","4":"has-post-thumbnail","6":"product_cat-cuidado-del-cabello","7":"product_tag-avida","8":"product_tag-henna","9":"product_tag-producto-natural","10":"product_tag-sikuani","11":"product_tag-tinte-para-cabello","12":"product_tag-vichada","14":"first","15":"instock","16":"shipping-taxable","17":"product-type-simple"},"jetpack_publicize_connections":[],"jetpack_sharing_enabled":true,"_links":{"self":[{"href":"https:\/\/www.agenciapyme.com\/centrodenegocios\/wp-json\/wp\/v2\/product\/530","targetHints":{"allow":["GET"]}}],"collection":[{"href":"https:\/\/www.agenciapyme.com\/centrodenegocios\/wp-json\/wp\/v2\/product"}],"about":[{"href":"https:\/\/www.agenciapyme.com\/centrodenegocios\/wp-json\/wp\/v2\/types\/product"}],"replies":[{"embeddable":true,"href":"https:\/\/www.agenciapyme.com\/centrodenegocios\/wp-json\/wp\/v2\/comments?post=530"}],"wp:featuredmedia":[{"embeddable":true,"href":"https:\/\/www.agenciapyme.com\/centrodenegocios\/wp-json\/wp\/v2\/media\/531"}],"wp:attachment":[{"href":"https:\/\/www.agenciapyme.com\/centrodenegocios\/wp-json\/wp\/v2\/media?parent=530"}],"wp:term":[{"taxonomy":"product_brand","embeddable":true,"href":"https:\/\/www.agenciapyme.com\/centrodenegocios\/wp-json\/wp\/v2\/product_brand?post=530"},{"taxonomy":"product_cat","embeddable":true,"href":"https:\/\/www.agenciapyme.com\/centrodenegocios\/wp-json\/wp\/v2\/product_cat?post=530"},{"taxonomy":"product_tag","embeddable":true,"href":"https:\/\/www.agenciapyme.com\/centrodenegocios\/wp-json\/wp\/v2\/product_tag?post=530"}],"curies":[{"name":"wp","href":"https:\/\/api.w.org\/{rel}","templated":true}]}}