{"id":525,"date":"2017-02-10T18:26:34","date_gmt":"2017-02-10T23:26:34","guid":{"rendered":"https:\/\/agenciapyme.com\/centrodenegocios\/?post_type=product&#038;p=525"},"modified":"2017-03-14T18:39:11","modified_gmt":"2017-03-14T23:39:11","slug":"arnes-para-perro-ciego-tienda-del-cuero-85-000","status":"publish","type":"product","link":"https:\/\/www.agenciapyme.com\/centrodenegocios\/product\/arnes-para-perro-ciego-tienda-del-cuero-85-000\/","title":{"rendered":"Arnes Para Perro Ciego TIENDA DEL CUERO   $85.000"},"content":{"rendered":"<p style=\"text-align: justify;\"><em><strong>TIENDA DEL CUERO Y ACCESORIOS H &amp; L<\/strong><\/em>. Es una empresa dedicada a fabricar, elaborar y confeccionar, productos en cuero, distribuyendo y comercializando, bolsos y accesorios; combin\u00e1ndolos con diferentes t\u00e9cnicas manuales y artesanales como:<\/p>\n<ol style=\"text-align: justify;\">\n<li>Diversidad de tejidos.<\/li>\n<li>Detalles en fique prensado.<\/li>\n<li>Incrustaciones sobre el cuero.<\/li>\n<\/ol>\n<p style=\"text-align: justify;\">Nuestro conocimiento nos permite ofrecerle un servicio de acompa\u00f1amiento para poder plasmar sus ideas y as\u00ed lograr, la elaboraci\u00f3n de un producto personalizado, que cumpla con las expectativas y cubra las necesidades del cliente.<\/p>\n<p style=\"text-align: justify;\">Como servicios adicionales tenemos:<\/p>\n<ol style=\"text-align: justify;\">\n<li>Maquila<\/li>\n<li>Confecci\u00f3n y elaboraci\u00f3n de sus productos y prendas\u00a0 de vestir sobre medidas<\/li>\n<li>Asesor\u00eda de dise\u00f1o<\/li>\n<\/ol>\n<ul>\n<li style=\"text-align: justify;\">Productos para dotaci\u00f3n: canguros, correas, bolsas para dama, bolso ejecutivo, confecci\u00f3n de vestuario.<\/li>\n<li style=\"text-align: justify;\">Productos Exclusivos: individuales, portavasos , tapetes, bolsos artesanales , prendas de vestir<\/li>\n<li style=\"text-align: justify;\">Tenemos la l\u00ednea de mascotas en accesorios \u00a0como bozales, collares, arnes , pecheras\u00a0\u00a0 y\u00a0 ropa en cuero como chaquetas , chalecos , vestidos.<\/li>\n<li style=\"text-align: justify;\">Tambi\u00e9n se elaboran pr\u00f3tesis para mascotas, protectores, cargadores y f\u00e9rulas.<\/li>\n<\/ul>\n<p>Nos encuentras en la Carrera 6 #30-37 Ibagu\u00e9 Tolima, Colombia<\/p>\n<p><center><iframe loading=\"lazy\" src=\"https:\/\/www.google.com\/maps\/embed?pb=!1m18!1m12!1m3!1d3977.841742001317!2d-75.22419278565583!3d4.440543696773095!2m3!1f0!2f0!3f0!3m2!1i1024!2i768!4f13.1!3m3!1m2!1s0x8e38c4ed09949969%3A0x298c0b284b156ab2!2sCra.+6+%2330-37%2C+Ibagu%C3%A9%2C+Tolima!5e0!3m2!1ses!2sco!4v1486759079324\" width=\"560\" height=\"315\" frameborder=\"0\" allowfullscreen=\"allowfullscreen\"><\/iframe><\/center><em><strong>PUBLICACIONES ANTERIORES:\u00a0<a href=\"http:\/\/www.agenciapyme.com\/2017\/01\/20\/tienda-del-cuero-ropa-y-productos-personalizados-agenciapyme\/\" target=\"_blank\">http:\/\/www.agenciapyme.com\/2017\/01\/20\/tienda-del-cuero-ropa-y-productos-personalizados-agenciapyme\/<\/a>\u00a0\u00a0<\/strong><\/em><\/p>\n<p style=\"text-align: center;\"><strong><span data-toggle=\"tooltip\"  rel=\"tooltip\" data-placement=\"top\" title=\"LUZ HELENA MOLINA \/ HUMBERTO SANCHEZ celulares: 3142670682 \/ 3124400479 tel\u00e9fono fijo: (8) 2668043, Carrera 6 #30-37 Ibagu\u00e9, Tolima, Colombia\">INFORMACI\u00d3N DE CONTACTO<\/span><\/strong><\/p>\n","protected":false},"excerpt":{"rendered":"<p><em><strong>Caracter\u00edsticas:\u00a0<\/strong><\/em>Elaborado en puro cuero con aro\u00a0 forrado en cuero, herrajes met\u00e1licos , se elaboran sobre medidas.<\/p>\n<p>Valor perro grande $ 120.000 pesos<\/p>\n<p>Perro mediano $ 85.000 pesos<\/p>\n<p>Perro peque\u00f1o $ 55.000 pesos<\/p>\n<p><em><strong>TIENDA DEL CUERO Y ACCESORIOS H &amp; L\u00a0<\/strong>es una empresa en constante crecimiento, ofrecemos productos personalizados, maquila para empresas, e incursionamos en la elaboraci\u00f3n de productos para mascotas. Y buscamos comercializar nuestros productos a nivel nacional e internacional.<\/em><\/p>\n","protected":false},"featured_media":526,"comment_status":"open","ping_status":"closed","template":"","meta":{"jetpack_post_was_ever_published":false,"jetpack_publicize_message":"","jetpack_publicize_feature_enabled":true,"jetpack_social_post_already_shared":false,"jetpack_social_options":{"image_generator_settings":{"template":"highway","enabled":false},"version":2}},"product_brand":[],"product_cat":[190,167],"product_tag":[58,169,52,171,163],"class_list":{"0":"post-525","1":"product","2":"type-product","3":"status-publish","4":"has-post-thumbnail","6":"product_cat-accesorios-para-perros","7":"product_cat-animales-y-mascotas","8":"product_tag-marroquineria","9":"product_tag-mascotas","10":"product_tag-productos-en-cuero","11":"product_tag-ropa-para-mascotas","12":"product_tag-tienda-del-cuero","14":"first","15":"instock","16":"shipping-taxable","17":"product-type-simple"},"jetpack_publicize_connections":[],"jetpack_sharing_enabled":true,"_links":{"self":[{"href":"https:\/\/www.agenciapyme.com\/centrodenegocios\/wp-json\/wp\/v2\/product\/525","targetHints":{"allow":["GET"]}}],"collection":[{"href":"https:\/\/www.agenciapyme.com\/centrodenegocios\/wp-json\/wp\/v2\/product"}],"about":[{"href":"https:\/\/www.agenciapyme.com\/centrodenegocios\/wp-json\/wp\/v2\/types\/product"}],"replies":[{"embeddable":true,"href":"https:\/\/www.agenciapyme.com\/centrodenegocios\/wp-json\/wp\/v2\/comments?post=525"}],"wp:featuredmedia":[{"embeddable":true,"href":"https:\/\/www.agenciapyme.com\/centrodenegocios\/wp-json\/wp\/v2\/media\/526"}],"wp:attachment":[{"href":"https:\/\/www.agenciapyme.com\/centrodenegocios\/wp-json\/wp\/v2\/media?parent=525"}],"wp:term":[{"taxonomy":"product_brand","embeddable":true,"href":"https:\/\/www.agenciapyme.com\/centrodenegocios\/wp-json\/wp\/v2\/product_brand?post=525"},{"taxonomy":"product_cat","embeddable":true,"href":"https:\/\/www.agenciapyme.com\/centrodenegocios\/wp-json\/wp\/v2\/product_cat?post=525"},{"taxonomy":"product_tag","embeddable":true,"href":"https:\/\/www.agenciapyme.com\/centrodenegocios\/wp-json\/wp\/v2\/product_tag?post=525"}],"curies":[{"name":"wp","href":"https:\/\/api.w.org\/{rel}","templated":true}]}}