{"id":488,"date":"2017-02-09T18:18:21","date_gmt":"2017-02-09T23:18:21","guid":{"rendered":"https:\/\/agenciapyme.com\/centrodenegocios\/?post_type=product&#038;p=488"},"modified":"2017-03-14T16:55:16","modified_gmt":"2017-03-14T21:55:16","slug":"mochila-wayuu-tradicional-wuashirruu-180-000","status":"publish","type":"product","link":"https:\/\/www.agenciapyme.com\/centrodenegocios\/product\/mochila-wayuu-tradicional-wuashirruu-180-000\/","title":{"rendered":"Mochila Wayuu Tradicional WUASHIRRUU   $180.000"},"content":{"rendered":"<p style=\"text-align: justify;\"><em><strong>ARTES Y CREACIONES WUASHIRRU<\/strong><\/em> est\u00e1 funcionando desde hace 5 a\u00f1os en la Guajira, encontramos a 14 mujeres de las comunidades de Roche, Tamaquito\u00a0 y\u00a0 Hatonuevo con grandes proyectos, lindos sue\u00f1os y un deseo enorme de compartir con el mundo sus creaciones tejidas 100 % a mano. La gestora del liderazgo y el proceso de comercializaci\u00f3n ha sido Ennis Arregoces, desde hace 5 a\u00f1os. \u00a0Nos legalizamos el 09 de enero de 2015. Nuestra principal actividad es a la producci\u00f3n de artesan\u00edas Wayuu, mantas, mochilas y accesorios Wayuu.<\/p>\n<p>Somos un grupo de mujeres\u00a0 de la etnia Wayuu, mestizas y Arijunas\u00a0 cabezas de hogar las cuales trabajamos para mejorar la calidad de vida de nuestros n\u00facleos familiares, comprometidas a salir adelante con esta iniciativa y sobre propagar nuestros productos. Hemos recibido apoyo en formaci\u00f3n\u00a0 por el SENA\u00a0 y Cerrej\u00f3n.<\/p>\n<p>Estamos ubicados en Hatonuevo, Guajira, Colombia.<\/p>\n<p><center><iframe loading=\"lazy\" style=\"border: 0;\" src=\"https:\/\/www.google.com\/maps\/embed?pb=!1m18!1m12!1m3!1d250574.53558365878!2d-72.80965220422736!3d11.096443655617122!2m3!1f0!2f0!3f0!3m2!1i1024!2i768!4f13.1!3m3!1m2!1s0x8e8b0904dcf6f559%3A0x8a2e4b95d7a11159!2sHatonuevo%2C+La+Guajira!5e0!3m2!1ses!2sco!4v1486682697691\" width=\"560\" height=\"315\" frameborder=\"0\" allowfullscreen=\"allowfullscreen\"><\/iframe><\/center>&nbsp;<\/p>\n<p style=\"text-align: center;\"><strong><span data-toggle=\"tooltip\"  rel=\"tooltip\" data-placement=\"top\" title=\"YANDYS ORTIZ celular 3046746399 \/ ENNIS ARREGOC\u00c9S celular 3015725019 correos: asociativoartesycreacioneswuashirruu@hotmail.com, yandisortiz@hotmail.com, Hatonuevo, Guajira, Colombia\">INFORMACI\u00d3N DE CONTACTO<\/span><\/strong><\/p>\n<p>&nbsp;<\/p>\n","protected":false},"excerpt":{"rendered":"<p><em><strong>Descripci\u00f3n<\/strong><\/em>: Motivos\/Simbolog\u00eda Wayuu\/Kanaas: Los colores son inspirados en un aspecto del paisaje cultural. El marr\u00f3n en la tierra\u00a0 y el blanco, del cielo reflejado con los colores de la naturaleza\u00a0 que hay en nuestro departamento. Los dibujos de kanasu son interpretaciones\u00a0 de la naturaleza de lo cotidiano del\u00a0 mundo Wayuu, las figuras geom\u00e9tricas de esta mochila son inspiradas en el caparaz\u00f3n del Morrocoy, animal que se encuentra en nuestra regi\u00f3n. Tejido en una hebra de nuestra, mochila tradicional.<\/p>\n<p>En Wuashirruu proyectamos\u00a0 \u00a0ser\u00a0\u00a0una\u00a0\u00a0empresa referente en la Guajira en la comercializaci\u00f3n\u00a0\u00a0de\u00a0 artesan\u00edas,\u00a0\u00a0posicionada a nivel nacional\u00a0 como una asociaci\u00f3n altamente productiva, con productos diferenciados por la calidad, exquisitez\u00a0 y originalidad, con el firme prop\u00f3sito de dar a conocer nuestros valores, cultura y caracterizada por entregar a sus clientes un producto aut\u00f3ctono y de calidad.<\/p>\n","protected":false},"featured_media":489,"comment_status":"open","ping_status":"closed","template":"","meta":{"jetpack_post_was_ever_published":false,"jetpack_publicize_message":"","jetpack_publicize_feature_enabled":true,"jetpack_social_post_already_shared":false,"jetpack_social_options":{"image_generator_settings":{"template":"highway","enabled":false},"version":2}},"product_brand":[],"product_cat":[102,185],"product_tag":[154,56,107,152,153],"class_list":{"0":"post-488","1":"product","2":"type-product","3":"status-publish","4":"has-post-thumbnail","6":"product_cat-artesanias","7":"product_cat-ropa-y-accesorios","8":"product_tag-artes-y-creaciones-wuashirruu","9":"product_tag-artesanias","10":"product_tag-bolsos","11":"product_tag-mochila-wayuu","12":"product_tag-wuashirruu","14":"first","15":"instock","16":"shipping-taxable","17":"product-type-simple"},"jetpack_publicize_connections":[],"jetpack_sharing_enabled":true,"_links":{"self":[{"href":"https:\/\/www.agenciapyme.com\/centrodenegocios\/wp-json\/wp\/v2\/product\/488","targetHints":{"allow":["GET"]}}],"collection":[{"href":"https:\/\/www.agenciapyme.com\/centrodenegocios\/wp-json\/wp\/v2\/product"}],"about":[{"href":"https:\/\/www.agenciapyme.com\/centrodenegocios\/wp-json\/wp\/v2\/types\/product"}],"replies":[{"embeddable":true,"href":"https:\/\/www.agenciapyme.com\/centrodenegocios\/wp-json\/wp\/v2\/comments?post=488"}],"wp:featuredmedia":[{"embeddable":true,"href":"https:\/\/www.agenciapyme.com\/centrodenegocios\/wp-json\/wp\/v2\/media\/489"}],"wp:attachment":[{"href":"https:\/\/www.agenciapyme.com\/centrodenegocios\/wp-json\/wp\/v2\/media?parent=488"}],"wp:term":[{"taxonomy":"product_brand","embeddable":true,"href":"https:\/\/www.agenciapyme.com\/centrodenegocios\/wp-json\/wp\/v2\/product_brand?post=488"},{"taxonomy":"product_cat","embeddable":true,"href":"https:\/\/www.agenciapyme.com\/centrodenegocios\/wp-json\/wp\/v2\/product_cat?post=488"},{"taxonomy":"product_tag","embeddable":true,"href":"https:\/\/www.agenciapyme.com\/centrodenegocios\/wp-json\/wp\/v2\/product_tag?post=488"}],"curies":[{"name":"wp","href":"https:\/\/api.w.org\/{rel}","templated":true}]}}