{"id":477,"date":"2017-02-09T15:21:18","date_gmt":"2017-02-09T20:21:18","guid":{"rendered":"https:\/\/agenciapyme.com\/centrodenegocios\/?post_type=product&#038;p=477"},"modified":"2017-02-09T15:21:18","modified_gmt":"2017-02-09T20:21:18","slug":"pasadia-entre-nubes-natural-extreme-travel-142-000","status":"publish","type":"product","link":"https:\/\/www.agenciapyme.com\/centrodenegocios\/product\/pasadia-entre-nubes-natural-extreme-travel-142-000\/","title":{"rendered":"Pasadia Entre Nubes NATURAL EXTREME TRAVEL   $142.000"},"content":{"rendered":"<p><em><strong><span style=\"color: #339966;\">PLAN PASADIA ENTRE NUBES<\/span><\/strong><\/em><\/p>\n<p style=\"text-align: justify;\">El Canopy es un nuevo deporte de aventura que tiene como objetivo principal ofrecer una actividad \u00fanica, y una experiencia ecol\u00f3gica muy diferente; es la sensaci\u00f3n de recorrer o atravesar las altas monta\u00f1as de una cordillera a la otra, balance\u00e1ndose o suspendido en medio de la nada, es tan divertida como apasionante.<\/p>\n<p style=\"text-align: justify;\">Se siente la aventura desde el momento de pisar la plataforma. La velocidad y el v\u00e9rtigo adquirido en los 1150 metros de recorrido se transforman en una sensaci\u00f3n de absoluta libertad. El viento constante sobre el rostro, el rugido de la naturaleza bajo nuestros pies y la alegr\u00eda interna por animarnos a hacer aquello quedar\u00e1n para siempre en nuestra memoria.<strong><br \/>\n<\/strong><\/p>\n<p>En el Torrentismo\u00a0el grupo tiene la posibilidad de ir a un lugar sencillamente maravilloso, m\u00e1gico\u00a0 donde se observan cascadas naturales y de una belleza sin igual. La actividad se realiza en la cascada El Escobo de la quebrada el Palmar, ubicada en el municipio de Vergara a tan s\u00f3lo 10 minutos de nuestra sede La Granja de la t\u00eda Lolo.<\/p>\n<p>All\u00ed se realiza una caminata por el lecho de la quebrada y un descenso de rappel de 52 metros de altura, con una alta dosis de adrenalina y algo que con seguridad nunca va a olvidar.<\/p>\n<p>El Rafting o Canotaje, en nuestro caso consiste en descender por las aguas bravas del r\u00edo Negro y Pinzaima, en un bote neum\u00e1tico (inflable), con la ayuda de remos,cascos y chalecos sorteando los r\u00e1pidos que all\u00ed se encuentran. Es sin duda el recorrido m\u00e1s maravilloso y donde se puede disfrutar de la naturaleza<\/p>\n<p>El excitante trayecto se encuentra comprendido entre el parque natural de Las Salinas hasta el puente de Puerto Rico, con un recorrido\u00a0 de una hora y 10.5 kil\u00f3metros que se hace en compa\u00f1\u00eda de un gu\u00eda y un kayak de seguridad que nos brindar\u00e1 acompa\u00f1amiento desde el inicio del recorrido.<\/p>\n<p><strong><em>Como llegar a Nimaima, Cundinamarca<\/em><\/strong>.<\/p>\n<p><center><iframe loading=\"lazy\" src=\"https:\/\/www.google.com\/maps\/embed?pb=!1m18!1m12!1m3!1d3973.858736485611!2d-74.38773868565272!3d5.126449996279626!2m3!1f0!2f0!3f0!3m2!1i1024!2i768!4f13.1!3m3!1m2!1s0x8e408deec30405eb%3A0xac561fb9cb74c1c1!2sNimaima%2C+Cundinamarca!5e0!3m2!1ses!2sco!4v1486655777188\" width=\"560\" height=\"315\" frameborder=\"0\" allowfullscreen=\"allowfullscreen\"><\/iframe><\/center><center><\/center><center>VIDEOS DE LAS ACTIVIDADES<\/center><center><iframe loading=\"lazy\" src=\"https:\/\/www.youtube.com\/embed\/eGt8FeFAYG8\" width=\"560\" height=\"315\" frameborder=\"0\" allowfullscreen=\"allowfullscreen\"><\/iframe><\/p>\n<p><iframe loading=\"lazy\" src=\"https:\/\/www.youtube.com\/embed\/ZDDA8y8yvaY\" width=\"560\" height=\"315\" frameborder=\"0\" allowfullscreen=\"allowfullscreen\"><\/iframe><\/p>\n<p><iframe loading=\"lazy\" src=\"https:\/\/www.youtube.com\/embed\/RbdSX0twMcg\" width=\"560\" height=\"315\" frameborder=\"0\" allowfullscreen=\"allowfullscreen\"><\/iframe><\/p>\n<p><\/center><center><\/center><\/p>\n<p style=\"text-align: left;\">\n<p><center><\/center><center><\/center><em><strong>PUBLICACIONES ANTERIORES<\/strong><\/em>:\u00a0<a href=\"http:\/\/www.agenciapyme.com\/2017\/01\/23\/turismo-de-aventura-en-las-goteras-de-bogota\/\" target=\"_blank\">http:\/\/www.agenciapyme.com\/2017\/01\/23\/turismo-de-aventura-en-las-goteras-de-bogota\/<\/a><\/p>\n<p><strong><em>MAYOR INFORMACI\u00d3N<\/em><\/strong>:\u00a0<a href=\"http:\/\/www.naturalextremetravel.com\" target=\"_blank\">http:\/\/www.naturalextremetravel.com<\/a><\/p>\n<p style=\"text-align: center;\"><strong><span data-toggle=\"tooltip\"  rel=\"tooltip\" data-placement=\"top\" title=\"YUDY PEDRAZA, tel\u00e9fono fijo: 57 2383220, celular: 3132085176 \/ 3162415106, correo: naturalextremetravel@gmail.com, Nimaima, Cundinamarca, Colombia.\">INFORMACI\u00d3N DE CONTACTO<\/span><\/strong><\/p>\n","protected":false},"excerpt":{"rendered":"<p>En este plan nuestra empresa plantea un d\u00eda de aventura en alturas donde nuestros aventureros disfrutaran de canopy, torrentismo, Rafting, como actividades principales acompa\u00f1ados de un almuerzo ejecutivo, y seguro todo riesgo de Colasistencia, todo esto acompa\u00f1ado de gu\u00edas y equipos certificados.<\/p>\n<table>\n<tbody>\n<tr>\n<td width=\"378\"><strong>Pasadia Entre Nubes, incluye los siguientes servicios:\u00a0<\/strong><\/td>\n<\/tr>\n<tr>\n<td width=\"378\"><strong>CANOPY RECORRIDO 1.150 METROS\u00a0 <\/strong><\/td>\n<\/tr>\n<tr>\n<td width=\"378\"><strong>TORRENTISMO 52 METROS DE DESCENSO<\/strong><\/td>\n<\/tr>\n<tr>\n<td width=\"378\"><strong>ALMUERZO EJECUTIVO <\/strong><\/p>\n<p>Sopa, bandeja con carne o pollo, arroz, papa y ensalada de la casa y jugo natural<\/td>\n<\/tr>\n<tr>\n<td width=\"378\"><strong>RAFTING 10.5 KILOMETROS<\/strong><\/td>\n<\/tr>\n<\/tbody>\n<\/table>\n<p><strong>COSTO POR PERSONA $ 142.000<\/strong><\/p>\n","protected":false},"featured_media":478,"comment_status":"open","ping_status":"closed","template":"","meta":{"jetpack_post_was_ever_published":false,"jetpack_publicize_message":"","jetpack_publicize_feature_enabled":true,"jetpack_social_post_already_shared":false,"jetpack_social_options":{"image_generator_settings":{"template":"highway","enabled":false},"version":2}},"product_brand":[],"product_cat":[137],"product_tag":[143,146,147,140,138,149,142,141],"class_list":{"0":"post-477","1":"product","2":"type-product","3":"status-publish","4":"has-post-thumbnail","6":"product_cat-paquetes-turisticos","7":"product_tag-aventura","8":"product_tag-caminatas-ecologicas","9":"product_tag-canopy","10":"product_tag-natural-extreme-travel","11":"product_tag-paquetes-turisticos","12":"product_tag-pasadia-entre-nubes","13":"product_tag-rafting","14":"product_tag-torrentismo","16":"first","17":"instock","18":"shipping-taxable","19":"product-type-simple"},"jetpack_publicize_connections":[],"jetpack_sharing_enabled":true,"_links":{"self":[{"href":"https:\/\/www.agenciapyme.com\/centrodenegocios\/wp-json\/wp\/v2\/product\/477","targetHints":{"allow":["GET"]}}],"collection":[{"href":"https:\/\/www.agenciapyme.com\/centrodenegocios\/wp-json\/wp\/v2\/product"}],"about":[{"href":"https:\/\/www.agenciapyme.com\/centrodenegocios\/wp-json\/wp\/v2\/types\/product"}],"replies":[{"embeddable":true,"href":"https:\/\/www.agenciapyme.com\/centrodenegocios\/wp-json\/wp\/v2\/comments?post=477"}],"wp:featuredmedia":[{"embeddable":true,"href":"https:\/\/www.agenciapyme.com\/centrodenegocios\/wp-json\/wp\/v2\/media\/478"}],"wp:attachment":[{"href":"https:\/\/www.agenciapyme.com\/centrodenegocios\/wp-json\/wp\/v2\/media?parent=477"}],"wp:term":[{"taxonomy":"product_brand","embeddable":true,"href":"https:\/\/www.agenciapyme.com\/centrodenegocios\/wp-json\/wp\/v2\/product_brand?post=477"},{"taxonomy":"product_cat","embeddable":true,"href":"https:\/\/www.agenciapyme.com\/centrodenegocios\/wp-json\/wp\/v2\/product_cat?post=477"},{"taxonomy":"product_tag","embeddable":true,"href":"https:\/\/www.agenciapyme.com\/centrodenegocios\/wp-json\/wp\/v2\/product_tag?post=477"}],"curies":[{"name":"wp","href":"https:\/\/api.w.org\/{rel}","templated":true}]}}