{"id":471,"date":"2017-02-09T15:00:11","date_gmt":"2017-02-09T20:00:11","guid":{"rendered":"https:\/\/agenciapyme.com\/centrodenegocios\/?post_type=product&#038;p=471"},"modified":"2017-02-09T15:00:11","modified_gmt":"2017-02-09T20:00:11","slug":"canopy-torrentismo-piscina-natural-extreme-travel-115-000","status":"publish","type":"product","link":"https:\/\/www.agenciapyme.com\/centrodenegocios\/product\/canopy-torrentismo-piscina-natural-extreme-travel-115-000\/","title":{"rendered":"Canopy \/ Torrentismo \/ Piscina NATURAL EXTREME TRAVEL   $115.000"},"content":{"rendered":"<hr \/>\n<p style=\"text-align: justify;\"><em><strong>NATURAL EXTREME TRAVEL S.A.S.\u00a0<\/strong><\/em>Empresa con m\u00e1s de nueve a\u00f1os de experiencia, que \u00a0presta los servicios\u00a0de turismo de aventura y agro ecol\u00f3gico en el municipio de Nimaima, \u00a0Cundinamar<wbr \/>ca, a tan s\u00f3lo una hora y media de la ciudad de Bogot\u00e1 D.C. , saliendo por la calle 80 \u00f3 Autopista a Medell\u00edn.<\/p>\n<p style=\"text-align: justify;\">Incluye planes de uno, dos y tres d\u00edas distribuidos de tal forma que se pueden desarrollar actividades pedag\u00f3gicas de integraci\u00f3n y de aventura planteadas por\u00a0 <em>NATURAL EXTREME TRAVEL <\/em>disfrutando de un hermoso paisaje, en el mejor clima a 24 grados cent\u00edgrados, habitaciones de la mejor calidad que invitan al descanso, al conocimiento y sensaciones inolvidables, De igual manera los participantes tendr\u00e1n la oportunidad de disfrutar de los mejores platos de la regi\u00f3n\u00a0 en nuestra sede<strong> LA GRANJA DE LA T\u00cdA LOLO. \u00a0<\/strong><\/p>\n<p><strong><em>Como llegar a Nimaima, Cundinamarca<\/em><\/strong>.<\/p>\n<p><center><iframe loading=\"lazy\" src=\"https:\/\/www.google.com\/maps\/embed?pb=!1m18!1m12!1m3!1d3973.858736485611!2d-74.38773868565272!3d5.126449996279626!2m3!1f0!2f0!3f0!3m2!1i1024!2i768!4f13.1!3m3!1m2!1s0x8e408deec30405eb%3A0xac561fb9cb74c1c1!2sNimaima%2C+Cundinamarca!5e0!3m2!1ses!2sco!4v1486655777188\" width=\"560\" height=\"315\" frameborder=\"0\" allowfullscreen=\"allowfullscreen\"><\/iframe><\/center><center><\/center><center><\/center><center><br \/>\n<center><\/center><center><\/center><center><\/center><iframe loading=\"lazy\" src=\"https:\/\/www.youtube.com\/embed\/9GBjNSVvQD0\" width=\"560\" height=\"315\" frameborder=\"0\" allowfullscreen=\"allowfullscreen\"><\/iframe><\/center><center><\/center><center><\/p>\n<p style=\"text-align: left;\">TORRENTISMO:\u00a0Descenso de una cascada de 52 metros de altura. Es una de las mas maravillosas de la regi\u00f3n, donde la adrenalina y la exuberancia del paisaje le har\u00e1n recordar siempre esta gran actividad, incluye transporte de la granja a la cascada y regreso mas seguro de accidentes.<\/p>\n<p style=\"text-align: left;\">RAFTING \u00f3 CANOTAJE: Consiste en descender 10.5 kil\u00f3metros, por las aguas bravas del R\u00edo Negro y Pinzaima, en un bote neum\u00e1tico (inflable), con la ayuda de remos, sorteando los r\u00e1pidos que all\u00ed se encuentran y disfrutando de las verdaderas maravillas del paisaje. El mejor recorrido desde el parque las Salinas a Puerto Rico, incluye transporte al r\u00edo desde la granja y regreso y seguro de accidentes.<\/p>\n<p style=\"text-align: left;\">CANOPY: Recorrido de 1150 metros para atravesar\u00a0las altas monta\u00f1as de una cordillera a la otra, balance\u00e1ndose o suspendido en medio de la nada, es tan divertida como apasionante.<\/p>\n<p style=\"text-align: left;\">El equipo consiste en arneses, eslabones y poleas, con cuerdas que proporcionan la seguridad necesaria durante todo el recorrido. Las estructuras met\u00e1licas de despegue y aterrizaje est\u00e1n certificadas por los m\u00e1s expertos ingenieros. Estas plataformas se encuentran unidas por cables de acero, desde donde los visitantes se lanzan y recorren m\u00e1s de un kil\u00f3metro de distancia, a trav\u00e9s de r\u00edos, cascadas y bosques, colgados de un arn\u00e9s de m\u00e1xima seguridad.<\/p>\n<p style=\"text-align: left;\">CAMINATAS:\u00a0En un saludable plan se convierten las Eco-Traves\u00edas por diferentes parajes naturales ubicados en los alrededores de nuestro municipio, convirti\u00e9ndose en verdaderos para\u00edsos rodeados de aire puro, bosques, exuberante vegetaci\u00f3n y cristalinas fuentes de agua.<\/p>\n<p style=\"text-align: left;\">Esta actividad, adem\u00e1s de ser reconfortante y provechosa para el cuerpo y la salud, sirve para que las personas conozcan de cerca todo el patrimonio natural y de paso, aprendan a defender la naturaleza que los rodea.<\/p>\n<p style=\"text-align: left;\">Planteamos una serie de rutas apropiadas para cualquier tipo de caminante generando recorridos de esfuerzo variado y en varios terrenos, pasando por caminos de herradura, cultivos, bosques y lechos de quebradas.<\/p>\n<p><\/center><center><\/center><center><\/center><em><strong>PUBLICACIONES ANTERIORES<\/strong><\/em>:\u00a0<a href=\"http:\/\/www.agenciapyme.com\/2017\/01\/23\/turismo-de-aventura-en-las-goteras-de-bogota\/\" target=\"_blank\">http:\/\/www.agenciapyme.com\/2017\/01\/23\/turismo-de-aventura-en-las-goteras-de-bogota\/<\/a><\/p>\n<p><strong><em>MAYOR INFORMACI\u00d3N<\/em><\/strong>:\u00a0<a href=\"http:\/\/www.naturalextremetravel.com\" target=\"_blank\">http:\/\/www.naturalextremetravel.com<\/a><\/p>\n<p style=\"text-align: center;\"><strong><span data-toggle=\"tooltip\"  rel=\"tooltip\" data-placement=\"top\" title=\"YUDY PEDRAZA, tel\u00e9fono fijo: 57 2383220, celular: 3132085176 \/ 3162415106, correo: naturalextremetravel@gmail.com, Nimaima, Cundinamarca, Colombia.\">INFORMACI\u00d3N DE CONTACTO<\/span><\/strong><\/p>\n","protected":false},"excerpt":{"rendered":"<p><em>NATURAL EXTREME TRAVEL S.A.S <\/em>ofrece los servicios de; Canopy, \u00a0Rafting, Torrentism<wbr \/>o, Caminatas Ecol\u00f3gicas, Pista de Habilidade<wbr \/>s, Alimentaci\u00f3n, Alojamiento y Piscina.\u00a0\u00a0Los servicios cumplen al m\u00e1ximo con todas las exigencias de seguridad en los equipos, los procedimientos, atenci\u00f3n y capacitaci\u00f3n de nuestros gu\u00edas, que redunda en el bienestar y la satisfacci\u00f3n de nuestros visitantes.<\/p>\n","protected":false},"featured_media":472,"comment_status":"open","ping_status":"closed","template":"","meta":{"jetpack_post_was_ever_published":false,"jetpack_publicize_message":"","jetpack_publicize_feature_enabled":true,"jetpack_social_post_already_shared":false,"jetpack_social_options":{"image_generator_settings":{"template":"highway","enabled":false},"version":2}},"product_brand":[],"product_cat":[137],"product_tag":[143,146,147,140,138,148,142,141],"class_list":{"0":"post-471","1":"product","2":"type-product","3":"status-publish","4":"has-post-thumbnail","6":"product_cat-paquetes-turisticos","7":"product_tag-aventura","8":"product_tag-caminatas-ecologicas","9":"product_tag-canopy","10":"product_tag-natural-extreme-travel","11":"product_tag-paquetes-turisticos","12":"product_tag-piscina","13":"product_tag-rafting","14":"product_tag-torrentismo","16":"first","17":"instock","18":"shipping-taxable","19":"product-type-simple"},"jetpack_publicize_connections":[],"jetpack_sharing_enabled":true,"_links":{"self":[{"href":"https:\/\/www.agenciapyme.com\/centrodenegocios\/wp-json\/wp\/v2\/product\/471","targetHints":{"allow":["GET"]}}],"collection":[{"href":"https:\/\/www.agenciapyme.com\/centrodenegocios\/wp-json\/wp\/v2\/product"}],"about":[{"href":"https:\/\/www.agenciapyme.com\/centrodenegocios\/wp-json\/wp\/v2\/types\/product"}],"replies":[{"embeddable":true,"href":"https:\/\/www.agenciapyme.com\/centrodenegocios\/wp-json\/wp\/v2\/comments?post=471"}],"wp:featuredmedia":[{"embeddable":true,"href":"https:\/\/www.agenciapyme.com\/centrodenegocios\/wp-json\/wp\/v2\/media\/472"}],"wp:attachment":[{"href":"https:\/\/www.agenciapyme.com\/centrodenegocios\/wp-json\/wp\/v2\/media?parent=471"}],"wp:term":[{"taxonomy":"product_brand","embeddable":true,"href":"https:\/\/www.agenciapyme.com\/centrodenegocios\/wp-json\/wp\/v2\/product_brand?post=471"},{"taxonomy":"product_cat","embeddable":true,"href":"https:\/\/www.agenciapyme.com\/centrodenegocios\/wp-json\/wp\/v2\/product_cat?post=471"},{"taxonomy":"product_tag","embeddable":true,"href":"https:\/\/www.agenciapyme.com\/centrodenegocios\/wp-json\/wp\/v2\/product_tag?post=471"}],"curies":[{"name":"wp","href":"https:\/\/api.w.org\/{rel}","templated":true}]}}