{"id":466,"date":"2017-02-09T13:14:11","date_gmt":"2017-02-09T18:14:11","guid":{"rendered":"https:\/\/agenciapyme.com\/centrodenegocios\/?post_type=product&#038;p=466"},"modified":"2017-02-09T14:21:48","modified_gmt":"2017-02-09T19:21:48","slug":"pasadia-aventura-adrenalina-natural-extreme-travel-82-000","status":"publish","type":"product","link":"https:\/\/www.agenciapyme.com\/centrodenegocios\/product\/pasadia-aventura-adrenalina-natural-extreme-travel-82-000\/","title":{"rendered":"Pasadia Aventura Adrenalina NATURAL EXTREME TRAVEL   $82.000"},"content":{"rendered":"<p><span style=\"color: #008080;\"><strong>PLAN PASADIA AVENTURA ADRENALINA<\/strong><\/span><\/p>\n<p style=\"text-align: justify;\">Cuando se trata de adrenalina, altura y grandes emociones sobran los valientes que quieren apuntarse, por otro lado est\u00e1n los menos convencidos que van por probar algo distinto y nunca faltan quienes son amigos de los valientes y van casi obligados. \u00bfCierto? Pues no importa en cu\u00e1l de las categor\u00edas est\u00e9 usted, lo importante es que al final del d\u00eda nada se disfruta m\u00e1s que el famoso &#8220;deporte de aventura&#8221;, que siempre resulta una forma ideal de salir de la rutina y sentirse vivo.<\/p>\n<p style=\"text-align: justify;\">Y casualmente en Nimaima, Cundinamarca, no nos cuesta nada encontrar buenas opciones para hacer este tipo de deportes. As\u00ed que sobran las opciones de calidad, cargadas de maravillas naturales y vistas espectaculares.<\/p>\n<p><em><strong>NATURAL EXTREME TRAVEL,\u00a0<\/strong><\/em> te invita a emprender una carrera contra el estr\u00e9s, toma las riendas de tu \u00a0viaje con este plan que tenemos para ti, lejos del ruido de la ciudad donde veras hermosos pasajes y estar\u00e1s en contacto directo con la naturaleza.<\/p>\n<p><strong><em>Como llegar a Nimaima, Cundinamarca<\/em><\/strong>.<\/p>\n<p><center><iframe loading=\"lazy\" src=\"https:\/\/www.google.com\/maps\/embed?pb=!1m18!1m12!1m3!1d3973.858736485611!2d-74.38773868565272!3d5.126449996279626!2m3!1f0!2f0!3f0!3m2!1i1024!2i768!4f13.1!3m3!1m2!1s0x8e408deec30405eb%3A0xac561fb9cb74c1c1!2sNimaima%2C+Cundinamarca!5e0!3m2!1ses!2sco!4v1486655777188\" width=\"560\" height=\"315\" frameborder=\"0\" allowfullscreen=\"allowfullscreen\"><\/iframe><\/center><center><\/center><center><\/center><center><br \/>\n<center><\/center><center><\/center><center><\/center><iframe loading=\"lazy\" src=\"https:\/\/www.youtube.com\/embed\/9GBjNSVvQD0\" width=\"560\" height=\"315\" frameborder=\"0\" allowfullscreen=\"allowfullscreen\"><\/iframe><\/center><center><iframe loading=\"lazy\" src=\"https:\/\/www.youtube.com\/embed\/ZDDA8y8yvaY\" width=\"560\" height=\"315\" frameborder=\"0\" allowfullscreen=\"allowfullscreen\"><\/iframe><\/center><center><iframe loading=\"lazy\" src=\"https:\/\/www.youtube.com\/embed\/RbdSX0twMcg\" width=\"560\" height=\"315\" frameborder=\"0\" allowfullscreen=\"allowfullscreen\"><\/iframe><\/center>&nbsp;<\/p>\n<p><em><strong>PUBLICACIONES ANTERIORES<\/strong><\/em>:\u00a0<a href=\"http:\/\/www.agenciapyme.com\/2017\/01\/23\/turismo-de-aventura-en-las-goteras-de-bogota\/\" target=\"_blank\">http:\/\/www.agenciapyme.com\/2017\/01\/23\/turismo-de-aventura-en-las-goteras-de-bogota\/<\/a><\/p>\n<p><strong><em>MAYOR INFORMACI\u00d3N<\/em><\/strong>:\u00a0<a href=\"http:\/\/www.naturalextremetravel.com\" target=\"_blank\">http:\/\/www.naturalextremetravel.com<\/a><\/p>\n<p style=\"text-align: center;\"><strong><span data-toggle=\"tooltip\"  rel=\"tooltip\" data-placement=\"top\" title=\"YUDY PEDRAZA, tel\u00e9fono fijo: 57 2383220, celular: 3132085176 \/ 3162415106, correo: naturalextremetravel@gmail.com, Nimaima, Cundinamarca, Colombia.\">INFORMACI\u00d3N DE CONTACTO<\/span><\/strong><\/p>\n","protected":false},"excerpt":{"rendered":"<p><em>NATURAL EXTREME TRAVEL<\/em>\u00a0ofrece diferentes actividades emocionantes como lo es la aventura en bote practicando el Rafting, hasta cascadas exuberantes ideales para hacer Torrentismo, todo esto para que pasases \u00a0unas vacaciones familiares inolvidables.<\/p>\n<table>\n<tbody>\n<tr>\n<td width=\"378\"><strong>Pasadia Aventura Adrenalina, incluye los siguientes servicios:<\/strong><\/td>\n<\/tr>\n<tr>\n<td width=\"378\"><strong>RAFTING 10.5 KILOMETROS\u00a0<\/strong><\/td>\n<\/tr>\n<tr>\n<td width=\"378\"><strong>ALMUERZO EJECUTIVO<\/strong><\/p>\n<p>Sopa, bandeja con carne o pollo, arroz, papa y ensalada de la casa y jugo natural<\/td>\n<\/tr>\n<tr>\n<td width=\"378\">\u00a0<strong>TORRENTISMO 52 METROS DE DESCENSO<\/strong><\/td>\n<\/tr>\n<\/tbody>\n<\/table>\n<p><strong>COSTO POR PERSONA $ 82.000<\/strong><\/p>\n","protected":false},"featured_media":463,"comment_status":"open","ping_status":"closed","template":"","meta":{"jetpack_post_was_ever_published":false,"jetpack_publicize_message":"","jetpack_publicize_feature_enabled":true,"jetpack_social_post_already_shared":false,"jetpack_social_options":{"image_generator_settings":{"template":"highway","enabled":false},"version":2}},"product_brand":[],"product_cat":[137],"product_tag":[143,140,138,145,142,141,144],"class_list":{"0":"post-466","1":"product","2":"type-product","3":"status-publish","4":"has-post-thumbnail","6":"product_cat-paquetes-turisticos","7":"product_tag-aventura","8":"product_tag-natural-extreme-travel","9":"product_tag-paquetes-turisticos","10":"product_tag-pasadia-aventura-adrenalina","11":"product_tag-rafting","12":"product_tag-torrentismo","13":"product_tag-turismo-ecologico","15":"first","16":"instock","17":"shipping-taxable","18":"product-type-simple"},"jetpack_publicize_connections":[],"jetpack_sharing_enabled":true,"_links":{"self":[{"href":"https:\/\/www.agenciapyme.com\/centrodenegocios\/wp-json\/wp\/v2\/product\/466","targetHints":{"allow":["GET"]}}],"collection":[{"href":"https:\/\/www.agenciapyme.com\/centrodenegocios\/wp-json\/wp\/v2\/product"}],"about":[{"href":"https:\/\/www.agenciapyme.com\/centrodenegocios\/wp-json\/wp\/v2\/types\/product"}],"replies":[{"embeddable":true,"href":"https:\/\/www.agenciapyme.com\/centrodenegocios\/wp-json\/wp\/v2\/comments?post=466"}],"wp:featuredmedia":[{"embeddable":true,"href":"https:\/\/www.agenciapyme.com\/centrodenegocios\/wp-json\/wp\/v2\/media\/463"}],"wp:attachment":[{"href":"https:\/\/www.agenciapyme.com\/centrodenegocios\/wp-json\/wp\/v2\/media?parent=466"}],"wp:term":[{"taxonomy":"product_brand","embeddable":true,"href":"https:\/\/www.agenciapyme.com\/centrodenegocios\/wp-json\/wp\/v2\/product_brand?post=466"},{"taxonomy":"product_cat","embeddable":true,"href":"https:\/\/www.agenciapyme.com\/centrodenegocios\/wp-json\/wp\/v2\/product_cat?post=466"},{"taxonomy":"product_tag","embeddable":true,"href":"https:\/\/www.agenciapyme.com\/centrodenegocios\/wp-json\/wp\/v2\/product_tag?post=466"}],"curies":[{"name":"wp","href":"https:\/\/api.w.org\/{rel}","templated":true}]}}