{"id":460,"date":"2017-02-09T11:19:10","date_gmt":"2017-02-09T16:19:10","guid":{"rendered":"https:\/\/agenciapyme.com\/centrodenegocios\/?post_type=product&#038;p=460"},"modified":"2017-02-09T13:16:58","modified_gmt":"2017-02-09T18:16:58","slug":"pasadia-aventura-natural-extreme-travel-55-000","status":"publish","type":"product","link":"https:\/\/www.agenciapyme.com\/centrodenegocios\/product\/pasadia-aventura-natural-extreme-travel-55-000\/","title":{"rendered":"Pasadia Aventura NATURAL EXTREME TRAVEL   $55.000"},"content":{"rendered":"<p><em><strong>NATURAL EXTREME TRAVEL,\u00a0<\/strong><\/em> te invita a emprender una carrera contra el estr\u00e9s, toma las riendas de tu \u00a0viaje con este plan que tenemos para ti, lejos del ruido de la ciudad donde veras hermosos pasajes y estar\u00e1s en contacto directo con la naturaleza.<\/p>\n<p><strong><em>Como llegar a Nimaima, Cundinamarca<\/em><\/strong>.<\/p>\n<p><center><iframe loading=\"lazy\" style=\"border: 0;\" src=\"https:\/\/www.google.com\/maps\/embed?pb=!1m18!1m12!1m3!1d3973.858736485611!2d-74.38773868565272!3d5.126449996279626!2m3!1f0!2f0!3f0!3m2!1i1024!2i768!4f13.1!3m3!1m2!1s0x8e408deec30405eb%3A0xac561fb9cb74c1c1!2sNimaima%2C+Cundinamarca!5e0!3m2!1ses!2sco!4v1486655777188\" width=\"560\" height=\"315\" frameborder=\"0\" allowfullscreen=\"allowfullscreen\"><\/iframe><\/center>&nbsp;<\/p>\n<p>&nbsp;<\/p>\n<p><center><iframe loading=\"lazy\" src=\"https:\/\/www.youtube.com\/embed\/RbdSX0twMcg\" width=\"560\" height=\"315\" frameborder=\"0\" allowfullscreen=\"allowfullscreen\"><\/iframe><\/center><center><iframe loading=\"lazy\" src=\"https:\/\/www.youtube.com\/embed\/XdwlwKBiFQY\" width=\"560\" height=\"315\" frameborder=\"0\" allowfullscreen=\"allowfullscreen\"><\/iframe><\/center><center><iframe loading=\"lazy\" src=\"https:\/\/www.youtube.com\/embed\/w6AqDitLxto\" width=\"560\" height=\"315\" frameborder=\"0\" allowfullscreen=\"allowfullscreen\"><\/iframe><\/center><em><strong>PUBLICACIONES ANTERIORES<\/strong><\/em>:\u00a0<a href=\"http:\/\/www.agenciapyme.com\/2017\/01\/23\/turismo-de-aventura-en-las-goteras-de-bogota\/\" target=\"_blank\">http:\/\/www.agenciapyme.com\/2017\/01\/23\/turismo-de-aventura-en-las-goteras-de-bogota\/<\/a><\/p>\n<p><strong><em>MAYOR INFORMACI\u00d3N<\/em><\/strong>:\u00a0<a href=\"http:\/\/www.naturalextremetravel.com\" target=\"_blank\">http:\/\/www.naturalextremetravel.com<\/a><\/p>\n<p>&nbsp;<\/p>\n<p style=\"text-align: center;\"><strong><span data-toggle=\"tooltip\"  rel=\"tooltip\" data-placement=\"top\" title=\"YUDY PEDRAZA, tel\u00e9fono fijo: 57 2383220, celular: 3132085176 \/ 3162415106, correo: naturalextremetravel@gmail.com, Nimaima, Cundinamarca, Colombia.\">INFORMACI\u00d3N DE CONTACTO<\/span><\/strong><\/p>\n","protected":false},"excerpt":{"rendered":"<p>Nuestra Empresa <strong><em>NATURAL EXTREME TRAVEL S.A.S.<\/em><\/strong>\u00a0 ha venido desarrollando actividades de turismo de aventura y agro ecol\u00f3gico, en el municipio de Nimaima, Cundinamarca, a tan s\u00f3lo una hora y media de la ciudad de\u00a0 Bogot\u00e1 D.C. , saliendo por la calle 80 \u00f3 Autopista a Medell\u00edn.<\/p>\n<p>Disfrutando de un hermoso paisaje, en el mejor clima a 24 grados cent\u00edgrados. \u00a0De igual manera los participantes tendr\u00e1n la oportunidad de disfrutar de los mejores platos de la regi\u00f3n\u00a0 en nuestra sede\u00a0<strong>LA GRANJA DE LA T\u00cdA LOLO.\u00a0 \u00a0<\/strong><\/p>\n<p>&nbsp;<\/p>\n<table>\n<tbody>\n<tr>\n<td width=\"378\"><b>Pasadia Aventura, incluye los siguientes servicios:<\/b><\/td>\n<\/tr>\n<tr>\n<td width=\"378\"><strong>RAFTING 10.5 KILOMETROS \u00a0 \u00f3 TORRENTISMO 52 METROS DE DESCENSO<\/strong><\/td>\n<\/tr>\n<tr>\n<td width=\"378\"><strong>ALMUERZO EJECUTIVO<\/strong><\/p>\n<p>Sopa, bandeja con carne o pollo, arroz, papa y ensalada de la casa y jugo natural<\/td>\n<\/tr>\n<tr>\n<td width=\"378\"><strong>PISCINA<\/strong><\/td>\n<\/tr>\n<\/tbody>\n<\/table>\n<p><strong>COSTO POR PERSONA $55.000\u00a0<\/strong><\/p>\n","protected":false},"featured_media":461,"comment_status":"open","ping_status":"closed","template":"","meta":{"jetpack_post_was_ever_published":false,"jetpack_publicize_message":"","jetpack_publicize_feature_enabled":true,"jetpack_social_post_already_shared":false,"jetpack_social_options":{"image_generator_settings":{"template":"highway","enabled":false},"version":2}},"product_brand":[],"product_cat":[137],"product_tag":[143,140,139,138,142,141,144],"class_list":{"0":"post-460","1":"product","2":"type-product","3":"status-publish","4":"has-post-thumbnail","6":"product_cat-paquetes-turisticos","7":"product_tag-aventura","8":"product_tag-natural-extreme-travel","9":"product_tag-nimaima","10":"product_tag-paquetes-turisticos","11":"product_tag-rafting","12":"product_tag-torrentismo","13":"product_tag-turismo-ecologico","15":"first","16":"instock","17":"shipping-taxable","18":"product-type-simple"},"jetpack_publicize_connections":[],"jetpack_sharing_enabled":true,"_links":{"self":[{"href":"https:\/\/www.agenciapyme.com\/centrodenegocios\/wp-json\/wp\/v2\/product\/460","targetHints":{"allow":["GET"]}}],"collection":[{"href":"https:\/\/www.agenciapyme.com\/centrodenegocios\/wp-json\/wp\/v2\/product"}],"about":[{"href":"https:\/\/www.agenciapyme.com\/centrodenegocios\/wp-json\/wp\/v2\/types\/product"}],"replies":[{"embeddable":true,"href":"https:\/\/www.agenciapyme.com\/centrodenegocios\/wp-json\/wp\/v2\/comments?post=460"}],"wp:featuredmedia":[{"embeddable":true,"href":"https:\/\/www.agenciapyme.com\/centrodenegocios\/wp-json\/wp\/v2\/media\/461"}],"wp:attachment":[{"href":"https:\/\/www.agenciapyme.com\/centrodenegocios\/wp-json\/wp\/v2\/media?parent=460"}],"wp:term":[{"taxonomy":"product_brand","embeddable":true,"href":"https:\/\/www.agenciapyme.com\/centrodenegocios\/wp-json\/wp\/v2\/product_brand?post=460"},{"taxonomy":"product_cat","embeddable":true,"href":"https:\/\/www.agenciapyme.com\/centrodenegocios\/wp-json\/wp\/v2\/product_cat?post=460"},{"taxonomy":"product_tag","embeddable":true,"href":"https:\/\/www.agenciapyme.com\/centrodenegocios\/wp-json\/wp\/v2\/product_tag?post=460"}],"curies":[{"name":"wp","href":"https:\/\/api.w.org\/{rel}","templated":true}]}}