{"id":436,"date":"2017-02-07T16:21:39","date_gmt":"2017-02-07T21:21:39","guid":{"rendered":"https:\/\/agenciapyme.com\/centrodenegocios\/?post_type=product&#038;p=436"},"modified":"2017-02-07T16:21:39","modified_gmt":"2017-02-07T21:21:39","slug":"pulsera-perla-de-agua-tissu-design-37-200","status":"publish","type":"product","link":"https:\/\/www.agenciapyme.com\/centrodenegocios\/product\/pulsera-perla-de-agua-tissu-design-37-200\/","title":{"rendered":"Pulsera Perla de Agua TISSU DESIGN   $37.200"},"content":{"rendered":"<div class=\"\"><\/div>\n<div class=\"\">\n<p style=\"text-align: justify;\"><em><strong>TISSU DESIGN<\/strong><\/em>\u00a0 es una empresa, que dise\u00f1a, produce y comercializa, joyas en fibras naturales que cuentan historias, 100% artesanales, hechos en Colombia, naturales y eco-amigables, tenemos como objetivo rescatar las fibras naturales colombianas para usarlas en el contexto de la joyer\u00eda contempor\u00e1nea, marcando tendencia en piezas artesanales. Llevamos 3 a\u00f1os en el mercado colombiano, con experiencia en el mercado internacional, logrando observar que el mercado extranjero encuentran nuestro productos atractivos, ya que contamos una historia a trav\u00e9s de las piezas.<\/p>\n<div class=\"\" style=\"text-align: justify;\">Tenemos proyectado en el 2017 asistir a ferias a nivel internacional, de igual forma estamos abiertos a tener representantes comerciales en el exterior, canales de distribuci\u00f3n a nivel nacional e internacional.<\/div>\n<div class=\"\" style=\"text-align: justify;\">Los invitamos a conocer nuestro Showroom, para que vivan una experiencia natural en la <strong>carrera 19 # 36-55, Casa Sole en el Domo, en Bogot\u00e1.<\/strong><\/div>\n<div class=\"\" style=\"text-align: justify;\"><\/div>\n<\/div>\n<p><center><iframe loading=\"lazy\" src=\"https:\/\/www.google.com\/maps\/embed?pb=!1m18!1m12!1m3!1d3976.8220124425725!2d-74.07550948593291!3d4.625823143592017!2m3!1f0!2f0!3f0!3m2!1i1024!2i768!4f13.1!3m3!1m2!1s0x8e3f99809205fd77%3A0xe90d7ccb63b23952!2sCra.+19+%2336-55%2C+Bogot%C3%A1!5e0!3m2!1ses-419!2sco!4v1486497484355\" width=\"560\" height=\"315\" frameborder=\"0\" allowfullscreen=\"allowfullscreen\"><\/iframe><\/center><\/p>\n<div class=\"\" style=\"text-align: justify;\"><\/div>\n<div class=\"\">\n<div class=\"\" style=\"text-align: justify;\"><em><strong>PUBLICACIONES ANTERIORES:\u00a0<a href=\"http:\/\/www.agenciapyme.com\/2017\/02\/07\/aprende-a-dibujar-y-disenar-joyeria\/\" target=\"_blank\">http:\/\/www.agenciapyme.com\/2017\/02\/07\/aprende-a-dibujar-y-disenar-joyeria\/<\/a><\/strong><\/em><\/div>\n<\/div>\n<div class=\"\" style=\"text-align: justify;\">\n<div class=\"\" style=\"text-align: justify;\"><em><strong>PUBLICACIONES ANTERIORES:\u00a0<a href=\"http:\/\/www.agenciapyme.com\/2016\/12\/15\/tissu-design-delicadeza-y-amor-en-fibras-naturales\/\" target=\"_blank\">http:\/\/www.agenciapyme.com\/2016\/12\/15\/tissu-design-delicadeza-y-amor-en-fibras-naturales\/<\/a><\/strong><\/em><\/div>\n<\/div>\n<div class=\"\">\n<p><strong><em>MAYOR INFORMACI\u00d3N:\u00a0<a href=\"http:\/\/www.tissudesign.com\" target=\"_blank\">http:\/\/www.tissudesign.com<\/a><\/em><\/strong><\/p>\n<\/div>\n<p style=\"text-align: center;\"><strong><span data-toggle=\"tooltip\"  rel=\"tooltip\" data-placement=\"top\" title=\"DIANA GUERRERO celular 3102598012 correos: dianaguerrero@tissudesign.com, tissudesign1@gmail.com, Carrera 19 # 36-55 Bogot\u00e1, Colombia\">INFORMACI\u00d3N DE CONTACTO<\/span><\/strong><\/p>\n<div class=\"\"><strong>\u00a0<\/strong><\/div>\n","protected":false},"excerpt":{"rendered":"<p>Caracter\u00edsticas \/ Detalles:<\/p>\n<ul>\n<li>19 cm con intervalos de tallas<\/li>\n<li>0.5 cm de ancho<\/li>\n<li>3.1 g peso<\/li>\n<\/ul>\n<p><strong>De la Colecci\u00f3n Aurora:<\/strong>\u00a0Pulsera hecha a mano en fibra natural de fique caf\u00e9 trenzado con perla de agua y\u00a0terminaciones en plata.<\/p>\n<p>En <strong>Tissu Desing<\/strong>,\u00a0estamos trabaja<span class=\"text_exposed_show\">ndo para tejer m\u00e1s all\u00e1 de las fronteras. Por ello ofrecemos nuestros productos para ser comercializados tanto a nivel nacional como internacional.<\/span><\/p>\n","protected":false},"featured_media":437,"comment_status":"open","ping_status":"closed","template":"","meta":{"jetpack_post_was_ever_published":false,"jetpack_publicize_message":"","jetpack_publicize_feature_enabled":true,"jetpack_social_post_already_shared":false,"jetpack_social_options":{"image_generator_settings":{"template":"highway","enabled":false},"version":2}},"product_brand":[],"product_cat":[123],"product_tag":[56,127,129,130,126],"class_list":{"0":"post-436","1":"product","2":"type-product","3":"status-publish","4":"has-post-thumbnail","6":"product_cat-joyeria","7":"product_tag-artesanias","8":"product_tag-joyeria","9":"product_tag-pulsera-perla-de-agua","10":"product_tag-pulseras","11":"product_tag-tissu-desing","13":"first","14":"instock","15":"shipping-taxable","16":"product-type-simple"},"jetpack_publicize_connections":[],"jetpack_sharing_enabled":true,"_links":{"self":[{"href":"https:\/\/www.agenciapyme.com\/centrodenegocios\/wp-json\/wp\/v2\/product\/436","targetHints":{"allow":["GET"]}}],"collection":[{"href":"https:\/\/www.agenciapyme.com\/centrodenegocios\/wp-json\/wp\/v2\/product"}],"about":[{"href":"https:\/\/www.agenciapyme.com\/centrodenegocios\/wp-json\/wp\/v2\/types\/product"}],"replies":[{"embeddable":true,"href":"https:\/\/www.agenciapyme.com\/centrodenegocios\/wp-json\/wp\/v2\/comments?post=436"}],"wp:featuredmedia":[{"embeddable":true,"href":"https:\/\/www.agenciapyme.com\/centrodenegocios\/wp-json\/wp\/v2\/media\/437"}],"wp:attachment":[{"href":"https:\/\/www.agenciapyme.com\/centrodenegocios\/wp-json\/wp\/v2\/media?parent=436"}],"wp:term":[{"taxonomy":"product_brand","embeddable":true,"href":"https:\/\/www.agenciapyme.com\/centrodenegocios\/wp-json\/wp\/v2\/product_brand?post=436"},{"taxonomy":"product_cat","embeddable":true,"href":"https:\/\/www.agenciapyme.com\/centrodenegocios\/wp-json\/wp\/v2\/product_cat?post=436"},{"taxonomy":"product_tag","embeddable":true,"href":"https:\/\/www.agenciapyme.com\/centrodenegocios\/wp-json\/wp\/v2\/product_tag?post=436"}],"curies":[{"name":"wp","href":"https:\/\/api.w.org\/{rel}","templated":true}]}}