{"id":414,"date":"2017-02-06T22:00:57","date_gmt":"2017-02-07T03:00:57","guid":{"rendered":"https:\/\/agenciapyme.com\/centrodenegocios\/?post_type=product&#038;p=414"},"modified":"2017-02-06T22:00:57","modified_gmt":"2017-02-07T03:00:57","slug":"buzo-guipure-mister-jack-66-900","status":"publish","type":"product","link":"https:\/\/www.agenciapyme.com\/centrodenegocios\/product\/buzo-guipure-mister-jack-66-900\/","title":{"rendered":"Buzo Guipure MISTER JACK   $66.900"},"content":{"rendered":"<div><strong><em>MISTER JACK<\/em> <\/strong>es la marca comercial de moda colombiana, que pertenece a \u00a0INDIMODA S.A.S. creada por la dise\u00f1adora M\u00f3nica Alvarez, \u00a0quien con pasi\u00f3n y dedicaci\u00f3n ha sacado esta marca adelante, lleva dos a\u00f1os en el mercado bogotano dise\u00f1ando, produciendo y\u00a0comercializando prendas como chaquetas, busos y abrigos para mujeres. Est\u00e1 dirigida\u00a0a personas de 18 a 35 a\u00f1os \u00a0amantes del dise\u00f1o independiente.<\/div>\n<div>Los valores publicados en esta p\u00e1gina no incluyen IVA.<\/div>\n<div><\/div>\n<div><\/div>\n<div><\/div>\n<div><em><strong>PUBLICACIONES ANTERIORES:\u00a0<a href=\"http:\/\/www.agenciapyme.com\/2017\/01\/24\/mister-jack-diseno-de-moda-a-la-altura-de-bogota\/\" target=\"_blank\">http:\/\/www.agenciapyme.com\/2017\/01\/24\/mister-jack-diseno-de-moda-a-la-altura-de-bogota\/<\/a><\/strong><\/em><\/div>\n<div><\/div>\n<div><em><strong>MAYOR INFORMACI\u00d3N:\u00a0<a href=\"http:\/\/www.misterjack.com.co\">http:\/\/www.misterjack.com.co<\/a><\/strong><\/em><\/div>\n<div><\/div>\n<div style=\"text-align: center;\"><strong><span data-toggle=\"tooltip\"  rel=\"tooltip\" data-placement=\"top\" title=\"M\u00d3NICA ALVAREZ celular: 3214805694 correos: monica.misterjack@gmail.com, info@misterjack.com.co\">INFORMACI\u00d3N DE CONTACTO<\/span><\/strong><\/div>\n","protected":false},"excerpt":{"rendered":"<p>Buzo de tejido de punto con abertura al costado. Detalle de guipur en cuello. Silueta semi ajustada.<\/p>\n<p><em><strong>Mister Jack<\/strong><\/em> personaliza una marca de dise\u00f1o independiente, creada para alimentar ese esp\u00edritu creativo y aventurero que algunos llevamos dentro. Reinterpreta las tendencias para adaptarlas a un estilo de vida.<\/p>\n","protected":false},"featured_media":415,"comment_status":"open","ping_status":"closed","template":"","meta":{"jetpack_post_was_ever_published":false,"jetpack_publicize_message":"","jetpack_publicize_feature_enabled":true,"jetpack_social_post_already_shared":false,"jetpack_social_options":{"image_generator_settings":{"template":"highway","enabled":false},"version":2}},"product_brand":[],"product_cat":[104],"product_tag":[119,114,117,115,120],"class_list":{"0":"post-414","1":"product","2":"type-product","3":"status-publish","4":"has-post-thumbnail","6":"product_cat-ropa-para-mujer","7":"product_tag-buzo-guipure","8":"product_tag-buzo-mujer","9":"product_tag-buzos","10":"product_tag-mister-jack","11":"product_tag-tejido-de-punto","13":"first","14":"instock","15":"shipping-taxable","16":"product-type-simple"},"jetpack_publicize_connections":[],"jetpack_sharing_enabled":true,"_links":{"self":[{"href":"https:\/\/www.agenciapyme.com\/centrodenegocios\/wp-json\/wp\/v2\/product\/414","targetHints":{"allow":["GET"]}}],"collection":[{"href":"https:\/\/www.agenciapyme.com\/centrodenegocios\/wp-json\/wp\/v2\/product"}],"about":[{"href":"https:\/\/www.agenciapyme.com\/centrodenegocios\/wp-json\/wp\/v2\/types\/product"}],"replies":[{"embeddable":true,"href":"https:\/\/www.agenciapyme.com\/centrodenegocios\/wp-json\/wp\/v2\/comments?post=414"}],"wp:featuredmedia":[{"embeddable":true,"href":"https:\/\/www.agenciapyme.com\/centrodenegocios\/wp-json\/wp\/v2\/media\/415"}],"wp:attachment":[{"href":"https:\/\/www.agenciapyme.com\/centrodenegocios\/wp-json\/wp\/v2\/media?parent=414"}],"wp:term":[{"taxonomy":"product_brand","embeddable":true,"href":"https:\/\/www.agenciapyme.com\/centrodenegocios\/wp-json\/wp\/v2\/product_brand?post=414"},{"taxonomy":"product_cat","embeddable":true,"href":"https:\/\/www.agenciapyme.com\/centrodenegocios\/wp-json\/wp\/v2\/product_cat?post=414"},{"taxonomy":"product_tag","embeddable":true,"href":"https:\/\/www.agenciapyme.com\/centrodenegocios\/wp-json\/wp\/v2\/product_tag?post=414"}],"curies":[{"name":"wp","href":"https:\/\/api.w.org\/{rel}","templated":true}]}}