{"id":396,"date":"2017-02-06T18:39:38","date_gmt":"2017-02-06T23:39:38","guid":{"rendered":"https:\/\/agenciapyme.com\/centrodenegocios\/?post_type=product&#038;p=396"},"modified":"2017-02-06T18:41:08","modified_gmt":"2017-02-06T23:41:08","slug":"bolso-playero-amanc-80-000","status":"publish","type":"product","link":"https:\/\/www.agenciapyme.com\/centrodenegocios\/product\/bolso-playero-amanc-80-000\/","title":{"rendered":"Bolso Playero AMANC   $80.000"},"content":{"rendered":"<p><em><strong>Asociaci\u00f3n de Mujeres Artesanas Coco Nuevo, AMACN.\u00a0<\/strong><\/em>Es una empresa comunitaria integrada por mujeres nativas de la comunidad ind\u00edgena, Coco Nuevo, en la ciudad de In\u00edrida, departamento del Guain\u00eda, en Colombia. AMACN produce y comercializa artesan\u00edas de alta calidad, \u00a0elaborados a mano por ind\u00edgenas del resguardo Coco Coayare. Los materiales son extra\u00eddos de la palma nativa de Guain\u00eda, \u00a0Palma de Chiqui Chiqui, \u00a0la cual brota una cabellera y de ah\u00ed se extrae el insumo de las artesan\u00edas. \u00a0As\u00ed mimo se beneficia de la materia prima de la Palma de Moriche, aprovechando el cogollo. Un alto porcentaje de colores de las artesan\u00edas son naturales, \u00a0extractados de hojas, ra\u00edces, cascaras y semillas del entorno.<\/p>\n<p><em><strong>PUBLICACIONES ANTERIORES<\/strong><\/em>:\u00a0<a href=\"http:\/\/www.agenciapyme.com\/2017\/01\/17\/indigenas-artesanos-de-puerto-inirida-necesitan-herramientas-con-urgencia-agenciapyme\/\" target=\"_blank\">http:\/\/www.agenciapyme.com\/2017\/01\/17\/indigenas-artesanos-de-puerto-inirida-necesitan-herramientas-con-urgencia-agenciapyme\/<\/a><\/p>\n<p>Direcci\u00f3n:\u00a0Carrera 8B # 3-11Sur, Bogot\u00e1, Colombia<\/p>\n<p><center><iframe loading=\"lazy\" src=\"https:\/\/www.google.com\/maps\/embed?pb=!1m18!1m12!1m3!1d3977.0167177878693!2d-74.08291208565517!3d4.591022596664656!2m3!1f0!2f0!3f0!3m2!1i1024!2i768!4f13.1!3m3!1m2!1s0x8e3f99013cc5072f%3A0x776ed7988b551b22!2zQ3JhLiA4ICMzLTExLCBCb2dvdMOh!5e0!3m2!1ses-419!2sco!4v1486416632993\" width=\"560\" height=\"315\" frameborder=\"0\" allowfullscreen=\"allowfullscreen\"><\/iframe><\/center><center><\/center><center><strong><span data-toggle=\"tooltip\"  rel=\"tooltip\" data-placement=\"top\" title=\"YULEIMA URANGO LOBO celulares: 3123517023 \/ 3132248621 \/ 3155193602 correo: anucurcolombia@gmail.com TATIANA CAMACHO celular: 3015420454 correo: ticamacho9@gmail.com\">INFORMACI\u00d3N DE CONTACTO<\/span><\/strong><\/center>&nbsp;<\/p>\n","protected":false},"excerpt":{"rendered":"<p><em><strong>Asociaci\u00f3n de Mujeres Artesanas Coco Nuevo, AMACN:\u00a0<\/strong>Ofrece sus productos elaborados a mano por ind\u00edgenas del resguardo Coco Coayare, en el departamento del Guain\u00eda, para que sean comercializados a nivel nacional e internacional.<\/em><\/p>\n","protected":false},"featured_media":397,"comment_status":"open","ping_status":"closed","template":"","meta":{"jetpack_post_was_ever_published":false,"jetpack_publicize_message":"","jetpack_publicize_feature_enabled":true,"jetpack_social_post_already_shared":false,"jetpack_social_options":{"image_generator_settings":{"template":"highway","enabled":false},"version":2}},"product_brand":[],"product_cat":[51],"product_tag":[100,56,101,108,107],"class_list":{"0":"post-396","1":"product","2":"type-product","3":"status-publish","4":"has-post-thumbnail","6":"product_cat-bolsos-carteras-y-monederos","7":"product_tag-amacn","8":"product_tag-artesanias","9":"product_tag-asociacion-de-mujeres-artesanas-coco-nuevo","10":"product_tag-bolso-playero","11":"product_tag-bolsos","13":"first","14":"instock","15":"shipping-taxable","16":"product-type-simple"},"jetpack_publicize_connections":[],"jetpack_sharing_enabled":true,"_links":{"self":[{"href":"https:\/\/www.agenciapyme.com\/centrodenegocios\/wp-json\/wp\/v2\/product\/396","targetHints":{"allow":["GET"]}}],"collection":[{"href":"https:\/\/www.agenciapyme.com\/centrodenegocios\/wp-json\/wp\/v2\/product"}],"about":[{"href":"https:\/\/www.agenciapyme.com\/centrodenegocios\/wp-json\/wp\/v2\/types\/product"}],"replies":[{"embeddable":true,"href":"https:\/\/www.agenciapyme.com\/centrodenegocios\/wp-json\/wp\/v2\/comments?post=396"}],"wp:featuredmedia":[{"embeddable":true,"href":"https:\/\/www.agenciapyme.com\/centrodenegocios\/wp-json\/wp\/v2\/media\/397"}],"wp:attachment":[{"href":"https:\/\/www.agenciapyme.com\/centrodenegocios\/wp-json\/wp\/v2\/media?parent=396"}],"wp:term":[{"taxonomy":"product_brand","embeddable":true,"href":"https:\/\/www.agenciapyme.com\/centrodenegocios\/wp-json\/wp\/v2\/product_brand?post=396"},{"taxonomy":"product_cat","embeddable":true,"href":"https:\/\/www.agenciapyme.com\/centrodenegocios\/wp-json\/wp\/v2\/product_cat?post=396"},{"taxonomy":"product_tag","embeddable":true,"href":"https:\/\/www.agenciapyme.com\/centrodenegocios\/wp-json\/wp\/v2\/product_tag?post=396"}],"curies":[{"name":"wp","href":"https:\/\/api.w.org\/{rel}","templated":true}]}}