{"id":369,"date":"2017-02-04T10:49:27","date_gmt":"2017-02-04T15:49:27","guid":{"rendered":"https:\/\/agenciapyme.com\/centrodenegocios\/?post_type=product&#038;p=369"},"modified":"2017-09-05T19:56:10","modified_gmt":"2017-09-06T00:56:10","slug":"falda-short-malu-tallas-sm-41-999","status":"publish","type":"product","link":"https:\/\/www.agenciapyme.com\/centrodenegocios\/product\/falda-short-malu-tallas-sm-41-999\/","title":{"rendered":"Falda Short MAL\u00da Tallas SM   $41.999"},"content":{"rendered":"<p style=\"text-align: left;\"><strong><em>MAL\u00da PRENDAS \u00daNICAS. <\/em><\/strong><em>Empresa que nace el 10 de agosto de 2015 y<\/em>\u00a0surge por la necesidad de satisfacer la forma vestir de mujeres dedicadas al cuidado del cuerpo, la mente y la vida saludable, pero\u00a0 tambi\u00e9n por la falta de tiempo para adquirir los productos, \u00a0la poca oferta de estos a precios asequibles.<\/p>\n<p><em>MAL\u00da PRENDAS \u00daNICAS<\/em>, en la actualidad se dedica al dise\u00f1o, confecci\u00f3n, comercializaci\u00f3n de prendas deportivas y pijamas para damas. Cuenta con una fuerza de venta (ventas por cat\u00e1logo) de 30 personas distribuidas en la ciudad de Ibagu\u00e9, Melgar, Bogot\u00e1, Neiva y Cali, con 6 puntos como distribuidor autorizado (Gimnasios) y su nuevo punto de venta ubicado en la ciudad de Ibagu\u00e9. Llegando a regiones de Arauca y Guajira.<\/p>\n<p>Ofrecemos a nuestros clientes prendas de la mejor calidad, con precios a su alcance, pero lo m\u00e1s importante\u2026 No vendemos productos, ofrecemos una experiencia de compra inolvidable.<\/p>\n<p><strong>PUBLICACIONES ANTERIORES:\u00a0<a href=\"http:\/\/www.agenciapyme.com\/2016\/11\/29\/malu-ropa-deportiva-con-mucho-gusto-y-comodidad\/\" target=\"_blank\">http:\/\/www.agenciapyme.com\/2016\/11\/29\/malu-ropa-deportiva-con-mucho-gusto-y-comodidad\/<\/a><\/strong><\/p>\n<p>Direcci\u00f3n:\u00a0Carrera 11 # 37-44 Ibagu\u00e9, Tolima, Colombia<\/p>\n<p><center><iframe loading=\"lazy\" src=\"https:\/\/www.google.com\/maps\/embed?pb=!1m18!1m12!1m3!1d3977.823861460891!2d-75.21705998565572!3d4.443858896770713!2m3!1f0!2f0!3f0!3m2!1i1024!2i768!4f13.1!3m3!1m2!1s0x8e38c4f05b2443bb%3A0x29b4003dbccfb088!2sCra.+11+%2337-44%2C+Ibagu%C3%A9%2C+Tolima!5e0!3m2!1ses-419!2sco!4v1486162150355\" width=\"560\" height=\"315\" frameborder=\"0\" allowfullscreen=\"allowfullscreen\"><\/iframe><\/center>&nbsp;<\/p>\n<p style=\"text-align: center;\"><strong><span data-toggle=\"tooltip\"  rel=\"tooltip\" data-placement=\"top\" title=\"LUISA FERNANDA DUQUE NARVAEZ celular: 3166622590, correo: maluprendasunicas@gmail.com , Facebook: mal\u00fa prendas \u00fanicas , Instagram : @maluprendasunicas\">INFORMACI\u00d3N DE CONTACTO<\/span><\/strong><\/p>\n","protected":false},"excerpt":{"rendered":"<p>Nuestra marca es una marca 100% tolimense, preocupados\u00a0\u00a0en especial por las personas que disfrutan el deporte. Nos identifica el sentido de pertenencia y la generaci\u00f3n de empleos en la regi\u00f3n.<\/p>\n","protected":false},"featured_media":370,"comment_status":"open","ping_status":"closed","template":"","meta":{"jetpack_post_was_ever_published":false,"jetpack_publicize_message":"","jetpack_publicize_feature_enabled":true,"jetpack_social_post_already_shared":false,"jetpack_social_options":{"image_generator_settings":{"template":"highway","enabled":false},"version":2}},"product_brand":[],"product_cat":[86,104],"product_tag":[92,89,88,87,90],"class_list":{"0":"post-369","1":"product","2":"type-product","3":"status-publish","4":"has-post-thumbnail","6":"product_cat-ropa-deportiva-mujer","7":"product_cat-ropa-para-mujer","8":"product_tag-falda-short","9":"product_tag-lycra-deportiva","10":"product_tag-lycras","11":"product_tag-malu-prendas-unicas","12":"product_tag-ropa-gimnasio","14":"first","15":"instock","16":"shipping-taxable","17":"product-type-simple"},"jetpack_publicize_connections":[],"jetpack_sharing_enabled":true,"_links":{"self":[{"href":"https:\/\/www.agenciapyme.com\/centrodenegocios\/wp-json\/wp\/v2\/product\/369","targetHints":{"allow":["GET"]}}],"collection":[{"href":"https:\/\/www.agenciapyme.com\/centrodenegocios\/wp-json\/wp\/v2\/product"}],"about":[{"href":"https:\/\/www.agenciapyme.com\/centrodenegocios\/wp-json\/wp\/v2\/types\/product"}],"replies":[{"embeddable":true,"href":"https:\/\/www.agenciapyme.com\/centrodenegocios\/wp-json\/wp\/v2\/comments?post=369"}],"wp:featuredmedia":[{"embeddable":true,"href":"https:\/\/www.agenciapyme.com\/centrodenegocios\/wp-json\/wp\/v2\/media\/370"}],"wp:attachment":[{"href":"https:\/\/www.agenciapyme.com\/centrodenegocios\/wp-json\/wp\/v2\/media?parent=369"}],"wp:term":[{"taxonomy":"product_brand","embeddable":true,"href":"https:\/\/www.agenciapyme.com\/centrodenegocios\/wp-json\/wp\/v2\/product_brand?post=369"},{"taxonomy":"product_cat","embeddable":true,"href":"https:\/\/www.agenciapyme.com\/centrodenegocios\/wp-json\/wp\/v2\/product_cat?post=369"},{"taxonomy":"product_tag","embeddable":true,"href":"https:\/\/www.agenciapyme.com\/centrodenegocios\/wp-json\/wp\/v2\/product_tag?post=369"}],"curies":[{"name":"wp","href":"https:\/\/api.w.org\/{rel}","templated":true}]}}