{"id":314,"date":"2017-02-02T21:51:20","date_gmt":"2017-02-03T02:51:20","guid":{"rendered":"https:\/\/agenciapyme.com\/centrodenegocios\/?post_type=product&#038;p=314"},"modified":"2017-02-02T21:51:20","modified_gmt":"2017-02-03T02:51:20","slug":"pulpa-de-mango-250grs-helados-de-la-sabana-2-200","status":"publish","type":"product","link":"https:\/\/www.agenciapyme.com\/centrodenegocios\/product\/pulpa-de-mango-250grs-helados-de-la-sabana-2-200\/","title":{"rendered":"Pulpa de Mango 250grs. HELADOS DE LA SABANA   $2.200"},"content":{"rendered":"<div><span style=\"font-family: calibri, arial, helvetica, sans-serif;\"><strong>HELADOS DE LA SABANA S.A.S<\/strong>. Es una empresa familiar, productora y comercializadora de helados a base de agua con trozos\u00a0de fruta. Nuestra exclusiva formula de producci\u00f3n elimina los cristales de hielo, haciendo de los helados agradables al paladar. \u00a0E innovamos en sabores como mango biche, \u00a0gulupa, c\u00f3ctel de frutas, uchuva, mora, pi\u00f1a y fresa entre otros. \u00a0\u00a0Adicionalmente producimos y comercializamos pulpa de fruta congelada 100% natural, en sabores como; fresa, pi\u00f1a, mora, mango, guayaba, curuba, guan\u00e1bana, lulo y maracuy\u00e1. \u00a0Contamos con el apoyo del \u00a0SENA Y EL FONDO EMPRENDER del municipio de Mosquera en el departamento de Cundinamarca, estamos \u00a0ubicados en el km 18 v\u00eda Bogot\u00e1- Mosquera \u00a0Parque Agroindustrial de la Sabana.<\/span><\/div>\n<div><\/div>\n<div><strong>Direcci\u00f3n:<\/strong>\u00a0Kil\u00f3metro 18 V\u00eda Bogot\u00e1 Mosquera Parque Agroindustrial de la Sabana<\/div>\n<div><\/div>\n<p><center><iframe loading=\"lazy\" src=\"https:\/\/www.google.com\/maps\/embed?pb=!1m18!1m12!1m3!1d3976.4101124952986!2d-74.22404668593275!3d4.698596342985795!2m3!1f0!2f0!3f0!3m2!1i1024!2i768!4f13.1!3m3!1m2!1s0x8e3f77e316edf44d%3A0x1f13b9b0e6655a74!2sParque+Industrial+de+La+Sabana!5e0!3m2!1ses-419!2sco!4v1486077521182\" width=\"560\" height=\"315\" frameborder=\"0\" allowfullscreen=\"allowfullscreen\"><\/iframe><\/center><center><\/center><center><\/center><center><strong><span data-toggle=\"tooltip\"  rel=\"tooltip\" data-placement=\"top\" title=\"ERIKA LORENA MOLANO Cel. 3043921810 \/ RICARDO MOLANO cel. 3114857758, correos: gerencia@heladosdelasabana.com \/ ventas@heladosdelasabana.com\">INFORMACI\u00d3N CONTACTO<\/span><\/strong><\/center><\/p>\n<div><\/div>\n<div><\/div>\n<div><\/div>\n<div><strong><span style=\"font-family: calibri, arial, helvetica, sans-serif;\">PUBLICACIONES ANTERIORES:\u00a0<a href=\"http:\/\/www.agenciapyme.com\/2017\/01\/18\/helados-la-sabana-de-300-a-8-000-helados-el-salto-de-toda-una-vida\/\" target=\"_blank\">http:\/\/www.agenciapyme.com\/2017\/01\/18\/helados-la-sabana-de-300-a-8-000-helados-el-salto-de-toda-una-vida\/<\/a><\/span><\/strong><\/div>\n<div><\/div>\n<div><strong><span style=\"font-family: calibri, arial, helvetica, sans-serif;\">MAYOR INFORMACI\u00d3N:\u00a0<a href=\"http:\/\/www.heladosdelasabana.com\/\" target=\"_blank\">http:\/\/www.heladosdelasabana.com<\/a><\/span><\/strong><\/div>\n","protected":false},"excerpt":{"rendered":"<div>Al por mayor precios especiales\u2026 An\u00edmate!!<\/div>\n<div><\/div>\n<div>Helados por unidad a $1.500 incluido IVA, a partir de 100 helados su precio es de $1.009 incluido IVA.<\/div>\n<div>Pulpas de fruta congelada 100% natural de 250 grs. Rinde hasta litro y medio.<\/div>\n<div>Pulpa por unidad a $2.000 incluido IVA, en los sabores de fresa, mora, pi\u00f1a, guayaba y curuba.<\/div>\n<div>Pulpa por unidad a $2.200 incluido IVA, de mango, guan\u00e1bana, lulo y maracuy\u00e1.<\/div>\n<div><\/div>\n<div><em>Para Bogot\u00e1, Madrid, Funza y Mosquera los pedidos se llevan a domicilio sin costo adicional a partir de 50 helados surtidos y\/o 12 unidades de\u00a0pulpa de fruta.<\/em><\/div>\n","protected":false},"featured_media":315,"comment_status":"open","ping_status":"closed","template":"","meta":{"jetpack_post_was_ever_published":false,"jetpack_publicize_message":"","jetpack_publicize_feature_enabled":true,"jetpack_social_post_already_shared":false,"jetpack_social_options":{"image_generator_settings":{"template":"highway","enabled":false},"version":2}},"product_brand":[],"product_cat":[68],"product_tag":[69,74,77,72,73],"class_list":{"0":"post-314","1":"product","2":"type-product","3":"status-publish","4":"has-post-thumbnail","6":"product_cat-pulpas-mermeladas-salsas-y-derivados-de-frutas","7":"product_tag-helados","8":"product_tag-helados-de-la-sabana","9":"product_tag-pulpa-de-frutas","10":"product_tag-pulpa-de-mango","11":"product_tag-pulpas","13":"first","14":"instock","15":"shipping-taxable","16":"product-type-simple"},"jetpack_publicize_connections":[],"jetpack_sharing_enabled":true,"_links":{"self":[{"href":"https:\/\/www.agenciapyme.com\/centrodenegocios\/wp-json\/wp\/v2\/product\/314","targetHints":{"allow":["GET"]}}],"collection":[{"href":"https:\/\/www.agenciapyme.com\/centrodenegocios\/wp-json\/wp\/v2\/product"}],"about":[{"href":"https:\/\/www.agenciapyme.com\/centrodenegocios\/wp-json\/wp\/v2\/types\/product"}],"replies":[{"embeddable":true,"href":"https:\/\/www.agenciapyme.com\/centrodenegocios\/wp-json\/wp\/v2\/comments?post=314"}],"wp:featuredmedia":[{"embeddable":true,"href":"https:\/\/www.agenciapyme.com\/centrodenegocios\/wp-json\/wp\/v2\/media\/315"}],"wp:attachment":[{"href":"https:\/\/www.agenciapyme.com\/centrodenegocios\/wp-json\/wp\/v2\/media?parent=314"}],"wp:term":[{"taxonomy":"product_brand","embeddable":true,"href":"https:\/\/www.agenciapyme.com\/centrodenegocios\/wp-json\/wp\/v2\/product_brand?post=314"},{"taxonomy":"product_cat","embeddable":true,"href":"https:\/\/www.agenciapyme.com\/centrodenegocios\/wp-json\/wp\/v2\/product_cat?post=314"},{"taxonomy":"product_tag","embeddable":true,"href":"https:\/\/www.agenciapyme.com\/centrodenegocios\/wp-json\/wp\/v2\/product_tag?post=314"}],"curies":[{"name":"wp","href":"https:\/\/api.w.org\/{rel}","templated":true}]}}