{"id":267,"date":"2017-02-01T09:37:48","date_gmt":"2017-02-01T14:37:48","guid":{"rendered":"https:\/\/agenciapyme.com\/centrodenegocios\/?post_type=product&#038;p=267"},"modified":"2017-02-01T22:12:45","modified_gmt":"2017-02-02T03:12:45","slug":"cartera-cuero-y-telar-de-seda-emiluth-accesorios","status":"publish","type":"product","link":"https:\/\/www.agenciapyme.com\/centrodenegocios\/product\/cartera-cuero-y-telar-de-seda-emiluth-accesorios\/","title":{"rendered":"Cartera Cuero y Telar de Seda  EMILUTH ACCESORIOS   $68.000"},"content":{"rendered":"<p><span id=\"yui_3_16_0_1_1479911826171_5120\"><strong>Emiluth Accesorios Fusi\u00f3n S.A.S<\/strong>., es una empresa marroquinera,\u00a0<\/span>\u00a0que dise\u00f1a y vende productos en cuero con identidad cultural, 100% colombianos. \u00a0Cada producto lleva \u00a0el alma de mujeres emprendedoras, ind\u00edgenas y \u00a0campesinas del departamento del Cauca. Nuestra meta es exportar y llevarle al mundo historia y cultura colombiana.<\/p>\n<p>Direcci\u00f3n:\u00a0Calle 4 #1-46 \u00a0Popay\u00e1n, Cauca, Colombia<\/p>\n<p><center><iframe loading=\"lazy\" src=\"https:\/\/www.google.com\/maps\/embed?pb=!1m18!1m12!1m3!1d3986.198411929999!2d-76.60387628593297!3d2.4408590577805165!2m3!1f0!2f0!3f0!3m2!1i1024!2i768!4f13.1!3m3!1m2!1s0x8e300305eeebbfbb%3A0x2c14875dd4bcd69b!2sCl.+4+%231-46%2C+Popay%C3%A1n%2C+Cauca!5e0!3m2!1ses-419!2sco!4v1485918372001\" width=\"560\" height=\"315\" frameborder=\"0\" allowfullscreen=\"allowfullscreen\"><\/iframe><\/center>&nbsp;<\/p>\n<p><strong>PUBLICACIONES ANTERIORES<\/strong>:\u00a0<a href=\"http:\/\/www.agenciapyme.com\/2017\/02\/01\/emiluth-accesorios-con-diseno-exclusivo-e-identidad-regional-agenciapyme\/\" target=\"_blank\">http:\/\/www.agenciapyme.com\/2017\/02\/01\/emiluth-accesorios-con-diseno-exclusivo-e-identidad-regional-agenciapyme\/<\/a><\/p>\n<p style=\"text-align: center;\"><strong><span data-toggle=\"tooltip\"  rel=\"tooltip\" data-placement=\"top\" title=\"EMILUTH COLLO M\u00c9NDEZ Celular: 3128348387, correo: emiluthc@yahoo.com.co , Facebook: emiluth dise\u00f1os, Tienda Taller: Calle 4 #1-46 Popay\u00e1n Colombia\">INFORMACI\u00d3N DE CONTACTO<\/span><\/strong><\/p>\n","protected":false},"excerpt":{"rendered":"<p>Cartera Cuero y Telar de Seda: 100% cuero y tejido en telar de seda por mujeres campesinas de Timbio Cauca, forro y bolsillo interno, lleva correa, se usa como sobre y cartera. Sus tejidos son \u00fanicos. \u00a0 Dimensiones: \u00a027 cms Ancho X 17 cms de Alto.<\/p>\n<p><em><strong>Emiluth Accesorios<\/strong><\/em>, ofrece sus productos para comercializaci\u00f3n nacional o internacional.<\/p>\n","protected":false},"featured_media":272,"comment_status":"open","ping_status":"closed","template":"","meta":{"jetpack_post_was_ever_published":false,"jetpack_publicize_message":"","jetpack_publicize_feature_enabled":true,"jetpack_social_post_already_shared":false,"jetpack_social_options":{"image_generator_settings":{"template":"highway","enabled":false},"version":2}},"product_brand":[],"product_cat":[51],"product_tag":[60,54,58,52],"class_list":{"0":"post-267","1":"product","2":"type-product","3":"status-publish","4":"has-post-thumbnail","6":"product_cat-bolsos-carteras-y-monederos","7":"product_tag-cartera-cuero","8":"product_tag-emiluth-accesorios","9":"product_tag-marroquineria","10":"product_tag-productos-en-cuero","12":"first","13":"instock","14":"shipping-taxable","15":"product-type-simple"},"jetpack_publicize_connections":[],"jetpack_sharing_enabled":true,"_links":{"self":[{"href":"https:\/\/www.agenciapyme.com\/centrodenegocios\/wp-json\/wp\/v2\/product\/267","targetHints":{"allow":["GET"]}}],"collection":[{"href":"https:\/\/www.agenciapyme.com\/centrodenegocios\/wp-json\/wp\/v2\/product"}],"about":[{"href":"https:\/\/www.agenciapyme.com\/centrodenegocios\/wp-json\/wp\/v2\/types\/product"}],"replies":[{"embeddable":true,"href":"https:\/\/www.agenciapyme.com\/centrodenegocios\/wp-json\/wp\/v2\/comments?post=267"}],"wp:featuredmedia":[{"embeddable":true,"href":"https:\/\/www.agenciapyme.com\/centrodenegocios\/wp-json\/wp\/v2\/media\/272"}],"wp:attachment":[{"href":"https:\/\/www.agenciapyme.com\/centrodenegocios\/wp-json\/wp\/v2\/media?parent=267"}],"wp:term":[{"taxonomy":"product_brand","embeddable":true,"href":"https:\/\/www.agenciapyme.com\/centrodenegocios\/wp-json\/wp\/v2\/product_brand?post=267"},{"taxonomy":"product_cat","embeddable":true,"href":"https:\/\/www.agenciapyme.com\/centrodenegocios\/wp-json\/wp\/v2\/product_cat?post=267"},{"taxonomy":"product_tag","embeddable":true,"href":"https:\/\/www.agenciapyme.com\/centrodenegocios\/wp-json\/wp\/v2\/product_tag?post=267"}],"curies":[{"name":"wp","href":"https:\/\/api.w.org\/{rel}","templated":true}]}}