{"id":251,"date":"2017-01-31T22:43:56","date_gmt":"2017-02-01T03:43:56","guid":{"rendered":"https:\/\/agenciapyme.com\/centrodenegocios\/?post_type=product&#038;p=251"},"modified":"2017-02-01T22:21:38","modified_gmt":"2017-02-02T03:21:38","slug":"mochila-andina-100-cuero-emiluth-accesorios-168-000","status":"publish","type":"product","link":"https:\/\/www.agenciapyme.com\/centrodenegocios\/product\/mochila-andina-100-cuero-emiluth-accesorios-168-000\/","title":{"rendered":"Mochila Andina 100% cuero  EMILUTH ACCESORIOS   $168.000"},"content":{"rendered":"<p><span id=\"yui_3_16_0_1_1479911826171_5120\"><strong>Emiluth Accesorios Fusi\u00f3n S.A.S<\/strong>., es una empresa marroquinera,\u00a0<\/span>\u00a0que dise\u00f1a y vende productos en cuero con identidad cultural, 100% colombianos. \u00a0Cada producto lleva \u00a0el alma de mujeres emprendedoras, ind\u00edgenas y \u00a0campesinas del departamento del Cauca. Nuestra meta es exportar y llevarle al mundo historia y cultura colombiana.<\/p>\n<p>Direcci\u00f3n:\u00a0Calle 4 #1-46 \u00a0Popay\u00e1n, Cauca, Colombia<\/p>\n<p><center><iframe loading=\"lazy\" style=\"border: 0;\" src=\"https:\/\/www.google.com\/maps\/embed?pb=!1m18!1m12!1m3!1d3986.198411929999!2d-76.60387628593297!3d2.4408590577805165!2m3!1f0!2f0!3f0!3m2!1i1024!2i768!4f13.1!3m3!1m2!1s0x8e300305eeebbfbb%3A0x2c14875dd4bcd69b!2sCl.+4+%231-46%2C+Popay%C3%A1n%2C+Cauca!5e0!3m2!1ses-419!2sco!4v1485918372001\" width=\"560\" height=\"315\" frameborder=\"0\" allowfullscreen=\"allowfullscreen\"><\/iframe><\/center>&nbsp;<\/p>\n<p><strong>PUBLICACIONES ANTERIORES<\/strong>:\u00a0<a href=\"http:\/\/www.agenciapyme.com\/2017\/02\/01\/emiluth-accesorios-con-diseno-exclusivo-e-identidad-regional-agenciapyme\/\" target=\"_blank\">http:\/\/www.agenciapyme.com\/2017\/02\/01\/emiluth-accesorios-con-diseno-exclusivo-e-identidad-regional-agenciapyme\/<\/a><\/p>\n<p>&nbsp;<\/p>\n<p style=\"text-align: center;\"><strong><span data-toggle=\"tooltip\"  rel=\"tooltip\" data-placement=\"top\" title=\"EMILUTH COLLO M\u00c9NDEZ Celular: 3128348387, correo: emiluthc@yahoo.com.co , Facebook: emiluth dise\u00f1os, Tienda Taller: Calle 4 #1-46 Popay\u00e1n Colombia\">INFORMACI\u00d3N DE CONTACTO<\/span><\/strong><\/p>\n<p>&nbsp;<\/p>\n","protected":false},"excerpt":{"rendered":"<p>Mochila Andina, 100% cuero, \u00a0tejido en telar con hilo. Forro y 2 bolsillos internos. Dimensiones: \u00a0alto 37 cms x ancho 34 cms x profundidad 12 cms.<\/p>\n<p><em><strong>Emiluth Accesorios<\/strong><\/em>, ofrece sus productos para comercializaci\u00f3n nacional o internacional.<\/p>\n","protected":false},"featured_media":252,"comment_status":"open","ping_status":"closed","template":"","meta":{"jetpack_post_was_ever_published":false,"jetpack_publicize_message":"","jetpack_publicize_feature_enabled":true,"jetpack_social_post_already_shared":false,"jetpack_social_options":{"image_generator_settings":{"template":"highway","enabled":false},"version":2}},"product_brand":[],"product_cat":[51],"product_tag":[54,53,52],"class_list":{"0":"post-251","1":"product","2":"type-product","3":"status-publish","4":"has-post-thumbnail","6":"product_cat-bolsos-carteras-y-monederos","7":"product_tag-emiluth-accesorios","8":"product_tag-mochila-andina","9":"product_tag-productos-en-cuero","11":"first","12":"instock","13":"shipping-taxable","14":"product-type-simple"},"jetpack_publicize_connections":[],"jetpack_sharing_enabled":true,"_links":{"self":[{"href":"https:\/\/www.agenciapyme.com\/centrodenegocios\/wp-json\/wp\/v2\/product\/251","targetHints":{"allow":["GET"]}}],"collection":[{"href":"https:\/\/www.agenciapyme.com\/centrodenegocios\/wp-json\/wp\/v2\/product"}],"about":[{"href":"https:\/\/www.agenciapyme.com\/centrodenegocios\/wp-json\/wp\/v2\/types\/product"}],"replies":[{"embeddable":true,"href":"https:\/\/www.agenciapyme.com\/centrodenegocios\/wp-json\/wp\/v2\/comments?post=251"}],"wp:featuredmedia":[{"embeddable":true,"href":"https:\/\/www.agenciapyme.com\/centrodenegocios\/wp-json\/wp\/v2\/media\/252"}],"wp:attachment":[{"href":"https:\/\/www.agenciapyme.com\/centrodenegocios\/wp-json\/wp\/v2\/media?parent=251"}],"wp:term":[{"taxonomy":"product_brand","embeddable":true,"href":"https:\/\/www.agenciapyme.com\/centrodenegocios\/wp-json\/wp\/v2\/product_brand?post=251"},{"taxonomy":"product_cat","embeddable":true,"href":"https:\/\/www.agenciapyme.com\/centrodenegocios\/wp-json\/wp\/v2\/product_cat?post=251"},{"taxonomy":"product_tag","embeddable":true,"href":"https:\/\/www.agenciapyme.com\/centrodenegocios\/wp-json\/wp\/v2\/product_tag?post=251"}],"curies":[{"name":"wp","href":"https:\/\/api.w.org\/{rel}","templated":true}]}}