{"id":215,"date":"2017-01-31T11:25:50","date_gmt":"2017-01-31T16:25:50","guid":{"rendered":"https:\/\/agenciapyme.com\/centrodenegocios\/?post_type=product&#038;p=215"},"modified":"2017-01-31T12:32:29","modified_gmt":"2017-01-31T17:32:29","slug":"torta-baby-shower-de-2-libras-40-porciones-regala-chocolates","status":"publish","type":"product","link":"https:\/\/www.agenciapyme.com\/centrodenegocios\/product\/torta-baby-shower-de-2-libras-40-porciones-regala-chocolates\/","title":{"rendered":"Torta Baby Shower de 2 libras \/ 40 porciones REGALA CHOCOLATES   $315.000"},"content":{"rendered":"<p style=\"text-align: left;\"><strong>Regala Chocolates<\/strong>, \u00a0es una empresa familiar dedicada a la elaboraci\u00f3n de galletas, cakepops, toppers, cupcakes y tortas tem\u00e1ticas en Bello, Antioquia, con la caracter\u00edstica de ser productos 100% artesanales y personalizados, lo que los hace exclusivos y de excelente calidad. Son perfectos para compartir con tu pareja, familia, amigos o en la celebraci\u00f3n de una ocasi\u00f3n muy \u00fanica y especial.<\/p>\n<p style=\"text-align: left;\">La empresa ostenta el 4to puesto a la mejor pasteler\u00eda tem\u00e1tica de Colombia.<\/p>\n<p style=\"text-align: left;\">Regala Chocolates, por crear productos personalizados, exclusivos, \u00a0donde la creatividad y dise\u00f1o de sus tortas son infinitas. Requiere cinco d\u00edas para crear la torta de sus sue\u00f1os.<\/p>\n<p style=\"text-align: left;\"><strong>Publicaciones anteriores<\/strong> :\u00a0<a href=\"http:\/\/www.agenciapyme.com\/2017\/01\/13\/regala-chocolates-una-empresa-que-apasiona-agenciapyme\/\" target=\"_blank\">http:\/\/www.agenciapyme.com\/2017\/01\/13\/regala-chocolates-una-empresa-que-apasiona-agenciapyme\/<\/a><\/p>\n<p style=\"text-align: left;\"><strong>Mayor informaci\u00f3n<\/strong>:\u00a0<a href=\"http:\/\/www.regalachocolates.co\/\">http:\/\/www.regalachocolates.co\/<\/a><\/p>\n<p style=\"text-align: left;\">Calle 57 #69-27 \u00a0Barrio El Trapiche, Bello, Antioquia.<\/p>\n<p><center><iframe loading=\"lazy\" src=\"https:\/\/www.google.com\/maps\/embed?pb=!1m18!1m12!1m3!1d3965.3947357986467!2d-75.57369591224871!3d6.342895622461698!2m3!1f0!2f0!3f0!3m2!1i1024!2i768!4f13.1!3m3!1m2!1s0x0%3A0xeeedce6524559034!2sRinc%C3%B3n+del+Bosque+-+Conjunto+Campestre!5e0!3m2!1ses!2sco!4v1485644520190\" width=\"560\" height=\"315\" frameborder=\"0\" allowfullscreen=\"allowfullscreen\"><\/iframe><\/center><center><\/center><center><strong><span data-toggle=\"tooltip\"  rel=\"tooltip\" data-placement=\"top\" title=\"KAREN GAVIRIA, tel (4) 4481352 celular 3218564053, correo: regalaunchocolate@gmail.com, Calle 57 # 69-27 Bello, Antioquia, Colombia\">INFORMACI\u00d3N DE CONTACTO<\/span><\/strong><\/center><strong>\u00a0<\/strong><\/p>\n","protected":false},"excerpt":{"rendered":"<p>Dado que todos nuestros productos son 100% artesanales y personalizados, debes solicitar cualquier producto con anticipaci\u00f3n, para cupcakes con (2 \u00f3 3) d\u00edas h\u00e1biles, dependiendo de la cantidad, y para tortas con cinco (5) d\u00edas h\u00e1biles. Para tortas muy grandes con hasta 8 d\u00edas h\u00e1biles de anticipaci\u00f3n.<\/p>\n","protected":false},"featured_media":216,"comment_status":"open","ping_status":"closed","template":"","meta":{"jetpack_post_was_ever_published":false,"jetpack_publicize_message":"","jetpack_publicize_feature_enabled":true,"jetpack_social_post_already_shared":false,"jetpack_social_options":{"image_generator_settings":{"template":"highway","enabled":false},"version":2}},"product_brand":[],"product_cat":[19],"product_tag":[45,22,46],"class_list":{"0":"post-215","1":"product","2":"type-product","3":"status-publish","4":"has-post-thumbnail","6":"product_cat-tortas-postres-y-cupcakes","7":"product_tag-cupcakes","8":"product_tag-regala-chocolates","9":"product_tag-torta-baby-shower","11":"first","12":"instock","13":"shipping-taxable","14":"product-type-simple"},"jetpack_publicize_connections":[],"jetpack_sharing_enabled":true,"_links":{"self":[{"href":"https:\/\/www.agenciapyme.com\/centrodenegocios\/wp-json\/wp\/v2\/product\/215","targetHints":{"allow":["GET"]}}],"collection":[{"href":"https:\/\/www.agenciapyme.com\/centrodenegocios\/wp-json\/wp\/v2\/product"}],"about":[{"href":"https:\/\/www.agenciapyme.com\/centrodenegocios\/wp-json\/wp\/v2\/types\/product"}],"replies":[{"embeddable":true,"href":"https:\/\/www.agenciapyme.com\/centrodenegocios\/wp-json\/wp\/v2\/comments?post=215"}],"wp:featuredmedia":[{"embeddable":true,"href":"https:\/\/www.agenciapyme.com\/centrodenegocios\/wp-json\/wp\/v2\/media\/216"}],"wp:attachment":[{"href":"https:\/\/www.agenciapyme.com\/centrodenegocios\/wp-json\/wp\/v2\/media?parent=215"}],"wp:term":[{"taxonomy":"product_brand","embeddable":true,"href":"https:\/\/www.agenciapyme.com\/centrodenegocios\/wp-json\/wp\/v2\/product_brand?post=215"},{"taxonomy":"product_cat","embeddable":true,"href":"https:\/\/www.agenciapyme.com\/centrodenegocios\/wp-json\/wp\/v2\/product_cat?post=215"},{"taxonomy":"product_tag","embeddable":true,"href":"https:\/\/www.agenciapyme.com\/centrodenegocios\/wp-json\/wp\/v2\/product_tag?post=215"}],"curies":[{"name":"wp","href":"https:\/\/api.w.org\/{rel}","templated":true}]}}