{"id":200,"date":"2017-01-29T21:21:22","date_gmt":"2017-01-30T02:21:22","guid":{"rendered":"https:\/\/agenciapyme.com\/centrodenegocios\/?post_type=product&#038;p=200"},"modified":"2017-09-12T16:17:41","modified_gmt":"2017-09-12T21:17:41","slug":"dish-desarrollo-integral-del-ser-humano","status":"publish","type":"product","link":"https:\/\/www.agenciapyme.com\/centrodenegocios\/product\/dish-desarrollo-integral-del-ser-humano\/","title":{"rendered":"DISH \/ Desarrollo Integral del Ser Humano"},"content":{"rendered":"<p style=\"text-align: left;\"><strong>DISH<\/strong> es el programa para el conocimiento del propio Ser y la formaci\u00f3n que se necesita para lograr el equilibrio. por medio de Entrevistas, Test, libro Personal, Servicios, Talleres, Cursos y Conferencias, enfocados en el an\u00e1lisis de los aspectos b\u00e1sicos del Ser Humano y sus Valores, Virtudes, Talentos, Objetivos, Metas y sue\u00f1os personales o empresariales.<\/p>\n<p><center><iframe loading=\"lazy\" src=\"https:\/\/www.youtube.com\/embed\/mSdlaPy6H7A?rel=0\" width=\"560\" height=\"315\" frameborder=\"0\" allowfullscreen=\"allowfullscreen\"><\/iframe><\/center>Este programa fue creado por Johnny P\u00e9rez Arias, desde hace m\u00e1s de 20 a\u00f1os. Enfoc\u00e1ndose en \u00e1reas como: F\u00edsico, Esp\u00edritud, Mente, Sexualidad, Sexo, Manejo del Espacio, Comportamiento General y Comunicaci\u00f3n; tambi\u00e9n en lo Personal, Prefesional, Empresarial y Art\u00edstico, y todos los temas de Imagen Integral como: Belleza, Moda, Expresi\u00f3n Corporal, Etiqueta y Protocolo. Aspectos que son estudiados y analizados para buscar el Equilibrio entre todos ellos. Mejorando el estilo y calidad de vida. La clave del \u00e9xito para los que quieren ser l\u00edderes de excelencia, que les gusta buscar la perfecci\u00f3n y volverse modelos de vida, que quieren conquistar el mundo, marcando la diferencia entre los grupos.<\/p>\n<p>&nbsp;<\/p>\n<p><center><iframe loading=\"lazy\" src=\"https:\/\/www.youtube.com\/embed\/eQBxM6uZQf0?rel=0\" width=\"560\" height=\"315\" frameborder=\"0\" allowfullscreen=\"allowfullscreen\"><\/iframe><\/center>&nbsp;<\/p>\n<p><strong>Publicaciones anteriores<\/strong>:\u00a0<a href=\"http:\/\/www.agenciapyme.com\/category\/consejos-para-el-empresario\/\" target=\"_blank\" rel=\"noopener\">http:\/\/www.agenciapyme.com\/category\/consejos-para-el-empresario\/<\/a><\/p>\n<p><strong>Publicaciones anteriores<\/strong>:\u00a0<a href=\"http:\/\/www.agenciapyme.com\/2016\/12\/13\/conferencia-211-poders-dish-para-los-ninos-y-ninas-de-la-asociacion-hogar-nuevo-amanecer\/\" target=\"_blank\" rel=\"noopener\">http:\/\/www.agenciapyme.com\/2016\/12\/13\/conferencia-211-poders-dish-para-los-ninos-y-ninas-de-la-asociacion-hogar-nuevo-amanecer\/<\/a><\/p>\n<p><strong>Mas informaci\u00f3n<\/strong>:\u00a0<a href=\"http:\/\/www.johnnystaffdish.com\/\" target=\"_blank\" rel=\"noopener\">http:\/\/www.johnnystaffdish.com\/<\/a><\/p>\n<p style=\"text-align: center;\"><span style=\"color: #3366ff;\"><strong><span data-toggle=\"tooltip\"  rel=\"tooltip\" data-placement=\"top\" title=\"JOHNNY P\u00c9REZ ARIAS, contacto@johnnystaffdish.com, Tel\u00e9fonos: 571 8036508 - 57 3105812180 Direcci\u00f3n: Calle 81 # 8-64, El Nogal  Bogot\u00e1, Colombia\">INFORMACI\u00d3N DE CONTACTO<\/span><\/strong><\/span><\/p>\n","protected":false},"excerpt":{"rendered":"<p>Es un programa de superaci\u00f3n personal, que ayuda a enfrentar la vida profesional \u00a0y social. \u00a0Y es presentado en conferencias, ense\u00f1anza personalizada y manejo de imagen seg\u00fan el caso.<\/p>\n<p>&nbsp;<\/p>\n<p style=\"text-align: center;\"><span style=\"color: #3366ff;\"><strong>[tcbdtooltip_text title=\"JOHNNY P\u00c9REZ ARIAS, contacto@johnnystaffdish.com, Tel\u00e9fonos: 571 8036508 - 57 3105812180 Direcci\u00f3n: Calle 81 # 8-64, El Nogal \u00a0Bogot\u00e1, Colombia\" place=\"top\"]INFORMACI\u00d3N DE CONTACTO[\/tcbdtooltip_text]<\/strong><\/span><\/p>\n","protected":false},"featured_media":201,"comment_status":"closed","ping_status":"closed","template":"","meta":{"jetpack_post_was_ever_published":false,"jetpack_publicize_message":"","jetpack_publicize_feature_enabled":true,"jetpack_social_post_already_shared":false,"jetpack_social_options":{"image_generator_settings":{"template":"highway","enabled":false},"version":2}},"product_brand":[],"product_cat":[40],"product_tag":[44,43,41,42],"class_list":{"0":"post-200","1":"product","2":"type-product","3":"status-publish","4":"has-post-thumbnail","6":"product_cat-imagen-personal","7":"product_tag-conferencia-211-poderes","8":"product_tag-desarrollo-integral-del-ser-humano","9":"product_tag-dish","10":"product_tag-johnny-perez-arias","12":"first","13":"instock","14":"shipping-taxable","15":"product-type-simple"},"jetpack_publicize_connections":[],"jetpack_sharing_enabled":true,"_links":{"self":[{"href":"https:\/\/www.agenciapyme.com\/centrodenegocios\/wp-json\/wp\/v2\/product\/200","targetHints":{"allow":["GET"]}}],"collection":[{"href":"https:\/\/www.agenciapyme.com\/centrodenegocios\/wp-json\/wp\/v2\/product"}],"about":[{"href":"https:\/\/www.agenciapyme.com\/centrodenegocios\/wp-json\/wp\/v2\/types\/product"}],"replies":[{"embeddable":true,"href":"https:\/\/www.agenciapyme.com\/centrodenegocios\/wp-json\/wp\/v2\/comments?post=200"}],"wp:featuredmedia":[{"embeddable":true,"href":"https:\/\/www.agenciapyme.com\/centrodenegocios\/wp-json\/wp\/v2\/media\/201"}],"wp:attachment":[{"href":"https:\/\/www.agenciapyme.com\/centrodenegocios\/wp-json\/wp\/v2\/media?parent=200"}],"wp:term":[{"taxonomy":"product_brand","embeddable":true,"href":"https:\/\/www.agenciapyme.com\/centrodenegocios\/wp-json\/wp\/v2\/product_brand?post=200"},{"taxonomy":"product_cat","embeddable":true,"href":"https:\/\/www.agenciapyme.com\/centrodenegocios\/wp-json\/wp\/v2\/product_cat?post=200"},{"taxonomy":"product_tag","embeddable":true,"href":"https:\/\/www.agenciapyme.com\/centrodenegocios\/wp-json\/wp\/v2\/product_tag?post=200"}],"curies":[{"name":"wp","href":"https:\/\/api.w.org\/{rel}","templated":true}]}}