{"id":179,"date":"2017-01-29T11:22:56","date_gmt":"2017-01-29T16:22:56","guid":{"rendered":"https:\/\/agenciapyme.com\/centrodenegocios\/?post_type=product&#038;p=179"},"modified":"2017-03-14T17:42:18","modified_gmt":"2017-03-14T22:42:18","slug":"propoleo-botella-750cc-panalcol","status":"publish","type":"product","link":"https:\/\/www.agenciapyme.com\/centrodenegocios\/product\/propoleo-botella-750cc-panalcol\/","title":{"rendered":"PROPOLEO Botella 750cc PANALCOL   $25.000"},"content":{"rendered":"<p class=\"x_MsoNormal\"><strong>Panalcol<\/strong> es una empresa familiar, joven y moderna; todo comenz\u00f3 en 1940 cuando las primeras generaciones familiares a trav\u00e9s de La investigaci\u00f3n dieron a conocer el grandioso mundo de la apicultura en Colombia.<\/p>\n<p class=\"x_MsoNormal\">En Panalcol encontrara todos los productos que las abejas desarrollan y gracias a sus innumerables propiedades, su salud se ver\u00e1 beneficiada al consumirlos ya que son 100% naturales, tambi\u00e9n ofrecemos los mejores implementos necesarios para el desarrollo de la apicultura; en nuestra empresa trabajamos con los est\u00e1ndares de calidad m\u00e1s exigentes del mercado ofreciendo un excelente producto final a un precio competitivo para la satisfacci\u00f3n de nuestros clientes.<\/p>\n<p class=\"x_MsoNormal\">Nuestro objetivo es orientar, aconsejar y ofrecer el mejor servicio al cliente con el fin de brindar un trato personalizado que refleje nuestra transparencia empresarial.<\/p>\n<p class=\"x_MsoNormal\">MAYOR INFORMACI\u00d3N:\u00a0<a href=\"http:\/\/www.panalcol.com\" target=\"_blank\">http:\/\/www.panalcol.com<\/a><\/p>\n<p class=\"x_MsoNormal\" style=\"text-align: center;\"><strong><span data-toggle=\"tooltip\"  rel=\"tooltip\" data-placement=\"top\" title=\"JUAN CARLOS MONCAYO, panalcol@hotmail.com, juankmoncayo@hotmail.com, celular 3006307514 Bogot\u00e1, Colombia\">INFORMACI\u00d3N DE CONTACTO<\/span><\/strong><\/p>\n","protected":false},"excerpt":{"rendered":"<p>Producto 100% natural, libre de conservantes y aditivos.\u00a0<strong>Panalcol<\/strong> ofrece descuentos especiales para clientes que deseen comercializar sus productos o compren al por mayor. Los costos de env\u00edo los asume el comprador.<\/p>\n","protected":false},"featured_media":180,"comment_status":"open","ping_status":"closed","template":"","meta":{"jetpack_post_was_ever_published":false,"jetpack_publicize_message":"","jetpack_publicize_feature_enabled":true,"jetpack_social_post_already_shared":false,"jetpack_social_options":{"image_generator_settings":{"template":"highway","enabled":false},"version":2}},"product_brand":[],"product_cat":[28,187],"product_tag":[31,30,32],"class_list":{"0":"post-179","1":"product","2":"type-product","3":"status-publish","4":"has-post-thumbnail","6":"product_cat-productos-naturales","7":"product_cat-suplementos-alimenticios","8":"product_tag-botella-750cc","9":"product_tag-panalcol","10":"product_tag-propoleo","12":"first","13":"instock","14":"featured","15":"shipping-taxable","16":"product-type-simple"},"jetpack_publicize_connections":[],"jetpack_sharing_enabled":true,"_links":{"self":[{"href":"https:\/\/www.agenciapyme.com\/centrodenegocios\/wp-json\/wp\/v2\/product\/179","targetHints":{"allow":["GET"]}}],"collection":[{"href":"https:\/\/www.agenciapyme.com\/centrodenegocios\/wp-json\/wp\/v2\/product"}],"about":[{"href":"https:\/\/www.agenciapyme.com\/centrodenegocios\/wp-json\/wp\/v2\/types\/product"}],"replies":[{"embeddable":true,"href":"https:\/\/www.agenciapyme.com\/centrodenegocios\/wp-json\/wp\/v2\/comments?post=179"}],"wp:featuredmedia":[{"embeddable":true,"href":"https:\/\/www.agenciapyme.com\/centrodenegocios\/wp-json\/wp\/v2\/media\/180"}],"wp:attachment":[{"href":"https:\/\/www.agenciapyme.com\/centrodenegocios\/wp-json\/wp\/v2\/media?parent=179"}],"wp:term":[{"taxonomy":"product_brand","embeddable":true,"href":"https:\/\/www.agenciapyme.com\/centrodenegocios\/wp-json\/wp\/v2\/product_brand?post=179"},{"taxonomy":"product_cat","embeddable":true,"href":"https:\/\/www.agenciapyme.com\/centrodenegocios\/wp-json\/wp\/v2\/product_cat?post=179"},{"taxonomy":"product_tag","embeddable":true,"href":"https:\/\/www.agenciapyme.com\/centrodenegocios\/wp-json\/wp\/v2\/product_tag?post=179"}],"curies":[{"name":"wp","href":"https:\/\/api.w.org\/{rel}","templated":true}]}}