{"id":130,"date":"2017-01-28T19:35:52","date_gmt":"2017-01-29T00:35:52","guid":{"rendered":"https:\/\/agenciapyme.com\/centrodenegocios\/?post_type=product&#038;p=130"},"modified":"2017-02-01T22:39:47","modified_gmt":"2017-02-02T03:39:47","slug":"cafe-especial-coffea-bolsa-de-1-libra-origen-libano-cultura-pijao","status":"publish","type":"product","link":"https:\/\/www.agenciapyme.com\/centrodenegocios\/product\/cafe-especial-coffea-bolsa-de-1-libra-origen-libano-cultura-pijao\/","title":{"rendered":"Caf\u00e9 Especial COFFEA Bolsa de 1 Libra \/ Origen L\u00edbano CULTURA PIJAO   $13.000"},"content":{"rendered":"<p><strong><em>Ficha T\u00e9cnica Caf\u00e9 Especial COFFEA Origen L\u00edbano, Tolima.<\/em><\/strong><\/p>\n<p>Este caf\u00e9 es cultivado en la zona cafetera del municipio de L\u00edbano al norte del departamento del Tolima, Colombia. La materia prima usada por \u201cCoffea\u201d la producen grupos asociativos y se utiliza el caf\u00e9 cultivado de una sola finca, que re\u00fana las caracter\u00edsticas consistentes de este origen, en aroma fragancia, acidez y cuerpo, con garant\u00eda de taza limpia y caracter\u00edsticas de un muy buen caf\u00e9.\u00a0 Estas caracter\u00edsticas de taza se consiguen solo cuando los productores atienden laboriosamente el cultivo y la recolecci\u00f3n.\u00a0 El control del proceso del beneficio (Incluida la tosti\u00f3n) est\u00e1n controlados de tal manera que usted siempre querr\u00e1 probar otra taza de nuestro caf\u00e9 Coffea.<\/p>\n<p><strong>CULTURA PIJAO DEL TOLIMA<\/strong>, es una empresa que produce, transforma y comercializa \u00a0caf\u00e9 \u00a0de alta calidad 100% colombiano. En fincas de origen; Norte (L\u00edbano), Centro (Ibagu\u00e9) y Sur (Ataco) del Tolima. Adem\u00e1s presta el servicio de maquila a peque\u00f1os caficultores. En su trayectoria Cultura Pijao del Tolima, ha obtenido el reconocimiento de la Alcald\u00eda de Ibagu\u00e9, el gobierno de Corea y el PNUD de Naciones Unidas con el premio &#8220;Clic Por Un Sue\u00f1o&#8221;. As\u00ed como el premio otorgado por Colciencias y la C\u00e1mara de Comercio de Ibagu\u00e9. Desde el proceso de sembrado de semilla, hasta el empaque del producto, son las manos de campesinas cabeza de familia las encargadas de darle vida a la bebida emblema del pa\u00eds.<\/p>\n<p>&nbsp;<\/p>\n<p><strong>PUBLICACIONES ANTERIORES<\/strong>:\u00a0<a href=\"http:\/\/www.agenciapyme.com\/2017\/01\/30\/cultura-pijao-no-solo-es-buen-cafe-tambien-es-innovacion-y-aporte-social-al-pais-agenciapyme\/\" target=\"_blank\">http:\/\/www.agenciapyme.com\/2017\/01\/30\/cultura-pijao-no-solo-es-buen-cafe-tambien-es-innovacion-y-aporte-social-al-pais-agenciapyme\/<\/a><\/p>\n<p>Calle 35 A #3-09 Barrio Departamental<\/p>\n<p><center><iframe loading=\"lazy\" style=\"border: 0;\" src=\"https:\/\/www.google.com\/maps\/embed?pb=!1m18!1m12!1m3!1d3977.895880126427!2d-75.2225453859801!3d4.430490945176689!2m3!1f0!2f0!3f0!3m2!1i1024!2i768!4f13.1!3m3!1m2!1s0x8e38c4c1be03d53d%3A0x91ed22f457e31acf!2sCl.+35+Bis+%233a-2%2C+Ibagu%C3%A9%2C+Tolima!5e0!3m2!1ses!2sco!4v1485649057151\" width=\"560\" height=\"315\" frameborder=\"0\" allowfullscreen=\"allowfullscreen\"><\/iframe><\/center><center><\/center><center><\/center><center><strong><span data-toggle=\"tooltip\"  rel=\"tooltip\" data-placement=\"top\" title=\"JENNY CATALINA AMAYA, celular 3138013066 \/ 3214569319 correo: catacafeespecial@hotmail.com, Carrera 3 # 33 C 93 \/ Calle 35 A # 3 - 09 Barrio Departamental, Ibagu\u00e9, Tolima\">INFORMACI\u00d3N DE CONTACTO<\/span><\/strong><\/center>&nbsp;<\/p>\n","protected":false},"excerpt":{"rendered":"<p><strong><em>Perfil de Taza:\u00a0<\/em><\/strong><em>Fragancia frutal, aroma muy pronunciado, acidez media alta, cuerpo medio, sabor fresco dulce y ligeramente afrutado. Presenta una taza balanceada, con un sabor residual\u00a0 que perdura en el paladar.<\/em><\/p>\n<p><strong>Cultura Pijao del Tolima<\/strong>, \u00a0ofrece el servicio de maquila a peque\u00f1os caficultores as\u00ed como descuentos especiales para personas que deseen comercializar sus productos o compren al por mayor.<\/p>\n","protected":false},"featured_media":142,"comment_status":"open","ping_status":"closed","template":"","meta":{"jetpack_post_was_ever_published":false,"jetpack_publicize_message":"","jetpack_publicize_feature_enabled":true,"jetpack_social_post_already_shared":false,"jetpack_social_options":{"image_generator_settings":{"template":"highway","enabled":false},"version":2}},"product_brand":[],"product_cat":[24],"product_tag":[25,62,26,27],"class_list":{"0":"post-130","1":"product","2":"type-product","3":"status-publish","4":"has-post-thumbnail","6":"product_cat-cafes","7":"product_tag-cafe-especial-coffea","8":"product_tag-cafes","9":"product_tag-cultura-pijao-del-tolima","10":"product_tag-taza-de-cafe","12":"first","13":"instock","14":"featured","15":"shipping-taxable","16":"product-type-simple"},"jetpack_publicize_connections":[],"jetpack_sharing_enabled":true,"_links":{"self":[{"href":"https:\/\/www.agenciapyme.com\/centrodenegocios\/wp-json\/wp\/v2\/product\/130","targetHints":{"allow":["GET"]}}],"collection":[{"href":"https:\/\/www.agenciapyme.com\/centrodenegocios\/wp-json\/wp\/v2\/product"}],"about":[{"href":"https:\/\/www.agenciapyme.com\/centrodenegocios\/wp-json\/wp\/v2\/types\/product"}],"replies":[{"embeddable":true,"href":"https:\/\/www.agenciapyme.com\/centrodenegocios\/wp-json\/wp\/v2\/comments?post=130"}],"wp:featuredmedia":[{"embeddable":true,"href":"https:\/\/www.agenciapyme.com\/centrodenegocios\/wp-json\/wp\/v2\/media\/142"}],"wp:attachment":[{"href":"https:\/\/www.agenciapyme.com\/centrodenegocios\/wp-json\/wp\/v2\/media?parent=130"}],"wp:term":[{"taxonomy":"product_brand","embeddable":true,"href":"https:\/\/www.agenciapyme.com\/centrodenegocios\/wp-json\/wp\/v2\/product_brand?post=130"},{"taxonomy":"product_cat","embeddable":true,"href":"https:\/\/www.agenciapyme.com\/centrodenegocios\/wp-json\/wp\/v2\/product_cat?post=130"},{"taxonomy":"product_tag","embeddable":true,"href":"https:\/\/www.agenciapyme.com\/centrodenegocios\/wp-json\/wp\/v2\/product_tag?post=130"}],"curies":[{"name":"wp","href":"https:\/\/api.w.org\/{rel}","templated":true}]}}