{"id":1243,"date":"2017-11-15T13:50:37","date_gmt":"2017-11-15T18:50:37","guid":{"rendered":"http:\/\/www.agenciapyme.com\/centrodenegocios\/?post_type=product&#038;p=1243"},"modified":"2017-11-18T21:28:33","modified_gmt":"2017-11-19T02:28:33","slug":"servicios-contables-financieros-y-tributarios-ventus-consultores-s-a-s","status":"publish","type":"product","link":"https:\/\/www.agenciapyme.com\/centrodenegocios\/product\/servicios-contables-financieros-y-tributarios-ventus-consultores-s-a-s\/","title":{"rendered":"Servicios Contables, Financieros y Tributarios VENTUS CONSULTORES S.A.S."},"content":{"rendered":"<p><strong><img data-recalc-dims=\"1\" loading=\"lazy\" decoding=\"async\" class=\"alignleft wp-image-1244 \" src=\"https:\/\/i0.wp.com\/www.agenciapyme.com\/centrodenegocios\/wp-content\/uploads\/2017\/11\/LOGO.png?resize=259%2C106\" alt=\"\" width=\"259\" height=\"106\" srcset=\"https:\/\/i0.wp.com\/www.agenciapyme.com\/centrodenegocios\/wp-content\/uploads\/2017\/11\/LOGO.png?resize=300%2C123&amp;ssl=1 300w, https:\/\/i0.wp.com\/www.agenciapyme.com\/centrodenegocios\/wp-content\/uploads\/2017\/11\/LOGO.png?w=486&amp;ssl=1 486w\" sizes=\"auto, (max-width: 259px) 100vw, 259px\" \/><\/strong><\/p>\n<p>&nbsp;<\/p>\n<p><strong>VENTUS CONSULTORES S.A.S<\/strong>., es una empresa legalmente constituida ante la C\u00e1mara de Comercio de Bogot\u00e1 e inscrita ante la Junta Central de Contadores para ejercer la profesi\u00f3n contable en Colombia.<\/p>\n<p>Somos una empresa especializada en servicios de Consultor\u00eda y Outsourcing, con el prop\u00f3sito de brindar soluciones a nuestros clientes, a trav\u00e9s de asesor\u00eda profesional, entendiendo las necesidades puntuales de cada caso en particular.<\/p>\n<p>&nbsp;<\/p>\n<p>Para el desarrollo de los objetivos trazados entre nuestra empresa y nuestros clientes contamos con un equipo integral de profesionales, calificados para prestar un servicio confiable, de alta calidad y cumplimiento.<\/p>\n<p>Ofrecemos nuestros servicios de Consultor\u00eda y Outsourcing, a trav\u00e9s de las siguientes l\u00edneas de negocios:<\/p>\n<p>\u2022 Contabilidad Internacional<br \/>\n\u2022 Contabilidad P\u00fablica<br \/>\n\u2022 Auditoria y Revisor\u00eda Fiscal<br \/>\n\u2022 Asesor\u00eda Tributaria<br \/>\n\u2022 Consultor\u00eda Financiera<br \/>\n\u2022 Asesor\u00eda Jur\u00eddica<br \/>\n\u2022 Capacitaci\u00f3n<\/p>\n<p><img data-recalc-dims=\"1\" loading=\"lazy\" decoding=\"async\" class=\"aligncenter wp-image-1258 size-full\" src=\"https:\/\/i0.wp.com\/www.agenciapyme.com\/centrodenegocios\/wp-content\/uploads\/2017\/11\/Ventus-Aliados.jpg?resize=800%2C180\" alt=\"\" width=\"800\" height=\"180\" srcset=\"https:\/\/i0.wp.com\/www.agenciapyme.com\/centrodenegocios\/wp-content\/uploads\/2017\/11\/Ventus-Aliados.jpg?w=800&amp;ssl=1 800w, https:\/\/i0.wp.com\/www.agenciapyme.com\/centrodenegocios\/wp-content\/uploads\/2017\/11\/Ventus-Aliados.jpg?resize=300%2C68&amp;ssl=1 300w, https:\/\/i0.wp.com\/www.agenciapyme.com\/centrodenegocios\/wp-content\/uploads\/2017\/11\/Ventus-Aliados.jpg?resize=768%2C173&amp;ssl=1 768w\" sizes=\"auto, (max-width: 800px) 100vw, 800px\" \/><\/p>\n<h3 style=\"text-align: center;\"><strong>NUESTRAS SEDES<\/strong><\/h3>\n<p><strong>BOGOT\u00c1:\u00a0<\/strong>\u00a0Carrera 6ta. No. 55-34 Oficina 201,\u00a0 Localidad de Chapinero, Bogot\u00e1, D.C.<\/p>\n<p><center><iframe loading=\"lazy\" style=\"border: 0;\" src=\"https:\/\/www.google.com\/maps\/embed?pb=!1m18!1m12!1m3!1d3976.735190378572!2d-74.06399968554116!3d4.641257296628518!2m3!1f0!2f0!3f0!3m2!1i1024!2i768!4f13.1!3m3!1m2!1s0x8e3f9a3bd7cc54ad%3A0xccd3b4c5546dc761!2sCra.+6+%2355-34%2C+Bogot%C3%A1!5e0!3m2!1ses!2sco!4v1510780254129\" width=\"560\" height=\"315\" frameborder=\"0\" allowfullscreen=\"allowfullscreen\"><\/iframe><\/center>&nbsp;<\/p>\n<p><strong>MEDELL\u00cdN<\/strong> Calle 47D No. 72-183 Oficina 201 Tel\u00e9fono (4) 3221208, Medell\u00edn, Antioquia<\/p>\n<p><center><iframe loading=\"lazy\" style=\"border: 0;\" src=\"https:\/\/www.google.com\/maps\/embed?pb=!1m18!1m12!1m3!1d3966.0762675532064!2d-75.59353608553329!3d6.253682095473406!2m3!1f0!2f0!3f0!3m2!1i1024!2i768!4f13.1!3m3!1m2!1s0x8e4429094433366d%3A0xcb9f7ab0d0db20b3!2sCl.+47d+%2372-183%2C+Medell%C3%ADn%2C+Antioquia!5e0!3m2!1ses!2sco!4v1510782702120\" width=\"560\" height=\"315\" frameborder=\"0\" allowfullscreen=\"allowfullscreen\"><\/iframe><\/center>&nbsp;<\/p>\n<p><strong>CHILE<\/strong>: Avenida Alfonso de C\u00f3rdoba No. 5870, Oficina 611, Santiago de Chile.<\/p>\n<p><center><iframe loading=\"lazy\" style=\"border: 0;\" src=\"https:\/\/www.google.com\/maps\/embed?pb=!1m18!1m12!1m3!1d3330.607830804742!2d-70.57245208505591!3d-33.4073941807862!2m3!1f0!2f0!3f0!3m2!1i1024!2i768!4f13.1!3m3!1m2!1s0x9662cedee85cfaf1%3A0xbf4a4a07821b53b4!2sAlonso+de+C%C3%B3rdova+5870%2C+Las+Condes%2C+Regi%C3%B3n+Metropolitana%2C+Chile!5e0!3m2!1ses!2sco!4v1510783151388\" width=\"560\" height=\"315\" frameborder=\"0\" allowfullscreen=\"allowfullscreen\"><\/iframe><\/center><strong>P\u00c1GINA WEB<\/strong>:\u00a0<a href=\"http:\/\/www.ventusconsultores.com\" target=\"_blank\" rel=\"noopener\">www.ventusconsultores.com<\/a><\/p>\n<p style=\"text-align: center;\"><span style=\"color: #3366ff;\"><strong><span data-toggle=\"tooltip\"  rel=\"tooltip\" data-placement=\"top\" title=\"VIVIANA ESPEJO Gerente Comercial , Tel\u00e9fono: (1) 6955152 Celular: 3176404321, correos: viviana.espejo@ventusconsultores.com, mercadeo@ventusconsultores.com,  Direcci\u00f3n: Carrera 6 # 55 - 34 Oficina 201, Bogot\u00e1 D.C. Colombia\">INFORMACI\u00d3N DE CONTACTO<\/span><\/strong><\/span><\/p>\n","protected":false},"excerpt":{"rendered":"<h2 style=\"text-align: center;\"><strong>SERVICIOS<\/strong><\/h2>\n<p style=\"text-align: center;\">Asesor\u00eda, Consultor\u00eda y Capacitaci\u00f3n para una econom\u00eda cambiante.<\/p>\n<p style=\"text-align: center;\">M\u00e1s de 10\u00a0 a\u00f1os de experiencia real en empresas colombianas y chilenas.<\/p>\n<p style=\"text-align: center;\">M\u00e1s de 300 empresas se capacitan con nosotros cada a\u00f1o.<\/p>\n<p><img loading=\"lazy\" decoding=\"async\" class=\"aligncenter wp-image-1253 size-full\" src=\"http:\/\/www.agenciapyme.com\/centrodenegocios\/wp-content\/uploads\/2017\/11\/foto-complemento1.jpg\" alt=\"\" width=\"900\" height=\"250\" srcset=\"https:\/\/i0.wp.com\/www.agenciapyme.com\/centrodenegocios\/wp-content\/uploads\/2017\/11\/foto-complemento1.jpg?w=900&amp;ssl=1 900w, https:\/\/i0.wp.com\/www.agenciapyme.com\/centrodenegocios\/wp-content\/uploads\/2017\/11\/foto-complemento1.jpg?resize=300%2C83&amp;ssl=1 300w, https:\/\/i0.wp.com\/www.agenciapyme.com\/centrodenegocios\/wp-content\/uploads\/2017\/11\/foto-complemento1.jpg?resize=768%2C213&amp;ssl=1 768w\" sizes=\"auto, (max-width: 900px) 100vw, 900px\" \/><\/p>\n<p style=\"text-align: left;\"><strong>\u00a0 \u00a0 \u00a0 \u00a0<\/strong><\/p>\n<p style=\"text-align: left;\"><strong><img loading=\"lazy\" decoding=\"async\" class=\"wp-image-1247 alignleft\" src=\"http:\/\/www.agenciapyme.com\/centrodenegocios\/wp-content\/uploads\/2017\/11\/implementaci\u00f3n-niif.jpg\" alt=\"\" width=\"50\" height=\"50\" \/><\/strong><\/p>\n<p style=\"text-align: left;\"><strong>Implementaci\u00f3n de NIIF en Grupos 1, 2, Resoluci\u00f3n 414 y 533<\/strong><\/p>\n<p>&nbsp;<\/p>\n<p>&nbsp;<\/p>\n<p>&nbsp;<\/p>\n<p style=\"text-align: left;\"><strong><img loading=\"lazy\" decoding=\"async\" class=\"wp-image-1248 alignleft\" src=\"http:\/\/www.agenciapyme.com\/centrodenegocios\/wp-content\/uploads\/2017\/11\/auditoria.jpg\" alt=\"\" width=\"50\" height=\"50\" \/><\/strong><\/p>\n<p style=\"text-align: left;\"><strong>Auditor\u00eda bajo Normas de Aseguramiento de la Informaci\u00f3n<\/strong><\/p>\n<p>&nbsp;<\/p>\n<p>&nbsp;<\/p>\n<p>&nbsp;<\/p>\n<p style=\"text-align: left;\"><strong><img loading=\"lazy\" decoding=\"async\" class=\"wp-image-1249 alignleft\" src=\"http:\/\/www.agenciapyme.com\/centrodenegocios\/wp-content\/uploads\/2017\/11\/Outsourcing-contable.jpg\" alt=\"\" width=\"50\" height=\"50\" \/><\/strong><\/p>\n<p style=\"text-align: left;\"><strong>Outsourcing Contable<\/strong><\/p>\n<p>&nbsp;<\/p>\n<p>&nbsp;<\/p>\n<p>&nbsp;<\/p>\n<p style=\"text-align: left;\"><strong><img loading=\"lazy\" decoding=\"async\" class=\"wp-image-1247 alignleft\" src=\"http:\/\/www.agenciapyme.com\/centrodenegocios\/wp-content\/uploads\/2017\/11\/implementaci\u00f3n-niif.jpg\" alt=\"\" width=\"50\" height=\"50\" \/><\/strong><\/p>\n<p style=\"text-align: left;\"><strong>Seminarios y Capacitaciones Especializadas en NIIF<\/strong><\/p>\n<p>&nbsp;<\/p>\n<p>&nbsp;<\/p>\n<p>&nbsp;<\/p>\n<p style=\"text-align: left;\"><strong><img loading=\"lazy\" decoding=\"async\" class=\"wp-image-1250 alignleft\" src=\"http:\/\/www.agenciapyme.com\/centrodenegocios\/wp-content\/uploads\/2017\/11\/Valorizaci\u00f3n-actuaral-financiera.jpg\" alt=\"\" width=\"50\" height=\"50\" \/><\/strong><\/p>\n<p style=\"text-align: left;\"><strong>Valorizaci\u00f3n de Instrumentos Financieros\u00a0<\/strong><strong>Complejos (Forwards, Swaps, Opciones,\u00a0<\/strong><strong>etc.)<\/strong><\/p>\n<p>&nbsp;<\/p>\n<p>&nbsp;<\/p>\n<p>&nbsp;<\/p>\n<p style=\"text-align: left;\"><strong><img loading=\"lazy\" decoding=\"async\" class=\"alignleft wp-image-1250\" src=\"http:\/\/www.agenciapyme.com\/centrodenegocios\/wp-content\/uploads\/2017\/11\/Valorizaci\u00f3n-actuaral-financiera.jpg\" alt=\"\" width=\"50\" height=\"50\" \/><\/strong><\/p>\n<p style=\"text-align: left;\"><strong>Valorizaci\u00f3n Actuarial<\/strong><\/p>\n<p>&nbsp;<\/p>\n<p>&nbsp;<\/p>\n<p>&nbsp;<\/p>\n<p style=\"text-align: left;\"><strong><img loading=\"lazy\" decoding=\"async\" class=\"alignleft wp-image-1249\" src=\"http:\/\/www.agenciapyme.com\/centrodenegocios\/wp-content\/uploads\/2017\/11\/Outsourcing-contable.jpg\" alt=\"\" width=\"50\" height=\"50\" \/><\/strong><\/p>\n<p style=\"text-align: left;\"><strong>Liquidaci\u00f3n de N\u00f3mina<\/strong><\/p>\n<p>&nbsp;<\/p>\n<p>&nbsp;<\/p>\n<p>&nbsp;<\/p>\n<p style=\"text-align: left;\"><strong><img loading=\"lazy\" decoding=\"async\" class=\"alignleft wp-image-1248\" src=\"http:\/\/www.agenciapyme.com\/centrodenegocios\/wp-content\/uploads\/2017\/11\/auditoria.jpg\" alt=\"\" width=\"50\" height=\"50\" \/><\/strong><\/p>\n<p style=\"text-align: left;\"><strong>Revisor\u00eda Fiscal<\/strong><\/p>\n<p>&nbsp;<\/p>\n<p>&nbsp;<\/p>\n<p>&nbsp;<\/p>\n<p style=\"text-align: left;\"><strong><img loading=\"lazy\" decoding=\"async\" class=\"alignleft wp-image-1248\" src=\"http:\/\/www.agenciapyme.com\/centrodenegocios\/wp-content\/uploads\/2017\/11\/auditoria.jpg\" alt=\"\" width=\"50\" height=\"50\" \/><\/strong><\/p>\n<p style=\"text-align: left;\"><strong>Auditor\u00edas Legales en Clientes<\/strong><\/p>\n<p>&nbsp;<\/p>\n<p>&nbsp;<\/p>\n<p>&nbsp;<\/p>\n<p>&nbsp;<\/p>\n<p style=\"text-align: center;\"><span style=\"color: #3366ff;\"><strong>[tcbdtooltip_text title=\"VIVIANA ESPEJO Gerente Comercial , Tel\u00e9fono: (1) 6955152 Celular: 3176404321, correos: viviana.espejo@ventusconsultores.com, mercadeo@ventusconsultores.com, Direcci\u00f3n: Carrera 6 # 55 - 34 Oficina 201, Bogot\u00e1 D.C. Colombia\" place=\"top\"]INFORMACI\u00d3N DE CONTACTO[\/tcbdtooltip_text]<\/strong><\/span><\/p>\n","protected":false},"featured_media":1260,"comment_status":"open","ping_status":"closed","template":"","meta":{"jetpack_post_was_ever_published":false,"jetpack_publicize_message":"","jetpack_publicize_feature_enabled":true,"jetpack_social_post_already_shared":true,"jetpack_social_options":{"image_generator_settings":{"template":"highway","enabled":false},"version":2}},"product_brand":[],"product_cat":[439],"product_tag":[380,441,442,443,440],"class_list":{"0":"post-1243","1":"product","2":"type-product","3":"status-publish","4":"has-post-thumbnail","6":"product_cat-consultorias-empresariales","7":"product_tag-agenciapyme","8":"product_tag-servicios-contables","9":"product_tag-servicios-financieros","10":"product_tag-servicios-tributarios","11":"product_tag-ventus-consultores","13":"first","14":"instock","15":"shipping-taxable","16":"product-type-simple"},"jetpack_publicize_connections":[],"jetpack_sharing_enabled":true,"_links":{"self":[{"href":"https:\/\/www.agenciapyme.com\/centrodenegocios\/wp-json\/wp\/v2\/product\/1243","targetHints":{"allow":["GET"]}}],"collection":[{"href":"https:\/\/www.agenciapyme.com\/centrodenegocios\/wp-json\/wp\/v2\/product"}],"about":[{"href":"https:\/\/www.agenciapyme.com\/centrodenegocios\/wp-json\/wp\/v2\/types\/product"}],"replies":[{"embeddable":true,"href":"https:\/\/www.agenciapyme.com\/centrodenegocios\/wp-json\/wp\/v2\/comments?post=1243"}],"wp:featuredmedia":[{"embeddable":true,"href":"https:\/\/www.agenciapyme.com\/centrodenegocios\/wp-json\/wp\/v2\/media\/1260"}],"wp:attachment":[{"href":"https:\/\/www.agenciapyme.com\/centrodenegocios\/wp-json\/wp\/v2\/media?parent=1243"}],"wp:term":[{"taxonomy":"product_brand","embeddable":true,"href":"https:\/\/www.agenciapyme.com\/centrodenegocios\/wp-json\/wp\/v2\/product_brand?post=1243"},{"taxonomy":"product_cat","embeddable":true,"href":"https:\/\/www.agenciapyme.com\/centrodenegocios\/wp-json\/wp\/v2\/product_cat?post=1243"},{"taxonomy":"product_tag","embeddable":true,"href":"https:\/\/www.agenciapyme.com\/centrodenegocios\/wp-json\/wp\/v2\/product_tag?post=1243"}],"curies":[{"name":"wp","href":"https:\/\/api.w.org\/{rel}","templated":true}]}}