{"id":1193,"date":"2017-11-08T11:48:58","date_gmt":"2017-11-08T16:48:58","guid":{"rendered":"http:\/\/www.agenciapyme.com\/centrodenegocios\/?post_type=product&#038;p=1193"},"modified":"2017-11-12T21:04:19","modified_gmt":"2017-11-13T02:04:19","slug":"matera-metalica-el-secretero-vintage-48-000","status":"publish","type":"product","link":"https:\/\/www.agenciapyme.com\/centrodenegocios\/product\/matera-metalica-el-secretero-vintage-48-000\/","title":{"rendered":"Matera Met\u00e1lica EL SECRETERO VINTAGE   $48.000"},"content":{"rendered":"<p style=\"text-align: left;\"><span style=\"font-family: Verdana, Geneva, sans-serif;\"><strong><img data-recalc-dims=\"1\" loading=\"lazy\" decoding=\"async\" class=\"wp-image-1194 size-thumbnail alignleft\" src=\"https:\/\/i0.wp.com\/www.agenciapyme.com\/centrodenegocios\/wp-content\/uploads\/2017\/11\/Logo.jpg?resize=150%2C150\" alt=\"\" width=\"150\" height=\"150\" srcset=\"https:\/\/i0.wp.com\/www.agenciapyme.com\/centrodenegocios\/wp-content\/uploads\/2017\/11\/Logo.jpg?resize=150%2C150&amp;ssl=1 150w, https:\/\/i0.wp.com\/www.agenciapyme.com\/centrodenegocios\/wp-content\/uploads\/2017\/11\/Logo.jpg?resize=300%2C300&amp;ssl=1 300w, https:\/\/i0.wp.com\/www.agenciapyme.com\/centrodenegocios\/wp-content\/uploads\/2017\/11\/Logo.jpg?resize=180%2C180&amp;ssl=1 180w, https:\/\/i0.wp.com\/www.agenciapyme.com\/centrodenegocios\/wp-content\/uploads\/2017\/11\/Logo.jpg?resize=400%2C400&amp;ssl=1 400w, https:\/\/i0.wp.com\/www.agenciapyme.com\/centrodenegocios\/wp-content\/uploads\/2017\/11\/Logo.jpg?w=439&amp;ssl=1 439w\" sizes=\"auto, (max-width: 150px) 100vw, 150px\" \/>EL SECRETERO VINTAGE<\/strong>: A partir de un gusto personal por la decoraci\u00f3n tipo vintage, artesanal y de t\u00e9cnica country para los espacios, nace la idea de comercializar estos art\u00edculos v\u00eda internet para facilitar la ubicaci\u00f3n de este tipo de productos en un solo sitio y con la ventaja de recibirlos a domicilio. Son art\u00edculos decorativos originales y \u00fanicos en su dise\u00f1o, incluyendo importados y otros hechos a mano por nosotros y otros artesanos que manejan diferentes t\u00e9cnicas manuales.<\/span><\/p>\n<p style=\"text-align: left;\"><span style=\"font-family: Verdana, Geneva, sans-serif;\"> Adem\u00e1s ofrecemos la opci\u00f3n de personalizar los dise\u00f1os de elementos en madera.\u00a0<\/span>Productos para jard\u00edn, casa y oficina como:\u00a0b<span style=\"color: #1d2129; font-family: Helvetica, Arial, sans-serif;\">icicletas, carros y triciclos para jard\u00edn, baldes decorativos met\u00e1licos con flores, cajas de madera con diferentes funcionalidades como cofres, cajas de t\u00e9 y relojeros, brujas, hadas y espantap\u00e1jaros artesanales para colgar hechos a mano, canastos met\u00e1licos decorados con flores naturales, cantinas met\u00e1licas con flores, charolas vintage en juego o individuales, decoraci\u00f3n de pared, estuches met\u00e1licos para joyas, pastillas, aud\u00edfonos y dem\u00e1s, jarras y regaderas met\u00e1licas con dise\u00f1os franceses, jaulas met\u00e1licas decorativas, mini materas para escritorio, portal\u00e1pices, porta vasos, servilleteros, cajas de madera en corte l\u00e1ser de varios tama\u00f1os y dise\u00f1os, recipientes de vidrio decorativos y de almacenamiento, tableros peque\u00f1os en varios dise\u00f1os y colores, soportes para vino, cajoneras y centros de mesa, entre otros art\u00edculos. <\/span><\/p>\n<p style=\"text-align: left;\"><span style=\"color: #1d2129; font-family: Helvetica, Arial, sans-serif;\">Los pedidos se reciben a trav\u00e9s de todas nuestras redes y contactos para entrega a domicilio con pago contra entrega en la ciudad de Bogot\u00e1 y municipios cercanos como Facatativ\u00e1, Bojac\u00e1, Funza, Madrid, Mosquera, Ch\u00eda, Cota y Cajic\u00e1. Tambi\u00e9n ofrecemos la opci\u00f3n de env\u00edo a nivel nacional por Servientrega con pago en consignaci\u00f3n y pago del env\u00edo contra entrega.\u00a0 \u00a0<\/span><\/p>\n<p><b>B\u00daSCANOS<\/b><strong>\u00a0EN REDES SOCIALES:<\/strong><\/p>\n<ul>\n<li><a href=\"https:\/\/www.facebook.com\/elsecreterovintage\/\" target=\"_blank\" rel=\"noopener\">FACEBOOK<\/a><\/li>\n<li><a href=\"https:\/\/www.instagram.com\/elsecreterovintage\/\" target=\"_blank\" rel=\"noopener\">INSTAGRAM<\/a><\/li>\n<\/ul>\n<p>&nbsp;<\/p>\n<p style=\"text-align: center;\"><span style=\"color: #3366ff;\"><strong><span data-toggle=\"tooltip\"  rel=\"tooltip\" data-placement=\"top\" title=\"AIDA AMPARO PE\u00d1A REINA, celular: 3153257713, correo: rockqueen22@gmail.com, Bogot\u00e1 D.C. Colombia\">INFORMACI\u00d3N DE CONTACTO <\/span><\/strong><\/span><\/p>\n<p>&nbsp;<\/p>\n","protected":false},"excerpt":{"rendered":"<div>Recipiente met\u00e1lico tipo matera para colgar en pared en forma c\u00f3nica, con flores artificiales.<\/div>\n<p><strong>Medidas<\/strong>:<br \/>\nAlto 35 cm incluido el soporte para colgar.<br \/>\nAncho en la parte superior 19 cm<br \/>\n<strong>PRECIO:<\/strong> $48.000\u00a0 No incluye IVA.<\/p>\n<p>&nbsp;<\/p>\n<p><img loading=\"lazy\" decoding=\"async\" class=\"wp-image-1201 aligncenter\" src=\"http:\/\/www.agenciapyme.com\/centrodenegocios\/wp-content\/uploads\/2017\/11\/foto-complemento-ok2.jpg\" alt=\"\" width=\"721\" height=\"233\" srcset=\"https:\/\/i0.wp.com\/www.agenciapyme.com\/centrodenegocios\/wp-content\/uploads\/2017\/11\/foto-complemento-ok2.jpg?w=930&amp;ssl=1 930w, https:\/\/i0.wp.com\/www.agenciapyme.com\/centrodenegocios\/wp-content\/uploads\/2017\/11\/foto-complemento-ok2.jpg?resize=300%2C97&amp;ssl=1 300w, https:\/\/i0.wp.com\/www.agenciapyme.com\/centrodenegocios\/wp-content\/uploads\/2017\/11\/foto-complemento-ok2.jpg?resize=768%2C248&amp;ssl=1 768w\" sizes=\"auto, (max-width: 721px) 100vw, 721px\" \/><\/p>\n<p><em><strong>EL SECRETERO VINTAGE<\/strong><\/em>: Ofrece sus productos para ser comercializados en todo el territorio nacional.<\/p>\n<p style=\"text-align: center;\"><span style=\"color: #3366ff;\"><strong>[tcbdtooltip_text title=\"AIDA AMPARO PE\u00d1A REINA, celular: 3153257713, correo: rockqueen22@gmail.com, Bogot\u00e1 D.C. Colombia\" place=\"top\"]INFORMACI\u00d3N DE CONTACTO [\/tcbdtooltip_text]<\/strong><\/span><\/p>\n","protected":false},"featured_media":1195,"comment_status":"open","ping_status":"closed","template":"","meta":{"jetpack_post_was_ever_published":false,"jetpack_publicize_message":"","jetpack_publicize_feature_enabled":true,"jetpack_social_post_already_shared":true,"jetpack_social_options":{"image_generator_settings":{"template":"highway","enabled":false},"version":2}},"product_brand":[],"product_cat":[102,186,285],"product_tag":[380,56,426,312,429,428,416,417,427],"class_list":{"0":"post-1193","1":"product","2":"type-product","3":"status-publish","4":"has-post-thumbnail","6":"product_cat-artesanias","7":"product_cat-hogar-y-decoracion","8":"product_cat-regalos-y-detalles","9":"product_tag-agenciapyme","10":"product_tag-artesanias","11":"product_tag-decoracion","12":"product_tag-detalles","13":"product_tag-el-secretero-vintage","14":"product_tag-hogar","15":"product_tag-regalos-personalizados","16":"product_tag-regalos-sorpresa","17":"product_tag-vintage","19":"first","20":"instock","21":"shipping-taxable","22":"product-type-simple"},"jetpack_publicize_connections":[],"jetpack_sharing_enabled":true,"_links":{"self":[{"href":"https:\/\/www.agenciapyme.com\/centrodenegocios\/wp-json\/wp\/v2\/product\/1193","targetHints":{"allow":["GET"]}}],"collection":[{"href":"https:\/\/www.agenciapyme.com\/centrodenegocios\/wp-json\/wp\/v2\/product"}],"about":[{"href":"https:\/\/www.agenciapyme.com\/centrodenegocios\/wp-json\/wp\/v2\/types\/product"}],"replies":[{"embeddable":true,"href":"https:\/\/www.agenciapyme.com\/centrodenegocios\/wp-json\/wp\/v2\/comments?post=1193"}],"wp:featuredmedia":[{"embeddable":true,"href":"https:\/\/www.agenciapyme.com\/centrodenegocios\/wp-json\/wp\/v2\/media\/1195"}],"wp:attachment":[{"href":"https:\/\/www.agenciapyme.com\/centrodenegocios\/wp-json\/wp\/v2\/media?parent=1193"}],"wp:term":[{"taxonomy":"product_brand","embeddable":true,"href":"https:\/\/www.agenciapyme.com\/centrodenegocios\/wp-json\/wp\/v2\/product_brand?post=1193"},{"taxonomy":"product_cat","embeddable":true,"href":"https:\/\/www.agenciapyme.com\/centrodenegocios\/wp-json\/wp\/v2\/product_cat?post=1193"},{"taxonomy":"product_tag","embeddable":true,"href":"https:\/\/www.agenciapyme.com\/centrodenegocios\/wp-json\/wp\/v2\/product_tag?post=1193"}],"curies":[{"name":"wp","href":"https:\/\/api.w.org\/{rel}","templated":true}]}}