{"id":1150,"date":"2017-10-03T18:58:51","date_gmt":"2017-10-03T23:58:51","guid":{"rendered":"http:\/\/www.agenciapyme.com\/centrodenegocios\/?post_type=product&#038;p=1150"},"modified":"2017-10-03T19:58:14","modified_gmt":"2017-10-04T00:58:14","slug":"vermelada-de-uchuva-con-cascara-de-naranja-frasco-125g-vermeladas-9-000","status":"publish","type":"product","link":"https:\/\/www.agenciapyme.com\/centrodenegocios\/product\/vermelada-de-uchuva-con-cascara-de-naranja-frasco-125g-vermeladas-9-000\/","title":{"rendered":"Vermelada de Uchuva-C\u00e1scara de Naranja Frasco 125g VERMELADAS   $9.000"},"content":{"rendered":"<p><img data-recalc-dims=\"1\" loading=\"lazy\" decoding=\"async\" class=\"wp-image-1114 alignleft\" src=\"https:\/\/i0.wp.com\/www.agenciapyme.com\/centrodenegocios\/wp-content\/uploads\/2017\/10\/logo-1.png?resize=219%2C106\" alt=\"\" width=\"219\" height=\"106\" \/><\/p>\n<p>&nbsp;<\/p>\n<p>Vermeladas fue creada en el a\u00f1o 2012.\u00a0 Somos una propuesta gastron\u00f3mica alternativa que satisface a consumidores conscientes, aquellos que generan un impacto social y ambientalmente responsable a trav\u00e9s de sus decisiones de compra.<\/p>\n<p>&nbsp;<\/p>\n<p>Dise\u00f1amos experiencias innovadoras de sabor que desaf\u00edan lo convencional a la hora de comer, a partir de alimentos agroecol\u00f3gicos que provienen de peque\u00f1os productores y campesinos locales con los que manejamos un trato justo por sus cosechas.<\/p>\n<p>Nuestra filosof\u00eda se centra en promover la reconciliaci\u00f3n con ciertos alimentos que hemos estigmatizado, como la remolacha o la berenjena y les demos una segunda oportunidad para conocerlos y probarlos de una manera diferente, m\u00e1s amena y pr\u00e1ctica.<\/p>\n<p><center><iframe loading=\"lazy\" src=\"https:\/\/www.youtube.com\/embed\/1BIXvx_FAYI\" width=\"560\" height=\"315\" frameborder=\"0\" allowfullscreen=\"allowfullscreen\" data-mce-fragment=\"1\"><\/iframe><\/center><center><\/center><center><\/center><center><\/center>Elaboramos mezclas untables de verduras y frutas de manera artesanal, y endulzamos con un alimento poderoso como lo es la panela. No utilizamos conservantes artificiales, colorantes, saborizantes, az\u00facares refinados, pectinas industrializadas o gelificantes.<\/p>\n<p>&nbsp;<\/p>\n<p><strong>PUBLICACIONES ANTERIORES<\/strong>:<a href=\"https:\/\/www.agenciapyme.com\/2017\/08\/14\/v%E2%80%8Bermeladasunos-esposos%E2%80%8B-que-a-partir-de-sus-diferencias-a-la-hora-de-comer-crearon-mermeladas-de-verduras\/\" target=\"_blank\" rel=\"noopener\">\u00a0V\u200bermeladas,unos esposos\u200b que a partir de sus diferencias a la hora de comer, crearon mermeladas de verduras<\/a><\/p>\n<p><strong>P\u00c1GINA WEB<\/strong>:\u00a0<a href=\"http:\/\/www.vermeladas.com\" target=\"_blank\" rel=\"noopener\">www.vermeladas.com<\/a><\/p>\n<p>&nbsp;<\/p>\n<p style=\"text-align: center;\"><span style=\"color: #3366ff;\"><strong><span data-toggle=\"tooltip\"  rel=\"tooltip\" data-placement=\"top\" title=\"YURANY L\u00d3PEZ, celulares: 3122830140 - 3116533280, correos: hola@vermeladas.com, vermeladas@gmail.com\">INFORMACI\u00d3N CONTACTO<\/span><\/strong><\/span><\/p>\n<p>&nbsp;<\/p>\n<p style=\"text-align: center;\"><strong>PLANTA DE PROCESAMIENTO VERMELADAS:<\/strong> Calle 70 A # 94-33, Bogot\u00e1, Colombia<\/p>\n<p>&nbsp;<\/p>\n<p><center><iframe loading=\"lazy\" src=\"https:\/\/www.google.com\/maps\/embed?pb=!1m18!1m12!1m3!1d3976.4153535052715!2d-74.11605608579966!3d4.697677442993178!2m3!1f0!2f0!3f0!3m2!1i1024!2i768!4f13.1!3m3!1m2!1s0x8e3f9b50744499bf%3A0x78ab2e0d55519cb7!2sCl.+70a+%2394-33%2C+Bogot%C3%A1!5e0!3m2!1ses!2sco!4v1506985541659\" width=\"560\" height=\"315\" frameborder=\"0\" allowfullscreen=\"allowfullscreen\" data-mce-fragment=\"1\"><\/iframe><\/center><\/p>\n","protected":false},"excerpt":{"rendered":"<p>Aporta un balance delicioso entre gusto \u00e1cido, amargo y dulce.\u00a0 Ideal para acompa\u00f1ar platos calientes donde se sirven aves.\u00a0 Un toque muy particular y especial para dar a tus limonadas y a tus postres.<\/p>\n<p><strong>PRESENTACIONES<\/strong>:\u00a0 32 gr. \/\u00a0 125 gr. \/\u00a0 230 gr.<\/p>\n<p><img loading=\"lazy\" decoding=\"async\" class=\"wp-image-1118 alignnone\" src=\"http:\/\/www.agenciapyme.com\/centrodenegocios\/wp-content\/uploads\/2017\/10\/Complemento-Vermeladas-1024x389.jpg\" alt=\"\" width=\"707\" height=\"268\" srcset=\"https:\/\/i0.wp.com\/www.agenciapyme.com\/centrodenegocios\/wp-content\/uploads\/2017\/10\/Complemento-Vermeladas.jpg?resize=1024%2C389&amp;ssl=1 1024w, https:\/\/i0.wp.com\/www.agenciapyme.com\/centrodenegocios\/wp-content\/uploads\/2017\/10\/Complemento-Vermeladas.jpg?resize=300%2C114&amp;ssl=1 300w, https:\/\/i0.wp.com\/www.agenciapyme.com\/centrodenegocios\/wp-content\/uploads\/2017\/10\/Complemento-Vermeladas.jpg?resize=768%2C292&amp;ssl=1 768w, https:\/\/i0.wp.com\/www.agenciapyme.com\/centrodenegocios\/wp-content\/uploads\/2017\/10\/Complemento-Vermeladas.jpg?w=1347&amp;ssl=1 1347w\" sizes=\"auto, (max-width: 707px) 100vw, 707px\" \/><\/p>\n<p><strong>PRECIOS:<\/strong><\/p>\n<p>125g. $9.000<\/p>\n<p>230g. $12.000<\/p>\n<p>Presentaci\u00f3n empacada en Yute para regalar:\u00a0 Atado en yute x 6 und. de 32 gr. $28.000.<\/p>\n<p><em>Los precios publicados en esta p\u00e1gina No Incluyen IVA.<\/em><\/p>\n<p><strong><em>VERMELADAS<\/em> <\/strong>Ofrece sus productos para ser comercializados en Colombia as\u00ed como a nivel internacional.<\/p>\n<p style=\"text-align: center;\"><span style=\"color: #3366ff;\"><strong>[tcbdtooltip_text title=\"YURANY L\u00d3PEZ, celulares: 3122830140 - 3116533280, correos: hola@vermeladas.com, vermeladas@gmail.com\" place=\"top\"]INFORMACI\u00d3N CONTACTO[\/tcbdtooltip_text]<\/strong><\/span><\/p>\n<p>&nbsp;<\/p>\n<p>&nbsp;<\/p>\n","protected":false},"featured_media":1151,"comment_status":"open","ping_status":"closed","template":"","meta":{"jetpack_post_was_ever_published":false,"jetpack_publicize_message":"","jetpack_publicize_feature_enabled":true,"jetpack_social_post_already_shared":true,"jetpack_social_options":{"image_generator_settings":{"template":"highway","enabled":false},"version":2}},"product_brand":[],"product_cat":[198,28,68],"product_tag":[380,401,412,176,358,411,400],"class_list":{"0":"post-1150","1":"product","2":"type-product","3":"status-publish","4":"has-post-thumbnail","6":"product_cat-alimentos-vegetarianos","7":"product_cat-productos-naturales","8":"product_cat-pulpas-mermeladas-salsas-y-derivados-de-frutas","9":"product_tag-agenciapyme","10":"product_tag-mermeladas","11":"product_tag-naranja","12":"product_tag-producto-natural","13":"product_tag-productos-saludables","14":"product_tag-uchuva","15":"product_tag-vermeladas","17":"first","18":"instock","19":"shipping-taxable","20":"product-type-simple"},"jetpack_publicize_connections":[],"jetpack_sharing_enabled":true,"_links":{"self":[{"href":"https:\/\/www.agenciapyme.com\/centrodenegocios\/wp-json\/wp\/v2\/product\/1150","targetHints":{"allow":["GET"]}}],"collection":[{"href":"https:\/\/www.agenciapyme.com\/centrodenegocios\/wp-json\/wp\/v2\/product"}],"about":[{"href":"https:\/\/www.agenciapyme.com\/centrodenegocios\/wp-json\/wp\/v2\/types\/product"}],"replies":[{"embeddable":true,"href":"https:\/\/www.agenciapyme.com\/centrodenegocios\/wp-json\/wp\/v2\/comments?post=1150"}],"wp:featuredmedia":[{"embeddable":true,"href":"https:\/\/www.agenciapyme.com\/centrodenegocios\/wp-json\/wp\/v2\/media\/1151"}],"wp:attachment":[{"href":"https:\/\/www.agenciapyme.com\/centrodenegocios\/wp-json\/wp\/v2\/media?parent=1150"}],"wp:term":[{"taxonomy":"product_brand","embeddable":true,"href":"https:\/\/www.agenciapyme.com\/centrodenegocios\/wp-json\/wp\/v2\/product_brand?post=1150"},{"taxonomy":"product_cat","embeddable":true,"href":"https:\/\/www.agenciapyme.com\/centrodenegocios\/wp-json\/wp\/v2\/product_cat?post=1150"},{"taxonomy":"product_tag","embeddable":true,"href":"https:\/\/www.agenciapyme.com\/centrodenegocios\/wp-json\/wp\/v2\/product_tag?post=1150"}],"curies":[{"name":"wp","href":"https:\/\/api.w.org\/{rel}","templated":true}]}}