{"id":1004,"date":"2017-08-16T18:51:41","date_gmt":"2017-08-16T23:51:41","guid":{"rendered":"http:\/\/www.agenciapyme.com\/centrodenegocios\/?post_type=product&#038;p=1004"},"modified":"2017-08-17T15:32:43","modified_gmt":"2017-08-17T20:32:43","slug":"bodysuit-moscu-black-unicorn-70-000","status":"publish","type":"product","link":"https:\/\/www.agenciapyme.com\/centrodenegocios\/product\/bodysuit-moscu-black-unicorn-70-000\/","title":{"rendered":"Bodysuit Mosc\u00fa BLACK UNICORN   $70.000"},"content":{"rendered":"<p><strong><img data-recalc-dims=\"1\" loading=\"lazy\" decoding=\"async\" class=\"wp-image-1002 size-thumbnail alignleft\" src=\"https:\/\/i0.wp.com\/www.agenciapyme.com\/centrodenegocios\/wp-content\/uploads\/2017\/08\/logo-Black-Unicorn.jpg?resize=150%2C150\" alt=\"\" width=\"150\" height=\"150\" srcset=\"https:\/\/i0.wp.com\/www.agenciapyme.com\/centrodenegocios\/wp-content\/uploads\/2017\/08\/logo-Black-Unicorn.jpg?resize=150%2C150&amp;ssl=1 150w, https:\/\/i0.wp.com\/www.agenciapyme.com\/centrodenegocios\/wp-content\/uploads\/2017\/08\/logo-Black-Unicorn.jpg?resize=300%2C300&amp;ssl=1 300w, https:\/\/i0.wp.com\/www.agenciapyme.com\/centrodenegocios\/wp-content\/uploads\/2017\/08\/logo-Black-Unicorn.jpg?resize=180%2C180&amp;ssl=1 180w, https:\/\/i0.wp.com\/www.agenciapyme.com\/centrodenegocios\/wp-content\/uploads\/2017\/08\/logo-Black-Unicorn.jpg?resize=400%2C400&amp;ssl=1 400w, https:\/\/i0.wp.com\/www.agenciapyme.com\/centrodenegocios\/wp-content\/uploads\/2017\/08\/logo-Black-Unicorn.jpg?w=595&amp;ssl=1 595w\" sizes=\"auto, (max-width: 150px) 100vw, 150px\" \/>BLACK UNICORN CLOTHING<\/strong> es una marca que impone un estilo de vida urbano y fresco en donde destaca el estilo y la calidad de los productos que ofrecemos, esto para que las mujeres se sientan seguras de s\u00ed mismas al usar prendas que las empoderen de su cuerpo y su actitud ante el mundo.<\/p>\n<p>Deseamos que en un corto y mediano plazo nuestro p\u00fablico objetivo nos reconozca como una de las mejores marcas urbanas y citadinas a nivel nacional.<\/p>\n<p><center><div style=\"width: 560px;\" class=\"wp-video\"><video class=\"wp-video-shortcode\" id=\"video-1004-1\" width=\"560\" height=\"315\" preload=\"metadata\" controls=\"controls\"><source type=\"video\/mp4\" src=\"http:\/\/www.agenciapyme.com\/centrodenegocios\/wp-content\/uploads\/2017\/08\/RWET96331.mp4?_=1\" \/><a href=\"http:\/\/www.agenciapyme.com\/centrodenegocios\/wp-content\/uploads\/2017\/08\/RWET96331.mp4\">http:\/\/www.agenciapyme.com\/centrodenegocios\/wp-content\/uploads\/2017\/08\/RWET96331.mp4<\/a><\/video><\/div><\/center><\/p>\n<p>&nbsp;<\/p>\n<p>Los unicornios son seres m\u00e1gicos que llegan a la ciudad para llenar los d\u00edas de arco\u00edris tornasolados y las noches de brillo multicolor, por eso te invitamos a que hagas parte de nuestra cultura de BLACK UNICORN.<\/p>\n<p><strong>PUBLICACIONES ANTERIORES<\/strong>:\u00a0<a href=\"https:\/\/www.agenciapyme.com\/2017\/08\/03\/mujeres-vivan-la-nueva-experiencia-de-lucir-prendas-black-unicorn-clothing-emprendimiento-hecho-en-colombia\/\" target=\"_blank\" rel=\"noopener\">Mujeres, vivan la nueva experiencia de lucir prendas Black Unicorn Clothing, emprendimiento hecho en Colombia<\/a><\/p>\n<p>&nbsp;<\/p>\n<p style=\"text-align: center;\"><span style=\"color: #3366ff;\"><strong><span data-toggle=\"tooltip\"  rel=\"tooltip\" data-placement=\"top\" title=\"MARCELA CIFUENTES VEGA, celular: 3124395630 correo: yosoyblackunicorn@gmail.com Bogot\u00e1 D.C. Colombia\">INFORMACI\u00d3N DE CONTACTO<\/span><\/strong><\/span><\/p>\n<p>&nbsp;<\/p>\n<p style=\"text-align: center;\"><em><strong>No olvides seguirnos en nuestras redes y compartir nuestro estilo.<\/strong><\/em><\/p>\n<p>&nbsp;<\/p>\n<p><img data-recalc-dims=\"1\" loading=\"lazy\" decoding=\"async\" class=\"wp-image-1003 size-medium aligncenter\" src=\"https:\/\/i0.wp.com\/www.agenciapyme.com\/centrodenegocios\/wp-content\/uploads\/2017\/08\/REDES.jpg?resize=300%2C225\" alt=\"No olvides seguirnos en nuestras redes y compartir nuestro estilo.\" width=\"300\" height=\"225\" srcset=\"https:\/\/i0.wp.com\/www.agenciapyme.com\/centrodenegocios\/wp-content\/uploads\/2017\/08\/REDES.jpg?resize=300%2C225&amp;ssl=1 300w, https:\/\/i0.wp.com\/www.agenciapyme.com\/centrodenegocios\/wp-content\/uploads\/2017\/08\/REDES.jpg?w=400&amp;ssl=1 400w\" sizes=\"auto, (max-width: 300px) 100vw, 300px\" \/><\/p>\n","protected":false},"excerpt":{"rendered":"<p>Prenda para uso exterior, cuello redondo, manga corta y con broche en la parte trasera del cuello para mayor facilidad al ponerse.<\/p>\n<p><strong>Tallas<\/strong>: S \u2013 M<br \/>\n<strong>Color:<\/strong> Negro con estampado rojo en frente<\/p>\n<p><strong>El precio publicado no incluye los gastos de env\u00edo.<\/strong><\/p>\n<p>Todas nuestras prendas est\u00e1n elaboradas en materiales licrados y resistentes.<\/p>\n<p><strong><em>BLACK UNICORN CLOTHING<\/em><\/strong>\u00a0\u00a0ofrece sus productos para ser comercializados en todo el \u00a0territorio colombiano.<\/p>\n<p style=\"text-align: center;\"><span style=\"color: #3366ff;\"><strong>[tcbdtooltip_text title=\"MARCELA CIFUENTES VEGA, celular: 3124395630 correo: yosoyblackunicorn@gmail.com Bogot\u00e1 D.C. Colombia\" place=\"top\"]INFORMACI\u00d3N DE CONTACTO[\/tcbdtooltip_text]<\/strong><\/span><\/p>\n","protected":false},"featured_media":1009,"comment_status":"open","ping_status":"closed","template":"","meta":{"jetpack_post_was_ever_published":false,"jetpack_publicize_message":"","jetpack_publicize_feature_enabled":true,"jetpack_social_post_already_shared":false,"jetpack_social_options":{"image_generator_settings":{"template":"highway","enabled":false},"version":2}},"product_brand":[],"product_cat":[86,104,185],"product_tag":[383,385,384,387,122,386],"class_list":{"0":"post-1004","1":"product","2":"type-product","3":"status-publish","4":"has-post-thumbnail","6":"product_cat-ropa-deportiva-mujer","7":"product_cat-ropa-para-mujer","8":"product_cat-ropa-y-accesorios","9":"product_tag-black-unicorn","10":"product_tag-bodys","11":"product_tag-bodysuit","12":"product_tag-moda-urbana","13":"product_tag-ropa-para-mujer","14":"product_tag-ropa-urbana","16":"first","17":"instock","18":"shipping-taxable","19":"product-type-simple"},"jetpack_publicize_connections":[],"jetpack_sharing_enabled":true,"_links":{"self":[{"href":"https:\/\/www.agenciapyme.com\/centrodenegocios\/wp-json\/wp\/v2\/product\/1004","targetHints":{"allow":["GET"]}}],"collection":[{"href":"https:\/\/www.agenciapyme.com\/centrodenegocios\/wp-json\/wp\/v2\/product"}],"about":[{"href":"https:\/\/www.agenciapyme.com\/centrodenegocios\/wp-json\/wp\/v2\/types\/product"}],"replies":[{"embeddable":true,"href":"https:\/\/www.agenciapyme.com\/centrodenegocios\/wp-json\/wp\/v2\/comments?post=1004"}],"wp:featuredmedia":[{"embeddable":true,"href":"https:\/\/www.agenciapyme.com\/centrodenegocios\/wp-json\/wp\/v2\/media\/1009"}],"wp:attachment":[{"href":"https:\/\/www.agenciapyme.com\/centrodenegocios\/wp-json\/wp\/v2\/media?parent=1004"}],"wp:term":[{"taxonomy":"product_brand","embeddable":true,"href":"https:\/\/www.agenciapyme.com\/centrodenegocios\/wp-json\/wp\/v2\/product_brand?post=1004"},{"taxonomy":"product_cat","embeddable":true,"href":"https:\/\/www.agenciapyme.com\/centrodenegocios\/wp-json\/wp\/v2\/product_cat?post=1004"},{"taxonomy":"product_tag","embeddable":true,"href":"https:\/\/www.agenciapyme.com\/centrodenegocios\/wp-json\/wp\/v2\/product_tag?post=1004"}],"curies":[{"name":"wp","href":"https:\/\/api.w.org\/{rel}","templated":true}]}}