{"id":100,"date":"2017-01-28T16:11:35","date_gmt":"2017-01-28T21:11:35","guid":{"rendered":"https:\/\/agenciapyme.com\/centrodenegocios\/?post_type=product&#038;p=100"},"modified":"2017-09-05T20:00:43","modified_gmt":"2017-09-06T01:00:43","slug":"tenis-golden-coral-santo-cielo-precio-incluye-iva","status":"publish","type":"product","link":"https:\/\/www.agenciapyme.com\/centrodenegocios\/product\/tenis-golden-coral-santo-cielo-precio-incluye-iva\/","title":{"rendered":"Tenis Golden Coral SANTO CIELO precio incluye IVA   $99.900"},"content":{"rendered":"<div class=\"classified_description\" style=\"text-align: center;\">\n<p><em><strong>SANTO CIELO<\/strong><\/em>\u00a0es una \u00a0empresa que dise\u00f1a y comercializa calzado casual inspirados en la naturaleza, los paisajes y en la identidad de Colombia. Es un producto exclusivo, vers\u00e1til y c\u00f3modo. Dise\u00f1ado para cada ocasi\u00f3n de estilo de vida de la mujer. Utiliza materia prima de alta calidad y sugiere precios muy competitivos en el segmento calzado.<\/p>\n<p>Los productos publicados en esta p\u00e1gina incluyen IVA.<\/p>\n<p><center><iframe loading=\"lazy\" src=\"https:\/\/www.youtube.com\/embed\/CH1io1DEnFs\" width=\"560\" height=\"315\" frameborder=\"0\" allowfullscreen=\"allowfullscreen\" data-mce-fragment=\"1\"><\/iframe><\/center>PUBLICACIONES ANTERIORES:<a href=\"http:\/\/www.agenciapyme.com\/2017\/01\/20\/santo-cielo-crea-y-disena-para-que-tus-pies-vayan-comodos-y-bien-vestidos-agenciapyme\/\" target=\"_blank\">http:\/\/www.agenciapyme.com\/2017\/01\/20\/santo-cielo-crea-y-disena-para-que-tus-pies-vayan-comodos-y-bien-vestidos-agenciapyme\/<\/a><\/p>\n<p>MAYOR INFORMACI\u00d3N:\u00a0<a href=\"http:\/\/www.santocielo.co\/\" target=\"_blank\">http:\/\/www.santocielo.co<\/a><\/p>\n<p>Calle 74 # 15-30 Torre 2 Oficina 304 Bogot\u00e1, Colombia<\/p>\n<p style=\"text-align: center;\"><iframe loading=\"lazy\" style=\"border: 0;\" src=\"https:\/\/www.google.com\/maps\/embed?pb=!1m18!1m12!1m3!1d3976.622449383208!2d-74.06284538569481!3d4.6612228966141025!2m3!1f0!2f0!3f0!3m2!1i1024!2i768!4f13.1!3m3!1m2!1s0x8e3f9a5bdffce509%3A0xbf0e371eb9a2874c!2sCl.+74+%2315-30%2C+Bogot%C3%A1!5e0!3m2!1ses!2sco!4v1485639624476\" width=\"560\" height=\"315\" frameborder=\"0\" allowfullscreen=\"allowfullscreen\"><\/iframe><\/p>\n<p style=\"text-align: center;\"><em><strong><span data-toggle=\"tooltip\"  rel=\"tooltip\" data-placement=\"top\" title=\"Contacto: CIELO LIZARAZO Celular: 3125165449 Tel. fijo: 57 1 3004811 Correo: santocielodiseno@gmail.com\">INFORMACI\u00d3N DE CONTACTO<\/span><\/strong><\/em><\/p>\n<\/div>\n","protected":false},"excerpt":{"rendered":"<p>Somos creativos apasionados por el dise\u00f1o la innovaci\u00f3n y la moda, nos gusta hacer lo desconocido conocido, romper las barreras para alcanzar las estrellas y as\u00ed tener un calzado sin limites.<\/p>\n<p><strong>Santo Cielo:<\/strong> Otorga grandes descuentos, por compras al por mayor. As\u00ed mismo ofrece sus productos para comercializarlos a nivel nacional e internacional.<\/p>\n","protected":false},"featured_media":324,"comment_status":"open","ping_status":"closed","template":"","meta":{"jetpack_post_was_ever_published":false,"jetpack_publicize_message":"","jetpack_publicize_feature_enabled":true,"jetpack_social_post_already_shared":false,"jetpack_social_options":{"image_generator_settings":{"template":"highway","enabled":false},"version":2}},"product_brand":[],"product_cat":[15,104],"product_tag":[80,18,58,79,16],"class_list":{"0":"post-100","1":"product","2":"type-product","3":"status-publish","4":"has-post-thumbnail","6":"product_cat-calzado-para-mujer","7":"product_cat-ropa-para-mujer","8":"product_tag-amazonia","9":"product_tag-golden-coral","10":"product_tag-marroquineria","11":"product_tag-santo-cielo","12":"product_tag-tenis","14":"first","15":"instock","16":"featured","17":"shipping-taxable","18":"product-type-simple"},"jetpack_publicize_connections":[],"jetpack_sharing_enabled":true,"_links":{"self":[{"href":"https:\/\/www.agenciapyme.com\/centrodenegocios\/wp-json\/wp\/v2\/product\/100","targetHints":{"allow":["GET"]}}],"collection":[{"href":"https:\/\/www.agenciapyme.com\/centrodenegocios\/wp-json\/wp\/v2\/product"}],"about":[{"href":"https:\/\/www.agenciapyme.com\/centrodenegocios\/wp-json\/wp\/v2\/types\/product"}],"replies":[{"embeddable":true,"href":"https:\/\/www.agenciapyme.com\/centrodenegocios\/wp-json\/wp\/v2\/comments?post=100"}],"wp:featuredmedia":[{"embeddable":true,"href":"https:\/\/www.agenciapyme.com\/centrodenegocios\/wp-json\/wp\/v2\/media\/324"}],"wp:attachment":[{"href":"https:\/\/www.agenciapyme.com\/centrodenegocios\/wp-json\/wp\/v2\/media?parent=100"}],"wp:term":[{"taxonomy":"product_brand","embeddable":true,"href":"https:\/\/www.agenciapyme.com\/centrodenegocios\/wp-json\/wp\/v2\/product_brand?post=100"},{"taxonomy":"product_cat","embeddable":true,"href":"https:\/\/www.agenciapyme.com\/centrodenegocios\/wp-json\/wp\/v2\/product_cat?post=100"},{"taxonomy":"product_tag","embeddable":true,"href":"https:\/\/www.agenciapyme.com\/centrodenegocios\/wp-json\/wp\/v2\/product_tag?post=100"}],"curies":[{"name":"wp","href":"https:\/\/api.w.org\/{rel}","templated":true}]}}