{"id":556,"date":"2017-03-13T15:35:04","date_gmt":"2017-03-13T20:35:04","guid":{"rendered":"https:\/\/agenciapyme.com\/centrodenegocios\/?page_id=556"},"modified":"2017-03-13T18:12:05","modified_gmt":"2017-03-13T23:12:05","slug":"politicas-de-privacidad","status":"publish","type":"page","link":"https:\/\/www.agenciapyme.com\/centrodenegocios\/politicas-de-privacidad\/","title":{"rendered":"Pol\u00edticas de Privacidad"},"content":{"rendered":"<h3><strong>Pol\u00edtica de manejo de datos Economic and Business Report SAS<\/strong><\/h3>\n<p><strong>INTRODUCCI\u00d3N<\/strong><\/p>\n<p>Con fundamento en la Ley Estatutaria 1581 de 2012 \u201cPor la cual se dictan disposiciones generales para la protecci\u00f3n de datos personales\u201d y el Decreto 1377 de 2013, \u201cPor el cual se reglamenta parcialmente la Ley 1581 de 2012\u201d ECONOMIC AND BUSINESS REPORT SAS, con domicilio en la ciudad de Bogot\u00e1 D.C, como responsable del tratamiento de datos personales de otros, adopta mediante el presente documento las pol\u00edticas y procedimientos para garantizar el derecho que tienen las personas de conocer, actualizar y rectificar las informaciones que se hayan registrado sobre ellas en bases de datos y\/o archivos.<br \/>\nLa presente Pol\u00edtica se aplica a toda informaci\u00f3n personal de los clientes, prospectos, contratistas, proveedores, empleados, o de cualquier otra persona que por alg\u00fan motivo suministre informaci\u00f3n a ECONOMIC AND BUSINESS REPORT SAS.<br \/>\nECONOMIC AND BUSINESS REPORT SAS podr\u00e1 actualizar esta pol\u00edtica en cualquier momento, ya sea para atenci\u00f3n de novedades legislativas, regulatorias o jurisprudenciales, pol\u00edticas internas, o por cualquier otra raz\u00f3n o circunstancia, lo cual se informar\u00e1 y se dar\u00e1 a conocer oportunamente, mediante documento escrito, publicaci\u00f3n en el sitio web, comunicaci\u00f3n verbal o mediante cualquier otra tecnolog\u00eda, por este motivo se recomienda al titular de los datos personales, revisarla con regularidad para asegurarse de que ha le\u00eddo la versi\u00f3n m\u00e1s actualizada.<br \/>\nDe conformidad con la legislaci\u00f3n vigente sobre la materia, se establecen las siguientes definiciones, las cuales ser\u00e1n aplicadas e implementadas acogiendo los criterios de interpretaci\u00f3n que garanticen una aplicaci\u00f3n sistem\u00e1tica e integral, y en consonancia con los avances tecnol\u00f3gicos, la neutralidad tecnol\u00f3gica; y los dem\u00e1s principios y postulados que rigen los derechos fundamentales que circundan, orbitan y rodean el derecho de habeas data y protecci\u00f3n de datos personales.<\/p>\n<p><strong>Autorizaci\u00f3n<\/strong>: Consentimiento previo, expreso e informado del titular para llevar a cabo el tratamiento de datos personales.<br \/>\n<strong>Base de datos<\/strong>: Conjunto organizado de datos personales que sea objeto de Tratamiento.<br \/>\n<strong>Dato personal<\/strong>: Cualquier informaci\u00f3n vinculada o que pueda asociarse a una o varias personas naturales determinadas o determinables.<br \/>\n<strong>Encargado del tratamiento<\/strong>: Persona natural o jur\u00eddica, p\u00fablica o privada, que por s\u00ed misma o en asocio con otros, realice el tratamiento de datos personales por cuenta del responsable del tratamiento.<br \/>\n<strong>Responsable del tratamiento<\/strong>: Persona natural o jur\u00eddica, p\u00fablica o privada, que por s\u00ed misma o en asocio con otros, decida sobre la base de datos y\/o el tratamiento de los datos.<br \/>\n<strong>Titular<\/strong>: Persona natural cuyos datos personales sean objeto de tratamiento.<br \/>\n<strong>Tratamiento<\/strong>: Cualquier operaci\u00f3n o conjunto de operaciones sobre datos personales, tales como la recolecci\u00f3n, almacenamiento, uso, circulaci\u00f3n o supresi\u00f3n.<\/p>\n<p><strong>RESPONSABLE DEL TRATAMIENTO DE DATOS PERSONALES<\/strong><\/p>\n<p>El responsable del tratamiento de sus datos personales es ECONOMIC AND BUSINESS REPORT SAS, identificada con Nit: 830050620-1, con sede principal en la Cll 95 71-11 \u00a0de Bogot\u00e1 D.C, Portales Web: www.ecobusiness.in,\u00a0<u>www.agenciapyme.com<\/u>, celular 3108174510, 3143424937. C\u00f3digo Postal 111121<\/p>\n<p><strong>FINALIDAD DE LOS DATOS PERSONALES<\/strong><\/p>\n<p>ECONOMIC AND BUSINESS REPORT SAS, tiene una base de datos con informaci\u00f3n de empresas y sus gerentes, sus n\u00fameros de contactos, direcciones, productos y servicios que comercializan.<\/p>\n<p>Dentro del \u00e1mbito de los derechos a la intimidad, al buen nombre, la imagen y dem\u00e1s garant\u00edas Constitucionales, ECONOMIC AND BUSINESS REPORT SAS utiliza los datos personales que el titular de datos registr\u00f3 en llamadas o envi\u00f3 en correos electr\u00f3nicos.<\/p>\n<p>Adicionalmente, ECONOMIC AND BUSINESS REPORT SAS utiliza datos de contacto de la compa\u00f1\u00eda: tel\u00e9fonos (oficina y m\u00f3vil), correo electr\u00f3nico, cargo, nombre e identificaci\u00f3n de la empresa, direcci\u00f3n, tel\u00e9fonos, correos electr\u00f3nicos e informaci\u00f3n de productos y servicios adem\u00e1s de precios de cada uno.<\/p>\n<p>La recolecci\u00f3n de datos personales y su tratamiento automatizado tienen como finalidad publicar sus noticias en internet, para enviar newsletters y ponerlos como contacto en la secci\u00f3n, \u00a0la tienda virtual,(CENTRO DE NEGOCIOS) adem\u00e1s de otras actividades \u00a0que \u00a0ECONOMIC AND BUSINESS REPORT SAS requiera. As\u00ed las cosas, los datos personales son utilizados exclusivamente por las \u00e1reas de comercial y administrativa.<\/p>\n<p><strong>EJERCICIO DE LOS DERECHOS DEL TITULAR DE LOS DATOS PERSONALES PARA CONOCER, ACTUALIZAR, RECTIFICAR Y SUPRIMIR SU INFORMACI\u00d3N.<\/strong><\/p>\n<p>El usuario podr\u00e1 ejercer su derecho a conocer, actualizar, rectificar y suprimir los datos personales que haya suministrado a ECONOMIC AND BUSINESS REPORT SAS, radicando una comunicaci\u00f3n, a trav\u00e9s de los siguientes medios:<br \/>\nCorreo electr\u00f3nico:comunicaciones@agenciapyme.com, \u00a0ecobusiness@ecobusiness.in<br \/>\nDe conformidad con lo dispuesto en el Art\u00edculo 20 del Decreto 1377 de 2013, los derechos de los titulares establecidos en la Ley, podr\u00e1n ejercerse por:<\/p>\n<ul>\n<li>El Titular, quien deber\u00e1 acreditar su identidad en forma suficiente por los distintos medios que le ponga a disposici\u00f3n el responsable.<\/li>\n<li>Por sus causahabientes, quienes deber\u00e1n acreditar tal calidad.<\/li>\n<li>Por el representante y\/o apoderado del Titular, previa acreditaci\u00f3n de la<\/li>\n<li>representaci\u00f3n o apoderamiento.<\/li>\n<li>Por estipulaci\u00f3n a favor de otro o para otro.<\/li>\n<\/ul>\n<p>La petici\u00f3n o derecho que ejercita el titular de los datos personales, debe contener, nombre y apellidos del usuario y los datos de contacto para recibir notificaciones.<br \/>\nEste derecho se podr\u00e1 ejercer, entre otros, frente a datos parciales, inexactos, incompletos, fraccionados, que induzcan a error, o aquellos cuyo tratamiento est\u00e9 expresamente prohibido o no haya sido autorizado por su titular.<br \/>\nEl titular de los datos personales podr\u00e1 solicitar a ECONOMIC AND BUSINESS REPORT SAS copia de los datos que posee sobre el mismo, Asimismo, ECONOMIC AND BUSINESS REPORT SAS actualizar\u00e1, rectificar\u00e1 o eliminar\u00e1 los datos cuando \u00e9stos resulten inexactos, incompletos o hayan dejado de ser necesarios o pertinentes para la finalidad inicial.<\/p>\n<p>En cumplimiento de lo anterior, se establece el siguiente procedimiento:<\/p>\n<p><strong>TR\u00c1MITE DE LAS CONSULTAS Y RECLAMOS FORMULADOS<\/strong><\/p>\n<p><strong>Consultas<\/strong>:<br \/>\nLos titulares o sus causahabientes podr\u00e1n consultar la informaci\u00f3n personal del titular que repose en cualquier base de datos de ECONOMIC AND BUSINESS REPORT SAS. La empresa suministrar\u00e1 a estos toda la informaci\u00f3n contenida en el registro individual o que est\u00e9 vinculada con la identificaci\u00f3n del titular. La consulta se formular\u00e1 por escrito, siempre y cuando sea el titular de los datos.<br \/>\nLa consulta ser\u00e1 atendida en un t\u00e9rmino de diez (10) d\u00edas h\u00e1biles contados a partir de la fecha de recibo de la misma. Cuando no fuere posible atender la consulta dentro de dicho t\u00e9rmino, se informar\u00e1 al interesado, expresando los motivos de la demora y se\u00f1alando la fecha en que se atender\u00e1 su consulta, la cual en ning\u00fan caso podr\u00e1 superar los cinco (5) d\u00edas h\u00e1biles siguientes al vencimiento del primer t\u00e9rmino.<\/p>\n<p><strong>Reclamos<\/strong>:<br \/>\nEl titular o sus causahabientes que consideren que la informaci\u00f3n contenida en una base de datos de ECONOMIC AND BUSINESS REPORT SAS debe ser objeto de correcci\u00f3n, actualizaci\u00f3n o supresi\u00f3n, podr\u00e1n presentar un reclamo ante ECONOMIC AND BUSINESS REPORT SAS el cual ser\u00e1 tramitado bajo las siguientes reglas:<br \/>\nEl reclamo se formular\u00e1 mediante solicitud dirigida a ECONOMIC AND BUSINESS REPORT SAS, con la siguiente informaci\u00f3n:<\/p>\n<ul>\n<li>Identificaci\u00f3n del Titular<\/li>\n<li>La descripci\u00f3n de los hechos que dan lugar al reclamo<\/li>\n<li>La direcci\u00f3n, y acompa\u00f1ando los documentos que se quiera hacer valer<\/li>\n<\/ul>\n<p>Si el reclamo resulta incompleto, se requerir\u00e1 al interesado dentro de los cinco (5) d\u00edas siguientes a la recepci\u00f3n del reclamo para que subsane las fallas. Transcurridos dos (2) meses desde la fecha del requerimiento, sin que el solicitante presente la informaci\u00f3n requerida, se entender\u00e1 que ha desistido del reclamo. En caso de que quien reciba el reclamo no sea competente para resolverlo, dar\u00e1 traslado a quien corresponda en un t\u00e9rmino m\u00e1ximo de dos (2) d\u00edas h\u00e1biles e informar\u00e1 de la situaci\u00f3n al interesado.<br \/>\nUna vez recibido el reclamo completo, el mismo se gestionar\u00e1 en un t\u00e9rmino no mayor a quince (15) d\u00edas h\u00e1biles contados a partir del d\u00eda siguiente a la fecha de su recibo. Cuando no fuere posible atender el reclamo dentro de dicho t\u00e9rmino, se informar\u00e1 al interesado los motivos por los cuales ECONOMIC AND BUSINESS REPORT SAS no ha podido culminar el tr\u00e1mite y la fecha en que se atender\u00e1 su reclamo, la cual en ning\u00fan caso podr\u00e1 superar los ocho (8) d\u00edas h\u00e1biles siguientes al vencimiento del primer t\u00e9rmino.<\/p>\n<p><strong>DEBERES COMO ENCARGADO DEL TRATAMIENTO<\/strong><\/p>\n<p>ECONOMIC AND BUSINESS REPORT SAS, se encarga directamente del tratamiento y custodia de los Datos Personales captados y almacenados, para lo cual exigir\u00e1 al encargado la atenci\u00f3n e implementaci\u00f3n de las pol\u00edticas y procedimientos id\u00f3neos para la protecci\u00f3n de los datos personales y la estricta confidencialidad de los mismos, de acuerdo con lo dispuesto en el art\u00edculo 18 de la Ley 1581 de 2012.<\/p>\n<p><strong>DATOS SENSIBLES<\/strong><\/p>\n<p>Para efectos de la Ley de protecci\u00f3n de datos personales y de las presentes pol\u00edticas de tratamiento de datos personales, se entiende por datos sensibles aquellos relacionados con la intimidad del titular, tales como aquellos que revelen el origen racial o \u00e9tnico, la orientaci\u00f3n pol\u00edtica, las convicciones religiosas o filos\u00f3ficas, la pertenencia a sindicatos, organizaciones sociales, de derechos humanos o que promueva intereses de cualquier partido pol\u00edtico o que garanticen los derechos y garant\u00edas de partidos pol\u00edticos de oposici\u00f3n as\u00ed como los datos relativos a la salud, a la vida sexual y los datos biom\u00e9tricos. ECONOMIC AND BUSINESS REPORT SAS, reitera su car\u00e1cter apol\u00edtico, as\u00ed como que se trata de una entidad sin orientaciones religiosas o \u00e9tnicas excluyentes. Sin embargo, el titular de la informaci\u00f3n personal, no est\u00e1 obligado a suministrar datos sensibles, por lo tanto cualquier solicitud de los mismos requerir\u00e1 autorizaci\u00f3n expresa.<\/p>\n<p>Los datos personales que reposen en las bases de datos de ECONOMIC AND BUSINESS REPORT SAS, corresponden \u00fanica y exclusivamente a mayores de edad.<\/p>\n<p><strong>TERCEROS<\/strong><\/p>\n<p>Las bases de datos o archivos NO ser\u00e1n suministrados a terceros, salvo expresa autorizaci\u00f3n del titular, o en los casos previstos en la Ley. La transferencia y\/o uso compartido de datos con terceros, se refiere \u00fanica y exclusivamente a los fines correspondientes de concretar nuevos negocios al poner en contacto a los usuarios compradores de la tienda virtual (CENTRO DE NEGOCIOS) de la p\u00e1gina web www.agenciapyme.com, con los usuarios vendedores.<\/p>\n<p><strong>MEDIDAS DE SEGURIDAD ADOPTADAS CON RELACI\u00d3N AL TRATAMIENTO DE DATOS PERSONALES<\/strong><\/p>\n<p>ECONOMIC AND BUSINESS REPORT SAS informa a los titulares de los datos personales que ha adoptado las medidas t\u00e9cnicas, humanas y administrativas necesarias para garantizar la seguridad y confidencialidad de los datos y para evitar su alteraci\u00f3n, p\u00e9rdida, consulta, uso o acceso no autorizado. Los datos personales que el titular de la informaci\u00f3n suministre a ECONOMIC AND BUSINESS REPORT SAS, bajo cualquier medio, tales como el nombre, nombre de empresa, direcci\u00f3n, tel\u00e9fono, correo electr\u00f3nico, productos, servicios y precios ser\u00e1n administrados de forma confidencial, con las debidas garant\u00edas constitucionales, legales y dem\u00e1s normas aplicables a la protecci\u00f3n de datos personales.<br \/>\nLa informaci\u00f3n ser\u00e1 incorporada en las diferentes bases de datos que maneja ECONOMIC AND BUSINESS REPORT SAS, y cuya responsabilidad y manejo est\u00e1 a cargo de ECONOMIC AND BUSINESS REPORT SAS.<br \/>\nECONOMIC AND BUSINESS REPORT SAS cuenta con protocolos de seguridad y acceso a nuestros sistemas de informaci\u00f3n, el acceso a las diferentes bases de datos se encuentra restringido incluso para nuestros colaboradores. Por lo anterior, la Empresa otorgar\u00e1 las garant\u00edas y asumir\u00e1 las obligaciones o responsabilidades por p\u00e9rdida o sustracci\u00f3n de informaci\u00f3n de su sistema inform\u00e1tico \u00fanicamente cuando por negligencia o dolo, un tercero no autorizado acceda a la informaci\u00f3n, y procurar\u00e1 de manera diligente y prudente la seguridad de la informaci\u00f3n en medio digital o f\u00edsico.<\/p>\n<p><strong>ACEPTACI\u00d3N DE LAS PRESENTES POL\u00cdTICAS<\/strong><\/p>\n<p>El titular de los datos personales declara que ha le\u00eddo y acepta la presente Pol\u00edtica de Tratamiento de datos Personales de ECONOMIC AND BUSINESS REPORT SAS,. Teniendo en cuenta que existe una relaci\u00f3n recurrente entre los titulares de los datos personales.<\/p>\n<p><strong>VIGENCIA DE LAS POL\u00cdTICAS DE TRATAMIENTO DE DATOS PERSONALES.<\/strong><\/p>\n<p>La presente pol\u00edtica de tratamiento de datos personales estar\u00e1 vigente a partir de su publicaci\u00f3n y durante el tiempo en que ECONOMIC AND BUSINESS REPORT SAS, ejerza las actividades propias de su objeto social.<\/p>\n<p><strong>CONTACTO CON EL RESPONSABLE<\/strong><\/p>\n<p>Para cualquier informaci\u00f3n relativa a esta Pol\u00edtica de protecci\u00f3n de datos, puede enviar comunicaci\u00f3n a ECONOMIC AND BUSINESS REPORT SAS,. Correos electr\u00f3nicos: comunicaciones@agenciapyme.com, \u00a0<a href=\"mailto:ecobusiness@ecobusiness.in\">ecobusiness@ecobusiness.in<\/a> \u00a0El presente manual rige a partir de su publicaci\u00f3n en los sitios web de ECONOMIC AND BUSINESS REPORT SAS.<\/p>\n","protected":false},"excerpt":{"rendered":"<p>Pol\u00edtica de manejo de datos Economic and Business Report SAS INTRODUCCI\u00d3N Con fundamento en la Ley Estatutaria 1581 de 2012&hellip;<\/p>\n","protected":false},"author":1,"featured_media":0,"parent":0,"menu_order":0,"comment_status":"closed","ping_status":"closed","template":"","meta":{"jetpack_post_was_ever_published":false,"footnotes":""},"class_list":["post-556","page","type-page","status-publish","hentry"],"jetpack_sharing_enabled":true,"jetpack_shortlink":"https:\/\/wp.me\/P97GfD-8Y","_links":{"self":[{"href":"https:\/\/www.agenciapyme.com\/centrodenegocios\/wp-json\/wp\/v2\/pages\/556","targetHints":{"allow":["GET"]}}],"collection":[{"href":"https:\/\/www.agenciapyme.com\/centrodenegocios\/wp-json\/wp\/v2\/pages"}],"about":[{"href":"https:\/\/www.agenciapyme.com\/centrodenegocios\/wp-json\/wp\/v2\/types\/page"}],"author":[{"embeddable":true,"href":"https:\/\/www.agenciapyme.com\/centrodenegocios\/wp-json\/wp\/v2\/users\/1"}],"replies":[{"embeddable":true,"href":"https:\/\/www.agenciapyme.com\/centrodenegocios\/wp-json\/wp\/v2\/comments?post=556"}],"version-history":[{"count":4,"href":"https:\/\/www.agenciapyme.com\/centrodenegocios\/wp-json\/wp\/v2\/pages\/556\/revisions"}],"predecessor-version":[{"id":581,"href":"https:\/\/www.agenciapyme.com\/centrodenegocios\/wp-json\/wp\/v2\/pages\/556\/revisions\/581"}],"wp:attachment":[{"href":"https:\/\/www.agenciapyme.com\/centrodenegocios\/wp-json\/wp\/v2\/media?parent=556"}],"curies":[{"name":"wp","href":"https:\/\/api.w.org\/{rel}","templated":true}]}}